{"id":36,"date":"2023-08-30T13:11:38","date_gmt":"2023-08-30T16:11:38","guid":{"rendered":"https:\/\/iesoc.edu.ar\/cedepec\/?page_id=36"},"modified":"2023-10-10T15:26:04","modified_gmt":"2023-10-10T18:26:04","slug":"inicio","status":"publish","type":"page","link":"https:\/\/iesoc.edu.ar\/cedepec\/","title":{"rendered":"Inicio"},"content":{"rendered":"\n<h2 class=\"wp-block-heading has-black-color has-text-color\">Acerca del CEDEPEC<\/h2>\n\n\n\n<p>El <strong>Centro de Documentaci\u00f3n y Estudio En Pedagog\u00eda Cossettini <\/strong>(<strong>CEDEPEC<\/strong>) tiene como prop\u00f3sisto realizar actividades de documentaci\u00f3n e informaci\u00f3n pedag\u00f3gicas. Estas actividades abarcan un extenso campo en dos sentidos:<br><strong>a) <\/strong>Un primer aspecto de la documentaci\u00f3n pedag\u00f3gica consiste en reunir, utilizar y difundir documentos sobre la experiencia mencionada en el marco de historia de la educaci\u00f3n argentina y latinoamericana, compilando una documentaci\u00f3n sobre la ense\u00f1anza cossettiniana. En este punto las c\u00e1tedras de\u201d Historia de la educaci\u00f3n \u201cde los diferentes profesorados, as\u00ed como el Profesorado en Ciencias de la Educaci\u00f3n con sus docentes, estudiantes y graduados podr\u00edan contribuir en esta tarea.<\/p>\n\n\n\n<p><strong>b)<\/strong> El segundo aspecto de la documentaci\u00f3n pedag\u00f3gica tiene por objeto reunir, comunicar y producir documentos \u00fatiles para el maestro, e indirectamente para el alumno en clave cossettini, o sea una documentaci\u00f3n para la ense\u00f1anza. En ese sentido la apertura a trabajar con las c\u00e1tedras de \u201cPedagog\u00eda\u201d y \u201cDid\u00e1ctica general\u201d de las distintas carreras podr\u00eda ser un espacio para comprometer a los estudiantes en el conocimiento de este legado.<\/p>\n\n\n\n<p>En s\u00edntesis, se propone:<\/p>\n\n\n\n<ul class=\"wp-block-list\">\n<li>Seleccionar, analizar, recuperar y difundir la informaci\u00f3n y documentaci\u00f3n sobre la experiencia Cossettini.<\/li>\n\n\n\n<li>Generar espacios de intercambio, profundizaci\u00f3n de temas y de reflexi\u00f3n como \u00e1mbito permanente de formaci\u00f3n y capacitaci\u00f3n en la instituci\u00f3n y en las escuelas asociadas en clave Cossettini.<\/li>\n\n\n\n<li>Favorecer la investigaci\u00f3n y la actualizaci\u00f3n bibliogr\u00e1fica y metodol\u00f3gica.<\/li>\n\n\n\n<li>Utilizar las nuevas tecnolog\u00edas para realizar el tratamiento de la informaci\u00f3n y para el acceso en l\u00ednea a otras bases de datos y documentos electr\u00f3nicos.<\/li>\n\n\n\n<li>Acompa\u00f1ar la din\u00e1mica institucional del IES 28 \u201cOlga Cossettini\u201d en la formaci\u00f3n de los futuros docentes y la capacitaci\u00f3n continua de profesores y graduados.<\/li>\n<\/ul>\n\n\n<ul class=\"wp-block-latest-posts__list is-grid columns-3 has-dates wp-block-latest-posts\"><li><div class=\"wp-block-latest-posts__featured-image\"><a href=\"https:\/\/iesoc.edu.ar\/cedepec\/experiencia-de-la-escuela-serena\/\" aria-label=\"La experiencia de la Escuela Serena\"><img loading=\"lazy\" decoding=\"async\" width=\"843\" height=\"176\" src=\"https:\/\/iesoc.edu.ar\/cedepec\/wp-content\/uploads\/sites\/9\/2024\/12\/experienciaES-e1734217835769-1024x214.jpg\" class=\"attachment-large size-large wp-post-image\" alt=\"\" style=\"\" srcset=\"https:\/\/iesoc.edu.ar\/cedepec\/wp-content\/uploads\/sites\/9\/2024\/12\/experienciaES-e1734217835769-1024x214.jpg 1024w, https:\/\/iesoc.edu.ar\/cedepec\/wp-content\/uploads\/sites\/9\/2024\/12\/experienciaES-e1734217835769-300x63.jpg 300w, https:\/\/iesoc.edu.ar\/cedepec\/wp-content\/uploads\/sites\/9\/2024\/12\/experienciaES-e1734217835769-768x160.jpg 768w, https:\/\/iesoc.edu.ar\/cedepec\/wp-content\/uploads\/sites\/9\/2024\/12\/experienciaES-e1734217835769-18x4.jpg 18w, https:\/\/iesoc.edu.ar\/cedepec\/wp-content\/uploads\/sites\/9\/2024\/12\/experienciaES-e1734217835769.jpg 1280w\" sizes=\"auto, (max-width: 843px) 100vw, 843px\" \/><\/a><\/div><a class=\"wp-block-latest-posts__post-title\" href=\"https:\/\/iesoc.edu.ar\/cedepec\/experiencia-de-la-escuela-serena\/\">La experiencia de la Escuela Serena<\/a><time datetime=\"2024-12-14T20:02:17-03:00\" class=\"wp-block-latest-posts__post-date\">14 diciembre, 2024<\/time><div class=\"wp-block-latest-posts__post-excerpt\">Te invitamos a explorar las huellas del legado Cossettini en la siguiente presentaci\u00f3n interactiva.<\/div><\/li>\n<li><div class=\"wp-block-latest-posts__featured-image\"><a href=\"https:\/\/iesoc.edu.ar\/cedepec\/el-cedepec-incorpora-nuevo-material\/\" aria-label=\"El CEDEPEC incorpora nuevo material\"><img loading=\"lazy\" decoding=\"async\" width=\"843\" height=\"472\" src=\"https:\/\/iesoc.edu.ar\/cedepec\/wp-content\/uploads\/sites\/9\/2024\/11\/cdpec_n_-1024x573.jpg\" class=\"attachment-large size-large wp-post-image\" alt=\"\" style=\"\" srcset=\"https:\/\/iesoc.edu.ar\/cedepec\/wp-content\/uploads\/sites\/9\/2024\/11\/cdpec_n_-1024x573.jpg 1024w, https:\/\/iesoc.edu.ar\/cedepec\/wp-content\/uploads\/sites\/9\/2024\/11\/cdpec_n_-300x168.jpg 300w, https:\/\/iesoc.edu.ar\/cedepec\/wp-content\/uploads\/sites\/9\/2024\/11\/cdpec_n_-768x430.jpg 768w, https:\/\/iesoc.edu.ar\/cedepec\/wp-content\/uploads\/sites\/9\/2024\/11\/cdpec_n_-18x10.jpg 18w, https:\/\/iesoc.edu.ar\/cedepec\/wp-content\/uploads\/sites\/9\/2024\/11\/cdpec_n_.jpg 1108w\" sizes=\"auto, (max-width: 843px) 100vw, 843px\" \/><\/a><\/div><a class=\"wp-block-latest-posts__post-title\" href=\"https:\/\/iesoc.edu.ar\/cedepec\/el-cedepec-incorpora-nuevo-material\/\">El CEDEPEC incorpora nuevo material<\/a><time datetime=\"2024-11-21T15:45:27-03:00\" class=\"wp-block-latest-posts__post-date\">21 noviembre, 2024<\/time><div class=\"wp-block-latest-posts__post-excerpt\">El material incorporado constituye un valioso registro hist\u00f3rico, compuesto por cuadernos personales en los que Leticia Cossettini fue consignando meticulosamente sus reflexiones sobre diversos acontecimientos que capturaron su atenci\u00f3n. Su&hellip;<\/div><\/li>\n<li><div class=\"wp-block-latest-posts__featured-image\"><a href=\"https:\/\/iesoc.edu.ar\/cedepec\/ciclo-de-lectura\/\" aria-label=\"Ciclo de lectura de la obra cossettiniana\"><img loading=\"lazy\" decoding=\"async\" width=\"843\" height=\"841\" src=\"https:\/\/iesoc.edu.ar\/cedepec\/wp-content\/uploads\/sites\/9\/2024\/08\/ciclo_1-1024x1022.jpeg\" class=\"attachment-large size-large wp-post-image\" alt=\"\" style=\"\" srcset=\"https:\/\/iesoc.edu.ar\/cedepec\/wp-content\/uploads\/sites\/9\/2024\/08\/ciclo_1-1024x1022.jpeg 1024w, https:\/\/iesoc.edu.ar\/cedepec\/wp-content\/uploads\/sites\/9\/2024\/08\/ciclo_1-300x300.jpeg 300w, https:\/\/iesoc.edu.ar\/cedepec\/wp-content\/uploads\/sites\/9\/2024\/08\/ciclo_1-150x150.jpeg 150w, https:\/\/iesoc.edu.ar\/cedepec\/wp-content\/uploads\/sites\/9\/2024\/08\/ciclo_1-768x767.jpeg 768w, https:\/\/iesoc.edu.ar\/cedepec\/wp-content\/uploads\/sites\/9\/2024\/08\/ciclo_1-12x12.jpeg 12w, https:\/\/iesoc.edu.ar\/cedepec\/wp-content\/uploads\/sites\/9\/2024\/08\/ciclo_1.jpeg 1080w\" sizes=\"auto, (max-width: 843px) 100vw, 843px\" \/><\/a><\/div><a class=\"wp-block-latest-posts__post-title\" href=\"https:\/\/iesoc.edu.ar\/cedepec\/ciclo-de-lectura\/\">Ciclo de lectura de la obra cossettiniana<\/a><time datetime=\"2024-08-06T14:19:24-03:00\" class=\"wp-block-latest-posts__post-date\">6 agosto, 2024<\/time><div class=\"wp-block-latest-posts__post-excerpt\">El Centro de Documentaci\u00f3n y Estudio en Pedagog\u00eda Cossettini (CeDEPeC) invita a la comunidad educativa del IES N\u00b0 28 y a la comunidad en general, a participar del encuentro primer&hellip;<\/div><\/li>\n<\/ul>","protected":false},"excerpt":{"rendered":"<p>Acerca del CEDEPEC El Centro de Documentaci\u00f3n y Estudio En Pedagog\u00eda Cossettini (CEDEPEC) tiene como prop\u00f3sisto realizar actividades de documentaci\u00f3n e informaci\u00f3n pedag\u00f3gicas. Estas actividades&hellip;<\/p>\n","protected":false},"author":1,"featured_media":0,"parent":0,"menu_order":0,"comment_status":"closed","ping_status":"closed","template":"","meta":{"footnotes":""},"class_list":["post-36","page","type-page","status-publish","hentry"],"featured_image_src":null,"_links":{"self":[{"href":"https:\/\/iesoc.edu.ar\/cedepec\/wp-json\/wp\/v2\/pages\/36","targetHints":{"allow":["GET"]}}],"collection":[{"href":"https:\/\/iesoc.edu.ar\/cedepec\/wp-json\/wp\/v2\/pages"}],"about":[{"href":"https:\/\/iesoc.edu.ar\/cedepec\/wp-json\/wp\/v2\/types\/page"}],"author":[{"embeddable":true,"href":"https:\/\/iesoc.edu.ar\/cedepec\/wp-json\/wp\/v2\/users\/1"}],"replies":[{"embeddable":true,"href":"https:\/\/iesoc.edu.ar\/cedepec\/wp-json\/wp\/v2\/comments?post=36"}],"version-history":[{"count":21,"href":"https:\/\/iesoc.edu.ar\/cedepec\/wp-json\/wp\/v2\/pages\/36\/revisions"}],"predecessor-version":[{"id":276,"href":"https:\/\/iesoc.edu.ar\/cedepec\/wp-json\/wp\/v2\/pages\/36\/revisions\/276"}],"wp:attachment":[{"href":"https:\/\/iesoc.edu.ar\/cedepec\/wp-json\/wp\/v2\/media?parent=36"}],"curies":[{"name":"wp","href":"https:\/\/api.w.org\/{rel}","templated":true}]}}