{"id":121,"date":"2020-06-03T15:31:04","date_gmt":"2020-06-03T18:31:04","guid":{"rendered":"http:\/\/iesoc.edu.ar\/genero\/?page_id=121"},"modified":"2021-08-02T11:18:25","modified_gmt":"2021-08-02T14:18:25","slug":"recursos","status":"publish","type":"page","link":"https:\/\/iesoc.edu.ar\/genero\/recursos\/","title":{"rendered":"Recursos"},"content":{"rendered":"\n<h3 class=\"wp-block-heading\">Enlaces<\/h3>\n\n\n\n<div class=\"wp-block-ugb-icon-list ugb-icon-list ugb-icon--icon-arrow ugb-cfb2ae7 ugb-icon-list--v2 ugb-main-block\"><style>.ugb-cfb2ae7 li{--icon-size:28px !important}.ugb-cfb2ae7 li::before{width:28px !important;height:28px !important;background-image:url('data:image\/svg+xml;base64,PHN2ZyB2aWV3Qm94PSIwIDAgMTk0IDE5NCIgeG1sbnM9Imh0dHA6Ly93d3cudzMub3JnLzIwMDAvc3ZnIiBzdHlsZT0iZmlsbDogI2EyMzM5MSAhaW1wb3J0YW50OyBjb2xvcjogI2EyMzM5MSAhaW1wb3J0YW50Ij48cGF0aCBkPSJNOTYuOSAyYy01Mi40IDAtOTUgNDIuNi05NSA5NXM0Mi42IDk1IDk1IDk1IDk1LTQyLjYgOTUtOTUtNDIuNi05NS05NS05NXpNNzguMiAxNTAuNGwtMTAuNi0xMC42TDExMC4zIDk3IDY3LjYgNTQuMmwxMC42LTEwLjZMMTMxLjUgOTdsLTUzLjMgNTMuNHoiIGZpbGw9IiNhMjMzOTEiIHN0cm9rZT0iI2EyMzM5MSIgc3R5bGU9ImZpbGw6IHJnYigxNjIsIDUxLCAxNDUpOyBzdHJva2U6IHJnYigxNjIsIDUxLCAxNDUpOyIvPjwvc3ZnPg==')}.ugb-cfb2ae7.ugb-icon-list ul{columns:2}<\/style><div class=\"ugb-inner-block\"><div class=\"ugb-block-content\"><ul><li><a rel=\"noreferrer noopener\" href=\"https:\/\/www.argentina.gob.ar\/educacion\/esi\" target=\"_blank\">Programa Nacional de Educaci\u00f3n Sexual Integral (ESI)<\/a><\/li><li><a rel=\"noreferrer noopener\" href=\"https:\/\/padlet.com\/AsambleaESIRosario\/kenejlhytns8\" target=\"_blank\">Recursero Virtual &#8211; Educaci\u00f3n Sexual Integral<\/a><\/li><li><a rel=\"noreferrer noopener\" href=\"https:\/\/plataformaeducativa.santafe.edu.ar\/moodle\/enrol\/index.php?id=6504\" target=\"_blank\">&#8220;De ESI se habla&#8221;, AULA ABIERTA<\/a><\/li><li><a rel=\"noreferrer noopener\" href=\"https:\/\/www.argentina.gob.ar\/noticias\/nuevo-protocolo-de-actuacion-en-casos-de-violencia-de-genero\" target=\"_blank\">Nuevo protocolo de actuaci\u00f3n en casos de violencia de g\u00e9nero<\/a><\/li><li><a rel=\"noreferrer noopener\" href=\"https:\/\/www.huesped.org.ar\/que-hacemos\/formacion-continua\/ehuesped\/curso-esi\/\" target=\"_blank\">Curso ESI &#8211; FUNDACI\u00d3N HU\u00c9SPED<\/a><\/li><li><a rel=\"noreferrer noopener\" href=\"http:\/\/www.salud.gob.ar\/dels\/entradas\/el-derecho-la-educacion-sexual-integral-esi\" target=\"_blank\">El derecho a la educaci\u00f3n sexual integral (ESI)<\/a><\/li><li><a rel=\"noreferrer noopener\" href=\"https:\/\/latfem.org\/\" target=\"_blank\">LatFem &#8211; Periodismo feminista<\/a><\/li><li><a rel=\"noreferrer noopener\" href=\"https:\/\/periodicas.com.ar\/\" target=\"_blank\">Peri\u00f3dicas<\/a><\/li><li><a rel=\"noreferrer noopener\" href=\"https:\/\/comunicarigualdad.com.ar\/\" target=\"_blank\">Comunicar Igualdad<\/a><\/li><li><a rel=\"noreferrer noopener\" href=\"https:\/\/economiafeminita.com\/\" target=\"_blank\">Econom\u00eda Femini(s)ta<\/a><\/li><li><a rel=\"noreferrer noopener\" href=\"https:\/\/www.revistasudestada.com.ar\/\" target=\"_blank\">Revista Sudestada<\/a><\/li><li><a rel=\"noreferrer noopener\" href=\"http:\/\/chirimbote.com.ar\/\" target=\"_blank\">Editorial Chirimbote \/\/ Antiprincesas y Antih\u00e9roes<\/a><\/li><li><a rel=\"noreferrer noopener\" href=\"https:\/\/dtv.hcdn.gob.ar\/programas\/punto_genero\" target=\"_blank\">Punto G\u00e9nero<\/a><\/li><li><a rel=\"noreferrer noopener\" href=\"https:\/\/www.argentina.gob.ar\/generos\" target=\"_blank\">Ministerio de las Mujeres, G\u00e9neros y Diversidad<\/a><\/li><li><a rel=\"noreferrer noopener\" href=\"https:\/\/www.facebook.com\/IgualdadyGeneroSantaFe\/\" target=\"_blank\">Secretar\u00eda de Estado de Igualdad y G\u00e9nero de Santa Fe<\/a><\/li><li><a rel=\"noreferrer noopener\" href=\"https:\/\/oig.cepal.org\/es\/laws\/1\/country\/argentina-5\" target=\"_blank\">Leyes de violencia<\/a><\/li><li><a rel=\"noreferrer noopener\" href=\"https:\/\/padlet.com\/generosysexualidades\/Bookmarks\" target=\"_blank\">Recursero virtual colaborativo del IESOC N\u00ba 28 &#8220;Olga Cossettini&#8221;<\/a><\/li><li><a href=\"https:\/\/www.educ.ar\/recursos\/buscar?q=esi&amp;limit_page=100\" target=\"_blank\" rel=\"noreferrer noopener\">Listado de recursos Educ.ar<\/a><\/li><\/ul><\/div><\/div><\/div>\n\n\n\n<h3 class=\"wp-block-heading\">Material de lectura<\/h3>\n\n\n\n<iframe src=\"https:\/\/drive.google.com\/embeddedfolderview?id=13sbJK-a6qwgVNdbtCM3VskSQBf93BWLv#list\" style=\"width:100%; height:300px; border:0;\"><\/iframe>\n\n\n\n<h3 class=\"wp-block-heading\">Videos<\/h3>\n\n\n\n<div class=\"wp-block-ugb-icon-list ugb-icon-list ugb-icon--icon-arrow ugb-5b84b6a ugb-icon-list--v2 ugb-main-block\"><style>.ugb-5b84b6a li{--icon-size:28px !important}.ugb-5b84b6a li::before{width:28px !important;height:28px !important;background-image:url('data:image\/svg+xml;base64,PHN2ZyB2aWV3Qm94PSIwIDAgMTk0IDE5NCIgeG1sbnM9Imh0dHA6Ly93d3cudzMub3JnLzIwMDAvc3ZnIiBzdHlsZT0iZmlsbDogI2EyMzM5MSAhaW1wb3J0YW50OyBjb2xvcjogI2EyMzM5MSAhaW1wb3J0YW50Ij48cGF0aCBkPSJNOTYuOSAyYy01Mi40IDAtOTUgNDIuNi05NSA5NXM0Mi42IDk1IDk1IDk1IDk1LTQyLjYgOTUtOTUtNDIuNi05NS05NS05NXpNNzguMiAxNTAuNGwtMTAuNi0xMC42TDExMC4zIDk3IDY3LjYgNTQuMmwxMC42LTEwLjZMMTMxLjUgOTdsLTUzLjMgNTMuNHoiIGZpbGw9IiNhMjMzOTEiIHN0cm9rZT0iI2EyMzM5MSIgc3R5bGU9ImZpbGw6IHJnYigxNjIsIDUxLCAxNDUpOyBzdHJva2U6IHJnYigxNjIsIDUxLCAxNDUpOyIvPjwvc3ZnPg==')}.ugb-5b84b6a.ugb-icon-list ul{columns:2}<\/style><div class=\"ugb-inner-block\"><div class=\"ugb-block-content\"><ul><li><a rel=\"noreferrer noopener\" href=\"https:\/\/youtu.be\/WGVSxd4P5-4\" target=\"_blank\">Conversatorio virtual junto a la Abogada Feminista Susana Chiarotti<\/a><\/li><li><a href=\"https:\/\/youtu.be\/f8rlgTtQpWI\" target=\"_blank\" rel=\"noreferrer noopener\">Conversatorio: La ESI en la Formaci\u00f3n Docente para el Nivel Secundario<\/a><\/li><\/ul><\/div><\/div><\/div>\n\n\n\n<h2 class=\"wp-block-heading\">Repositorio colaborativo<\/h2>\n\n\n\n<iframe src=\"https:\/\/drive.google.com\/embeddedfolderview?id=1qJm1ekVCADTLWZ1hRuHach_TnYVkbOXf#list\" style=\"width:100%; height:300px; border:0;\"><\/iframe>\n","protected":false},"excerpt":{"rendered":"<p>Enlaces Programa Nacional de Educaci\u00f3n Sexual Integral (ESI) Recursero Virtual &#8211; Educaci\u00f3n Sexual Integral &#8220;De ESI se habla&#8221;, AULA ABIERTA Nuevo protocolo de actuaci\u00f3n en&hellip;<\/p>\n","protected":false},"author":1,"featured_media":0,"parent":0,"menu_order":0,"comment_status":"closed","ping_status":"closed","template":"","meta":{"footnotes":""},"class_list":["post-121","page","type-page","status-publish","hentry"],"featured_image_urls_v2":{"full":"","thumbnail":"","medium":"","medium_large":"","large":"","1536x1536":"","2048x2048":"","trp-custom-language-flag":""},"post_excerpt_stackable_v2":"<p>Enlaces Programa Nacional de Educaci\u00f3n Sexual Integral (ESI)Recursero Virtual &#8211; Educaci\u00f3n Sexual Integral&#8220;De ESI se habla&#8221;, AULA ABIERTANuevo protocolo de actuaci\u00f3n en casos de violencia de g\u00e9neroCurso ESI &#8211; FUNDACI\u00d3N HU\u00c9SPEDEl derecho a la educaci\u00f3n sexual integral (ESI)LatFem &#8211; Periodismo feministaPeri\u00f3dicasComunicar IgualdadEconom\u00eda Femini(s)taRevista SudestadaEditorial Chirimbote \/\/ Antiprincesas y Antih\u00e9roesPunto G\u00e9neroMinisterio de las Mujeres, G\u00e9neros y DiversidadSecretar\u00eda de Estado de Igualdad y G\u00e9nero de Santa FeLeyes de violenciaRecursero virtual colaborativo del IESOC N\u00ba 28 &#8220;Olga Cossettini&#8221;Listado de recursos Educ.ar Material de lectura Videos Conversatorio virtual junto a la Abogada Feminista Susana ChiarottiConversatorio: La ESI en la Formaci\u00f3n Docente para el Nivel&hellip;<\/p>\n","category_list_v2":"","author_info_v2":{"name":"Administrador","url":"https:\/\/iesoc.edu.ar\/genero\/author\/admin\/"},"comments_num_v2":"0 comments","featured_image_src":null,"_links":{"self":[{"href":"https:\/\/iesoc.edu.ar\/genero\/wp-json\/wp\/v2\/pages\/121","targetHints":{"allow":["GET"]}}],"collection":[{"href":"https:\/\/iesoc.edu.ar\/genero\/wp-json\/wp\/v2\/pages"}],"about":[{"href":"https:\/\/iesoc.edu.ar\/genero\/wp-json\/wp\/v2\/types\/page"}],"author":[{"embeddable":true,"href":"https:\/\/iesoc.edu.ar\/genero\/wp-json\/wp\/v2\/users\/1"}],"replies":[{"embeddable":true,"href":"https:\/\/iesoc.edu.ar\/genero\/wp-json\/wp\/v2\/comments?post=121"}],"version-history":[{"count":23,"href":"https:\/\/iesoc.edu.ar\/genero\/wp-json\/wp\/v2\/pages\/121\/revisions"}],"predecessor-version":[{"id":420,"href":"https:\/\/iesoc.edu.ar\/genero\/wp-json\/wp\/v2\/pages\/121\/revisions\/420"}],"wp:attachment":[{"href":"https:\/\/iesoc.edu.ar\/genero\/wp-json\/wp\/v2\/media?parent=121"}],"curies":[{"name":"wp","href":"https:\/\/api.w.org\/{rel}","templated":true}]}}