{"id":30,"date":"2020-06-03T01:44:56","date_gmt":"2020-06-03T04:44:56","guid":{"rendered":"http:\/\/iesoc.edu.ar\/genero\/?page_id=30"},"modified":"2020-06-03T15:06:17","modified_gmt":"2020-06-03T18:06:17","slug":"inicio","status":"publish","type":"page","link":"https:\/\/iesoc.edu.ar\/genero\/","title":{"rendered":"Inicio"},"content":{"rendered":"\n<div class=\"alignfull wp-block-ugb-header ugb-header ugb-3da1be4 ugb-header ugb-header--v3 ugb-header--design-plain ugb-main-block ugb-main-block--inner-wide ugb--has-block-background ugb--has-background-overlay\" id=\"\"><style>.ugb-3da1be4 .ugb-inner-block{text-align:left}.ugb-3da1be4.ugb-header{justify-content:flex-start;background-color:#000000;background-image:url(https:\/\/i0.wp.com\/iesoc.edu.ar\/genero\/wp-content\/uploads\/sites\/7\/2020\/06\/generobck.jpg)}.ugb-3da1be4.ugb-header > .ugb-inner-block{width:70% !important;min-width:auto !important}.ugb-3da1be4.ugb-header:before{background-color:#000000;opacity:0}@media screen and (max-width:1025px){.ugb-3da1be4.ugb-header{justify-content:flex-start}.ugb-3da1be4.ugb-header > .ugb-inner-block{width:75% !important;min-width:auto !important}}@media screen and (max-width:768px){.ugb-3da1be4.ugb-header{justify-content:flex-start}.ugb-3da1be4.ugb-header > .ugb-inner-block{width:90% !important;min-width:auto !important}}<\/style><div class=\"ugb-inner-block\"><div class=\"ugb-block-content\"><div class=\"ugb-header__item\"><div class=\"ugb-content-wrapper\"><\/div><\/div><\/div><\/div><\/div>\n\n\n\n<div style=\"height:40px\" aria-hidden=\"true\" class=\"wp-block-spacer\"><\/div>\n\n\n\n<p>\u00a1Bienvenides!<br>Este es el espacio virtual del <strong>\u00c1rea de G\u00e9neros y Sexualidades<\/strong> del <strong>IES N\u00b0 28 \u201cOlga Cossettini\u201d<\/strong>. Est\u00e1 destinado a la difusi\u00f3n de materiales, herramientas pedag\u00f3gicas, recursos, normativas, noticias y contenidos vinculados a tem\u00e1ticas como educaci\u00f3n sexual integral, violencias de g\u00e9nero, feminismo, masculinidades y diversidad sexual, entre otras.<br>A su vez, tiene como fin proyectar encuentros, formaciones y recibir propuestas de actividades para trabajar sobre la transversalizaci\u00f3n de la perspectiva de g\u00e9nero en el Instituto, articulando con les diferentes actores institucionales del <strong>IES N\u00b0 28 \u201cOlga Cossettini\u201d<\/strong>.<\/p>\n\n\n\n<h1 class=\"has-text-align-center wp-block-heading\">\u00daltimas Noticias<\/h1>\n\n\n\n<div class=\"wp-block-ugb-blog-posts ugb-blog-posts ugb-ff111d9 ugb-blog-posts--v2 ugb-blog-posts--design-basic ugb-blog-posts--columns-3 ugb-main-block\" id=\"\"><div class=\"ugb-inner-block\"><div class=\"ugb-block-content\"><article class=\"ugb-blog-posts__item\"><div class=\"ugb-blog-posts__content\"><h3 class=\"ugb-blog-posts__title\"><a href=\"https:\/\/iesoc.edu.ar\/genero\/difundimos-invitacion\/\">Difundimos invitaci\u00f3n<\/a><\/h3><aside class=\"entry-meta ugb-blog-posts__meta\"><time datetime=\"2026-03-10T17:53:31-03:00\" class=\"ugb-blog-posts__date\">10 marzo, 2026<\/time><\/aside><div class=\"ugb-blog-posts__excerpt\"><p>Estimadxs:El Centro Regional Universitario Bariloche de la Universidad Nacional del Comahue, el Programa Institucional de G\u00e9nero del IFDC Bariloche, el Colectivo Mariposas Mirabal (Filo-UBA) y el Grupo Saberes Corporales (FaHCE-UNLP) invitan a participar del X Coloquio Interdisciplinario e Internacional de Educaci\u00f3n, Sexualidades y Relaciones de g\u00e9nero, que se realizar\u00e1 en la ciudad de San Carlos&#8230;<\/div><p class=\"ugb-blog-posts__readmore\"><a href=\"https:\/\/iesoc.edu.ar\/genero\/difundimos-invitacion\/\">Seguir leyendo&#8230;<\/a><\/p><\/div><\/article><article class=\"ugb-blog-posts__item\"><div class=\"ugb-blog-posts__content\"><h3 class=\"ugb-blog-posts__title\"><a href=\"https:\/\/iesoc.edu.ar\/genero\/%f0%9f%8c%bf-8-de-marzo-dia-internacional-de-las-mujeres-trabajadoras\/\">\ud83c\udf3f 8 de marzo | D\u00eda Internacional de las Mujeres Trabajadoras<\/a><\/h3><aside class=\"entry-meta ugb-blog-posts__meta\"><time datetime=\"2026-03-08T08:00:00-03:00\" class=\"ugb-blog-posts__date\">8 marzo, 2026<\/time><\/aside><div class=\"ugb-blog-posts__excerpt\"><p>Desde el \u00c1rea de G\u00e9neros y Sexualidades del ISP N.\u00ba 28 \u201cOlga Cossettini\u201d nos sumamos a una nueva jornada de reflexi\u00f3n, memoria y compromiso colectivo.El 8M nos convoca a reconocer las luchas hist\u00f3ricas de los movimientos de mujeres y diversidades por la igualdad de derechos, la justicia social y una vida libre de violencias. Tambi\u00e9n&#8230;<\/div><p class=\"ugb-blog-posts__readmore\"><a href=\"https:\/\/iesoc.edu.ar\/genero\/%f0%9f%8c%bf-8-de-marzo-dia-internacional-de-las-mujeres-trabajadoras\/\">Seguir leyendo&#8230;<\/a><\/p><\/div><\/article><article class=\"ugb-blog-posts__item\"><div class=\"ugb-blog-posts__content\"><h3 class=\"ugb-blog-posts__title\"><a href=\"https:\/\/iesoc.edu.ar\/genero\/semana-del-orgullo-en-rosario\/\">Semana del Orgullo en Rosario!<\/a><\/h3><aside class=\"entry-meta ugb-blog-posts__meta\"><time datetime=\"2025-10-02T07:21:28-03:00\" class=\"ugb-blog-posts__date\">2 octubre, 2025<\/time><\/aside><div class=\"ugb-blog-posts__excerpt\"><p>Desde el \u00c1rea de G\u00e9neros y Sexualidades del IESOC 28 nos sumamos a la conmemoraci\u00f3n de la\u00a0Semana del Orgullo LGBT+, una fecha profundamente significativa para quienes construimos d\u00eda a d\u00eda una sociedad m\u00e1s justa, libre e igualitaria. Este s\u00e1bado, a partir de las&nbsp;13 horas en Plaza Libertad (Rosario), se llevar\u00e1 a cabo la&nbsp;Marcha del Orgullo,&#8230;<\/div><p class=\"ugb-blog-posts__readmore\"><a href=\"https:\/\/iesoc.edu.ar\/genero\/semana-del-orgullo-en-rosario\/\">Seguir leyendo&#8230;<\/a><\/p><\/div><\/article><article class=\"ugb-blog-posts__item\"><div class=\"ugb-blog-posts__content\"><h3 class=\"ugb-blog-posts__title\"><a href=\"https:\/\/iesoc.edu.ar\/genero\/8-m-2025\/\">8 M &#8211; 2025<\/a><\/h3><aside class=\"entry-meta ugb-blog-posts__meta\"><time datetime=\"2025-03-08T11:11:53-03:00\" class=\"ugb-blog-posts__date\">8 marzo, 2025<\/time><\/aside><div class=\"ugb-blog-posts__excerpt\"><p>El 8 de marzo es un d\u00eda de lucha, reflexi\u00f3n y visibilizaci\u00f3n. Es un momento para reconocer el trabajo incansable de las mujeres a lo largo de la historia y para exigir la igualdad de g\u00e9nero, el respeto y la justicia. Compartimos algunas palabras con las cuales resonar como comunidad educativa en este d\u00eda: Equidad:&#8230;<\/div><p class=\"ugb-blog-posts__readmore\"><a href=\"https:\/\/iesoc.edu.ar\/genero\/8-m-2025\/\">Seguir leyendo&#8230;<\/a><\/p><\/div><\/article><article class=\"ugb-blog-posts__item\"><div class=\"ugb-blog-posts__content\"><h3 class=\"ugb-blog-posts__title\"><a href=\"https:\/\/iesoc.edu.ar\/genero\/el-pasado-4-octubre-se-cumplieron-18-anos-de-la-sancion-de-la-ley-de-esi-26-150-2006\/\">El pasado 4 octubre se cumplieron 18 a\u00f1os de la sanci\u00f3n de la Ley de ESI 26.150 (2006)<\/a><\/h3><aside class=\"entry-meta ugb-blog-posts__meta\"><time datetime=\"2024-10-07T06:44:22-03:00\" class=\"ugb-blog-posts__date\">7 octubre, 2024<\/time><\/aside><div class=\"ugb-blog-posts__excerpt\"><p>Y en esta publicaci\u00f3n, te dejamos voces del OLGA que revindican la importancia que tiene la ESI en la formaci\u00f3n como docentes! Desde ya, agradecemos a todas las voces que se sumaron a participar!! https:\/\/drive.google.com\/file\/d\/1Q3gcAk_kIRTjRY2xQbrzrzjQjbWrOAYL\/view?usp=drive_link<\/p>\n<\/div><p class=\"ugb-blog-posts__readmore\"><a href=\"https:\/\/iesoc.edu.ar\/genero\/el-pasado-4-octubre-se-cumplieron-18-anos-de-la-sancion-de-la-ley-de-esi-26-150-2006\/\">Seguir leyendo&#8230;<\/a><\/p><\/div><\/article><article class=\"ugb-blog-posts__item\"><div class=\"ugb-blog-posts__content\"><h3 class=\"ugb-blog-posts__title\"><a href=\"https:\/\/iesoc.edu.ar\/genero\/desde-el-area-de-generos-y-sexualidades-queremos-acercarles-una-seleccion-de-peliculas-y-series-que-invitan-a-ser-miradas-teniendo-en-cuenta-que-sus-argumentos-pueden-ser-analizados-desde-las-pe\/\">Desde el \u00c1rea de G\u00e9neros y Sexualidades\u00a0queremos acercarles una selecci\u00f3n de pel\u00edculas y series que invitan a ser miradas teniendo en cuenta que, sus argumentos pueden ser analizados desde las perspectivas de educaci\u00f3n sexual integral, g\u00e9nero, feminismos, masculinidades y diversidades sexuales, entre otras.<\/a><\/h3><aside class=\"entry-meta ugb-blog-posts__meta\"><time datetime=\"2024-09-10T07:30:01-03:00\" class=\"ugb-blog-posts__date\">10 septiembre, 2024<\/time><\/aside><div class=\"ugb-blog-posts__excerpt\"><p>Los recursos audiovisuales son tambi\u00e9n herramientas pedag\u00f3gicas que amplian la mirada sobre diferentes tem\u00e1ticas que se encuentran presentes en la sociedad. \u00a1Esperamos que las disfruten! \u00a0\u00a0\u00a0\u00a0\u00a0 Disponible en cine.arUn grupo de adolescentes pasa el tiempo desafiando la autoridad y propagando desorden en un colegio privado. Dami\u00e1n siente presi\u00f3n al participar de los crueles juegos propuestos&#8230;<\/div><p class=\"ugb-blog-posts__readmore\"><a href=\"https:\/\/iesoc.edu.ar\/genero\/desde-el-area-de-generos-y-sexualidades-queremos-acercarles-una-seleccion-de-peliculas-y-series-que-invitan-a-ser-miradas-teniendo-en-cuenta-que-sus-argumentos-pueden-ser-analizados-desde-las-pe\/\">Seguir leyendo&#8230;<\/a><\/p><\/div><\/article><\/div><\/div><\/div>\n","protected":false},"excerpt":{"rendered":"<p>\u00a1Bienvenides!Este es el espacio virtual del \u00c1rea de G\u00e9neros y Sexualidades del IES N\u00b0 28 \u201cOlga Cossettini\u201d. Est\u00e1 destinado a la difusi\u00f3n de materiales, herramientas&hellip;<\/p>\n","protected":false},"author":1,"featured_media":0,"parent":0,"menu_order":0,"comment_status":"closed","ping_status":"closed","template":"","meta":{"footnotes":""},"class_list":["post-30","page","type-page","status-publish","hentry"],"featured_image_urls_v2":{"full":"","thumbnail":"","medium":"","medium_large":"","large":"","1536x1536":"","2048x2048":"","trp-custom-language-flag":""},"post_excerpt_stackable_v2":"<p>\u00a1Bienvenides!Este es el espacio virtual del \u00c1rea de G\u00e9neros y Sexualidades del IES N\u00b0 28 \u201cOlga Cossettini\u201d. Est\u00e1 destinado a la difusi\u00f3n de materiales, herramientas pedag\u00f3gicas, recursos, normativas, noticias y contenidos vinculados a tem\u00e1ticas como educaci\u00f3n sexual integral, violencias de g\u00e9nero, feminismo, masculinidades y diversidad sexual, entre otras.A su vez, tiene como fin proyectar encuentros, formaciones y recibir propuestas de actividades para trabajar sobre la transversalizaci\u00f3n de la perspectiva de g\u00e9nero en el Instituto, articulando con les diferentes actores institucionales del IES N\u00b0 28 \u201cOlga Cossettini\u201d. \u00daltimas Noticias Difundimos invitaci\u00f3n10 marzo, 2026Estimadxs:El Centro Regional Universitario Bariloche de la Universidad Nacional&hellip;<\/p>\n","category_list_v2":"","author_info_v2":{"name":"Administrador","url":"https:\/\/iesoc.edu.ar\/genero\/author\/admin\/"},"comments_num_v2":"0 comments","featured_image_src":null,"_links":{"self":[{"href":"https:\/\/iesoc.edu.ar\/genero\/wp-json\/wp\/v2\/pages\/30","targetHints":{"allow":["GET"]}}],"collection":[{"href":"https:\/\/iesoc.edu.ar\/genero\/wp-json\/wp\/v2\/pages"}],"about":[{"href":"https:\/\/iesoc.edu.ar\/genero\/wp-json\/wp\/v2\/types\/page"}],"author":[{"embeddable":true,"href":"https:\/\/iesoc.edu.ar\/genero\/wp-json\/wp\/v2\/users\/1"}],"replies":[{"embeddable":true,"href":"https:\/\/iesoc.edu.ar\/genero\/wp-json\/wp\/v2\/comments?post=30"}],"version-history":[{"count":12,"href":"https:\/\/iesoc.edu.ar\/genero\/wp-json\/wp\/v2\/pages\/30\/revisions"}],"predecessor-version":[{"id":171,"href":"https:\/\/iesoc.edu.ar\/genero\/wp-json\/wp\/v2\/pages\/30\/revisions\/171"}],"wp:attachment":[{"href":"https:\/\/iesoc.edu.ar\/genero\/wp-json\/wp\/v2\/media?parent=30"}],"curies":[{"name":"wp","href":"https:\/\/api.w.org\/{rel}","templated":true}]}}