{"id":65,"date":"2020-06-03T04:03:18","date_gmt":"2020-06-03T07:03:18","guid":{"rendered":"http:\/\/iesoc.edu.ar\/genero\/?page_id=65"},"modified":"2024-12-10T20:01:32","modified_gmt":"2024-12-10T23:01:32","slug":"contacto","status":"publish","type":"page","link":"https:\/\/iesoc.edu.ar\/genero\/contacto\/","title":{"rendered":"Contacto"},"content":{"rendered":"\n<h2 class=\"wp-block-heading\">\u00c1rea de G\u00e9neros y Sexualidades<\/h2>\n\n\n\n<h4 class=\"wp-block-heading\">Instituto de Educaci\u00f3n Superior N\u00ba 28 &#8211; \u201cOlga Cossettini\u201d<\/h4>\n\n\n\n<p>Sarmiento 2902, S2001SBH<\/p>\n\n\n\n<p>Rosario, Santa Fe, Argentina<\/p>\n\n\n\n<p>Si tiene alguna duda o consulta, escr\u00edbanos por favor a trav\u00e9s del formulario de contacto que se encuentra al pie.<\/p>\n\n\n\n<p>Por alg\u00fan problema o comentarios relacionados con este sitio web, p\u00f3ngase en contacto con el administrador.<\/p>\n\n\n<div class=\"wpforms-container wpforms-container-full\" id=\"wpforms-109\"><form id=\"wpforms-form-109\" class=\"wpforms-validate wpforms-form\" data-formid=\"109\" method=\"post\" enctype=\"multipart\/form-data\" action=\"\/genero\/wp-json\/wp\/v2\/pages\/65\" data-token=\"73296833a59275e726ba0fdecf77fd4f\" data-token-time=\"1776445984\"><noscript class=\"wpforms-error-noscript\">Please enable JavaScript in your browser to complete this form.<\/noscript><div class=\"wpforms-field-container\"><div id=\"wpforms-109-field_0-container\" class=\"wpforms-field wpforms-field-name\" data-field-id=\"0\"><label class=\"wpforms-field-label wpforms-label-hide\" for=\"wpforms-109-field_0\">Apellido y nombre <span class=\"wpforms-required-label\">*<\/span><\/label><div class=\"wpforms-field-row wpforms-field-medium\"><div class=\"wpforms-field-row-block wpforms-first wpforms-one-half\"><input type=\"text\" id=\"wpforms-109-field_0\" class=\"wpforms-field-name-first wpforms-field-required\" name=\"wpforms[fields][0][first]\" placeholder=\"Nombre\" required><label for=\"wpforms-109-field_0\" class=\"wpforms-field-sublabel after wpforms-sublabel-hide\">First<\/label><\/div><div class=\"wpforms-field-row-block wpforms-one-half\"><input type=\"text\" id=\"wpforms-109-field_0-last\" class=\"wpforms-field-name-last wpforms-field-required\" name=\"wpforms[fields][0][last]\" placeholder=\"Apellido\" required><label for=\"wpforms-109-field_0-last\" class=\"wpforms-field-sublabel after wpforms-sublabel-hide\">Last<\/label><\/div><\/div><\/div><div id=\"wpforms-109-field_1-container\" class=\"wpforms-field wpforms-field-email\" data-field-id=\"1\"><label class=\"wpforms-field-label wpforms-label-hide\" for=\"wpforms-109-field_1\">Correo electr\u00f3nico <span class=\"wpforms-required-label\">*<\/span><\/label><input type=\"email\" id=\"wpforms-109-field_1\" class=\"wpforms-field-medium wpforms-field-required\" name=\"wpforms[fields][1]\" placeholder=\"Correo electr\u00f3nico\" spellcheck=\"false\" required><\/div><div id=\"wpforms-109-field_2-container\" class=\"wpforms-field wpforms-field-textarea\" data-field-id=\"2\"><label class=\"wpforms-field-label wpforms-label-hide\" for=\"wpforms-109-field_2\">Mensaje <span class=\"wpforms-required-label\">*<\/span><\/label><textarea id=\"wpforms-109-field_2\" class=\"wpforms-field-medium wpforms-field-required\" name=\"wpforms[fields][2]\" placeholder=\"Mensaje\" required><\/textarea><\/div><\/div><!-- .wpforms-field-container --><div class=\"wpforms-field wpforms-field-hp\"><label for=\"wpforms-109-field-hp\" class=\"wpforms-field-label\">Website<\/label><input type=\"text\" name=\"wpforms[hp]\" id=\"wpforms-109-field-hp\" class=\"wpforms-field-medium\"><\/div><div class=\"wpforms-submit-container\" ><input type=\"hidden\" name=\"wpforms[id]\" value=\"109\"><input type=\"hidden\" name=\"page_title\" value=\"\"><input type=\"hidden\" name=\"page_url\" value=\"https:\/\/iesoc.edu.ar\/genero\/wp-json\/wp\/v2\/pages\/65\"><input type=\"hidden\" name=\"url_referer\" value=\"\"><button type=\"submit\" name=\"wpforms[submit]\" id=\"wpforms-submit-109\" class=\"wpforms-submit\" data-alt-text=\"Enviando...\" data-submit-text=\"Env\u00edar\" aria-live=\"assertive\" value=\"wpforms-submit\">Env\u00edar<\/button><\/div><\/form><\/div>  <!-- .wpforms-container -->\n","protected":false},"excerpt":{"rendered":"<p>\u00c1rea de G\u00e9neros y Sexualidades Instituto de Educaci\u00f3n Superior N\u00ba 28 &#8211; \u201cOlga Cossettini\u201d Sarmiento 2902, S2001SBH Rosario, Santa Fe, Argentina Si tiene alguna duda&hellip;<\/p>\n","protected":false},"author":1,"featured_media":0,"parent":0,"menu_order":0,"comment_status":"closed","ping_status":"closed","template":"","meta":{"footnotes":""},"class_list":["post-65","page","type-page","status-publish","hentry"],"featured_image_urls_v2":{"full":"","thumbnail":"","medium":"","medium_large":"","large":"","1536x1536":"","2048x2048":"","trp-custom-language-flag":""},"post_excerpt_stackable_v2":"<p>\u00c1rea de G\u00e9neros y Sexualidades Instituto de Educaci\u00f3n Superior N\u00ba 28 &#8211; \u201cOlga Cossettini\u201d Sarmiento 2902, S2001SBH Rosario, Santa Fe, Argentina Si tiene alguna duda o consulta, escr\u00edbanos por favor a trav\u00e9s del formulario de contacto que se encuentra al pie. Por alg\u00fan problema o comentarios relacionados con este sitio web, p\u00f3ngase en contacto con el administrador. Please enable JavaScript in your browser to complete this form.Apellido y nombre *FirstLastCorreo electr\u00f3nico *Mensaje *CommentEnv\u00edar<\/p>\n","category_list_v2":"","author_info_v2":{"name":"Administrador","url":"https:\/\/iesoc.edu.ar\/genero\/author\/admin\/"},"comments_num_v2":"0 comments","featured_image_src":null,"_links":{"self":[{"href":"https:\/\/iesoc.edu.ar\/genero\/wp-json\/wp\/v2\/pages\/65","targetHints":{"allow":["GET"]}}],"collection":[{"href":"https:\/\/iesoc.edu.ar\/genero\/wp-json\/wp\/v2\/pages"}],"about":[{"href":"https:\/\/iesoc.edu.ar\/genero\/wp-json\/wp\/v2\/types\/page"}],"author":[{"embeddable":true,"href":"https:\/\/iesoc.edu.ar\/genero\/wp-json\/wp\/v2\/users\/1"}],"replies":[{"embeddable":true,"href":"https:\/\/iesoc.edu.ar\/genero\/wp-json\/wp\/v2\/comments?post=65"}],"version-history":[{"count":6,"href":"https:\/\/iesoc.edu.ar\/genero\/wp-json\/wp\/v2\/pages\/65\/revisions"}],"predecessor-version":[{"id":540,"href":"https:\/\/iesoc.edu.ar\/genero\/wp-json\/wp\/v2\/pages\/65\/revisions\/540"}],"wp:attachment":[{"href":"https:\/\/iesoc.edu.ar\/genero\/wp-json\/wp\/v2\/media?parent=65"}],"curies":[{"name":"wp","href":"https:\/\/api.w.org\/{rel}","templated":true}]}}