{"id":68,"date":"2020-06-03T04:04:35","date_gmt":"2020-06-03T07:04:35","guid":{"rendered":"http:\/\/iesoc.edu.ar\/genero\/?page_id=68"},"modified":"2023-08-16T11:33:16","modified_gmt":"2023-08-16T14:33:16","slug":"acerca-de","status":"publish","type":"page","link":"https:\/\/iesoc.edu.ar\/genero\/acerca-de\/","title":{"rendered":"Acerca de"},"content":{"rendered":"\n<p>Esta web forma parte de la Red de sitios del Instituto de Educaci\u00f3n Superior N\u00ba 28 \u201cOlga Cossettini\u201d. Es administrado y mantenido desde el mismo Instituto.<\/p>\n\n\n\n<h2 class=\"wp-block-heading\">Contactar al administrador<\/h2>\n\n\n\n<p>Si tiene alg\u00fan comentario o sugerencia utilice el formulario de <a href=\"http:\/\/iesoc.edu.ar\/genero\/contacto\/\">contacto<\/a>.&nbsp;De ese modo se enviar\u00e1 su mensaje al administrador.<\/p>\n\n\n\n<h2 class=\"wp-block-heading\">Accesibilidad<\/h2>\n\n\n\n<h3 class=\"wp-block-heading\">Archivos PDF<\/h3>\n\n\n\n<p>Parte de la informaci\u00f3n de este sitio web est\u00e1 en <em>Portable Document Format<\/em> (PDF). Se necesita <strong>Adobe Reader<\/strong> para leer este tipo de archivos. <strong>Adobe Reader<\/strong> se puede descargar gratuitamente desde el sitio web de Adobe.<\/p>\n\n\n\n<h2 class=\"wp-block-heading\">Cr\u00e9ditos<\/h2>\n\n\n\n<p>Este sitio web es desarrollado por este equipo de personas:<\/p>\n\n\n\n<p><strong>Referente del \u00c1rea<\/strong>:<\/p>\n\n\n\n<p>Prof. Mar\u00eda Dolores Covacevich<\/p>\n\n\n\n<p><strong>Desarrollador web:<\/strong><\/p>\n\n\n\n<p>Prof. Gustavo Almir\u00f3n<\/p>\n","protected":false},"excerpt":{"rendered":"<p>Esta web forma parte de la Red de sitios del Instituto de Educaci\u00f3n Superior N\u00ba 28 \u201cOlga Cossettini\u201d. Es administrado y mantenido desde el mismo&hellip;<\/p>\n","protected":false},"author":1,"featured_media":0,"parent":0,"menu_order":0,"comment_status":"closed","ping_status":"closed","template":"","meta":{"footnotes":""},"class_list":["post-68","page","type-page","status-publish","hentry"],"featured_image_urls_v2":{"full":"","thumbnail":"","medium":"","medium_large":"","large":"","1536x1536":"","2048x2048":"","trp-custom-language-flag":""},"post_excerpt_stackable_v2":"<p>Esta web forma parte de la Red de sitios del Instituto de Educaci\u00f3n Superior N\u00ba 28 \u201cOlga Cossettini\u201d. Es administrado y mantenido desde el mismo Instituto. Contactar al administrador Si tiene alg\u00fan comentario o sugerencia utilice el formulario de contacto.&nbsp;De ese modo se enviar\u00e1 su mensaje al administrador. Accesibilidad Archivos PDF Parte de la informaci\u00f3n de este sitio web est\u00e1 en Portable Document Format (PDF). Se necesita Adobe Reader para leer este tipo de archivos. Adobe Reader se puede descargar gratuitamente desde el sitio web de Adobe. Cr\u00e9ditos Este sitio web es desarrollado por este equipo de personas: Referente del&hellip;<\/p>\n","category_list_v2":"","author_info_v2":{"name":"Administrador","url":"https:\/\/iesoc.edu.ar\/genero\/author\/admin\/"},"comments_num_v2":"0 comments","featured_image_src":null,"_links":{"self":[{"href":"https:\/\/iesoc.edu.ar\/genero\/wp-json\/wp\/v2\/pages\/68","targetHints":{"allow":["GET"]}}],"collection":[{"href":"https:\/\/iesoc.edu.ar\/genero\/wp-json\/wp\/v2\/pages"}],"about":[{"href":"https:\/\/iesoc.edu.ar\/genero\/wp-json\/wp\/v2\/types\/page"}],"author":[{"embeddable":true,"href":"https:\/\/iesoc.edu.ar\/genero\/wp-json\/wp\/v2\/users\/1"}],"replies":[{"embeddable":true,"href":"https:\/\/iesoc.edu.ar\/genero\/wp-json\/wp\/v2\/comments?post=68"}],"version-history":[{"count":6,"href":"https:\/\/iesoc.edu.ar\/genero\/wp-json\/wp\/v2\/pages\/68\/revisions"}],"predecessor-version":[{"id":489,"href":"https:\/\/iesoc.edu.ar\/genero\/wp-json\/wp\/v2\/pages\/68\/revisions\/489"}],"wp:attachment":[{"href":"https:\/\/iesoc.edu.ar\/genero\/wp-json\/wp\/v2\/media?parent=68"}],"curies":[{"name":"wp","href":"https:\/\/api.w.org\/{rel}","templated":true}]}}