{"id":545,"date":"2018-06-26T00:07:46","date_gmt":"2018-06-26T03:07:46","guid":{"rendered":"http:\/\/iesoc.edu.ar\/imagenes\/?page_id=545"},"modified":"2023-08-16T11:35:48","modified_gmt":"2023-08-16T14:35:48","slug":"acerca-de","status":"publish","type":"page","link":"https:\/\/iesoc.edu.ar\/imagenes\/acerca-de\/","title":{"rendered":"Acerca de"},"content":{"rendered":"<p>Esta web forma parte de la Red de sitios del Instituto de Educaci\u00f3n Superior N\u00ba 28 \u201cOlga Cossettini\u201d. Es administrado y mantenido desde el mismo Instituto. Su dise\u00f1o y desarrollo forma parte de la puesta en acci\u00f3n del proyecto\u00a0<em>Medios digitales en la educaci\u00f3n. Desarrollo y puesta en acci\u00f3n de un ecosistema digital a nivel institucional para diversificar, enriquecer y potenciar la ense\u00f1anza<\/em>.<br \/>\nEs una biblioteca de medios digitales en l\u00ednea que re\u00fane elementos de los eventos, la vida estudiantil y las actividades acad\u00e9micas del IES N\u00ba 28 en un \u00fanico espacio de acceso f\u00e1cil. Su contenido fotogr\u00e1fico es parte de la identidad visual del Instituto.<\/p>\n<h2>Cr\u00e9ditos<\/h2>\n<p>Este espacio web es desarrollado por este equipo de personas:<br \/>\n<strong> L\u00edder de proyecto y desarrollador web:<\/strong><br \/>\nProf. Gustavo Almir\u00f3n<\/p>\n<h2>Contactar al administrador<\/h2>\n<p>Si tiene alg\u00fan comentario o sugerencia utilice el formulario de <abbr title=\"Ir\"><a href=\"http:\/\/iesoc.edu.ar\/contacto\/\" rel=\"noopener\">contacto<\/a><\/abbr>.\u00a0De ese modo se enviar\u00e1 su mensaje al administrador.<\/p>\n<h2>Licencia<\/h2>\n<p><a href=\"http:\/\/creativecommons.org\/licenses\/by-nc-nd\/4.0\/\" rel=\"license\"><img data-recalc-dims=\"1\" decoding=\"async\" style=\"border-width: 0;\" src=\"https:\/\/i0.wp.com\/i.creativecommons.org\/l\/by-nc-nd\/4.0\/88x31.png?w=790&#038;ssl=1\" alt=\"Licencia Creative Commons\" \/><\/a><br \/>\nExcepto que se indique lo contrario, los contenidos de este sitio web son obra del Instituto de Educaci\u00f3n Superior N\u00ba 28 \u201cOlga Cossettini\u201d y est\u00e1n bajo una <a href=\"http:\/\/creativecommons.org\/licenses\/by-nc-nd\/4.0\/\" target=\"_blank\" rel=\"license noopener\">Licencia Creative Commons Atribuci\u00f3n-NoComercial-SinDerivar 4.0 Internacional<\/a>.<\/p>\n<h2>Im\u00e1genes<\/h2>\n<p>Las im\u00e1genes utilizadas en el sitio pertenecen a sus respectivos due\u00f1os.<\/p>\n","protected":false},"excerpt":{"rendered":"<p>Esta web forma parte de la Red de sitios del Instituto de Educaci\u00f3n Superior N\u00ba 28 \u201cOlga Cossettini\u201d. Es administrado&hellip; <\/p>\n","protected":false},"author":1,"featured_media":0,"parent":0,"menu_order":0,"comment_status":"closed","ping_status":"closed","template":"","meta":{"footnotes":""},"class_list":["post-545","page","type-page","status-publish","hentry"],"featured_image_urls_v2":{"full":"","thumbnail":"","medium":"","medium_large":"","large":"","1536x1536":"","2048x2048":"","trp-custom-language-flag":""},"post_excerpt_stackable_v2":"<p>Esta web forma parte de la Red de sitios del Instituto de Educaci\u00f3n Superior N\u00ba 28 \u201cOlga Cossettini\u201d. Es administrado y mantenido desde el mismo Instituto. Su dise\u00f1o y desarrollo forma parte de la puesta en acci\u00f3n del proyecto\u00a0Medios digitales en la educaci\u00f3n. Desarrollo y puesta en acci\u00f3n de un ecosistema digital a nivel institucional para diversificar, enriquecer y potenciar la ense\u00f1anza. Es una biblioteca de medios digitales en l\u00ednea que re\u00fane elementos de los eventos, la vida estudiantil y las actividades acad\u00e9micas del IES N\u00ba 28 en un \u00fanico espacio de acceso f\u00e1cil. Su contenido fotogr\u00e1fico es parte de&hellip;<\/p>\n","category_list_v2":"","author_info_v2":{"name":"Administrador","url":"https:\/\/iesoc.edu.ar\/imagenes\/author\/admin\/"},"comments_num_v2":"0 comments","featured_image_src":null,"jetpack_shortlink":"https:\/\/wp.me\/Pa1thd-8N","jetpack-related-posts":[],"jetpack_sharing_enabled":true,"_links":{"self":[{"href":"https:\/\/iesoc.edu.ar\/imagenes\/wp-json\/wp\/v2\/pages\/545","targetHints":{"allow":["GET"]}}],"collection":[{"href":"https:\/\/iesoc.edu.ar\/imagenes\/wp-json\/wp\/v2\/pages"}],"about":[{"href":"https:\/\/iesoc.edu.ar\/imagenes\/wp-json\/wp\/v2\/types\/page"}],"author":[{"embeddable":true,"href":"https:\/\/iesoc.edu.ar\/imagenes\/wp-json\/wp\/v2\/users\/1"}],"replies":[{"embeddable":true,"href":"https:\/\/iesoc.edu.ar\/imagenes\/wp-json\/wp\/v2\/comments?post=545"}],"version-history":[{"count":1,"href":"https:\/\/iesoc.edu.ar\/imagenes\/wp-json\/wp\/v2\/pages\/545\/revisions"}],"predecessor-version":[{"id":1585,"href":"https:\/\/iesoc.edu.ar\/imagenes\/wp-json\/wp\/v2\/pages\/545\/revisions\/1585"}],"wp:attachment":[{"href":"https:\/\/iesoc.edu.ar\/imagenes\/wp-json\/wp\/v2\/media?parent=545"}],"curies":[{"name":"wp","href":"https:\/\/api.w.org\/{rel}","templated":true}]}}