{"id":168,"date":"2018-12-16T14:45:32","date_gmt":"2018-12-16T17:45:32","guid":{"rendered":"http:\/\/iesoc.edu.ar\/pasantiademovilidad\/?page_id=168"},"modified":"2019-02-01T14:48:16","modified_gmt":"2019-02-01T17:48:16","slug":"el-proyecto","status":"publish","type":"page","link":"https:\/\/iesoc.edu.ar\/pasantiasdemovilidad\/pt\/el-proyecto\/","title":{"rendered":"O projeto"},"content":{"rendered":"<h2 class=\"wp-block-heading\">Pasant\u00edas de Proyecto Regional de Movilidad en Formaci\u00f3n Docente&nbsp;<\/h2>\n\n\n\n<h2 class=\"wp-block-heading\">Comisi\u00f3n Regional Coordinadora de Formaci\u00f3n Docente del sector educativo del MERCOSUR<\/h2>\n\n\n\n<p><strong>Denominaci\u00f3n del proyecto:<\/strong>&nbsp;\u201cFortalecimiento de la Inclusi\u00f3n a la Educaci\u00f3n Superior\u201d<\/p>\n\n\n\n<h2 class=\"wp-block-heading\">Identificaci\u00f3n de las instituciones involucradas<\/h2>\n\n\n\n<table width=\"100%\" class=\"table table-responsive\"  border=\"0\" cellspacing=\"0\" cellpadding=\"0\">\n  <tr>\n    <td valign=\"top\"><p align=\"center\"><strong>Nombre de<\/strong> <strong>la instituci&oacute;n<\/strong><\/p><\/td>\n    <td valign=\"top\"><p><strong>Direcci&oacute;n<\/strong><\/p><\/td>\n    <td valign=\"top\"><p><strong>Ciudad<\/strong><\/p><\/td>\n    <td valign=\"top\"><p align=\"center\"><strong>Pa&iacute;s<\/strong><\/p><\/td>\n    <td valign=\"top\"><p align=\"center\"><strong>Tel&eacute;fono<\/strong> <strong>con prefijo<\/strong><\/p><\/td>\n    <td valign=\"top\"><p align=\"center\"><strong>e-mail<\/strong><\/p><\/td>\n    <td valign=\"top\"><p><strong>P&aacute;gina web<\/strong><\/p><\/td>\n  <\/tr>\n  <tr>\n    <td valign=\"top\"><p>Instituto de Educaci&oacute;n Superior N&deg; 28 &ldquo;Olga Cossettini&rdquo;<\/p>      <\/td>\n    <td valign=\"top\"><p>Sarmiento 2902<\/p>      <\/td>\n    <td valign=\"top\"><p>Rosario<\/p>    <\/td>\n    <td valign=\"top\"><p align=\"center\">Argentina<\/p>    <\/td>\n    <td valign=\"top\"><p align=\"center\">+543414728675\/6\/7<\/p>      <\/td>\n    <td valign=\"top\"><p><a href=\"mailto:rector&iacute;a@iesoc.edu.ar\">rectoria@iesoc.edu.ar<\/a><\/p>    <\/td>\n    <td valign=\"top\"><p><a href=\"https:\/\/iesoc.edu.ar\/pasantiasdemovilidad\/pt\/\">www.iesoc.edu.ar<\/a><\/p>    <\/td>\n  <\/tr>\n  \n  <tr>\n    <td valign=\"top\"><p>Universidade Federal Rural de Pernambuco<\/p>      <\/td>\n    <td valign=\"top\"><p>Rua Dom Manuel de Medeiros, s\/n, Dois Irm\u00e3os <\/p>      <\/td>\n    <td valign=\"top\"><p>Recife\/PE<\/p>    <\/td>\n    <td valign=\"top\"><p align=\"center\">Brasil<\/p>      <\/td>\n    <td valign=\"top\"><p align=\"center\">+558133206001<\/p>      <\/td>\n    <td valign=\"top\"><p><a href=\"mailto:reitoria@ufrpe.br\">reitoria@ufrpe.br<\/a><\/p>      <\/td>\n    <td valign=\"top\"><p><a href=\"http:\/\/www.ufrpe.br\">www.ufrpe.br<\/a><\/p>      <\/td>\n  <\/tr>\n<\/table>\n\n\n\n<h2 class=\"wp-block-heading\">Coordinaci\u00f3n general<\/h2>\n\n\n\n<p><strong>Nombre del Coordinador del Proyecto:<\/strong> Mar\u00eda Fernanda FORESI<\/p>\n\n\n\n<p><strong>Cargo o funci\u00f3n: <\/strong>Rectora<\/p>\n\n\n\n<h2 class=\"wp-block-heading\">Coordinadores por instituci\u00f3n<\/h2>\n\n\n\n<table width=\"100%\" class=\"table table-responsive\"  border=\"0\" cellspacing=\"0\" cellpadding=\"0\">\n  <tr>\n    <td valign=\"top\"><p align=\"center\"><strong>Instituci&oacute;n<\/strong><\/p><\/td>\n    <td valign=\"top\"><p align=\"center\"><strong>Pa&iacute;s<\/strong><\/p><\/td>\n    <td valign=\"top\"><p align=\"center\"><strong>Coordinador<\/strong><\/p><\/td>\n  <\/tr>\n  <tr>\n    <td valign=\"top\"><p align=\"left\">Universidade Federal Rural de Pernambuco<\/p><\/td>\n    <td valign=\"top\"><p align=\"center\">Brasil<\/p>        <\/td>\n    <td valign=\"top\"><p align=\"center\">An&iacute;sio Francisco Soares <\/p>        <\/td>\n  <\/tr>\n  <tr>\n    <td valign=\"top\"><p align=\"left\">Instituci&oacute;n IES N&deg; 28 &ldquo;Olga Cossettini&rdquo;<\/p><\/td>\n    <td valign=\"top\"><p align=\"center\">Argentina<\/p>        <\/td>\n    <td valign=\"top\"><p align=\"center\">Ana Espa&ntilde;a<\/p>        <\/td>\n  <\/tr>\n<\/table>\n\n\n\n<h2 class=\"wp-block-heading\">Caracter\u00edsticas de la pasant\u00eda<\/h2>\n\n\n\n<h4 class=\"wp-block-heading\">Objetivo general:<\/h4>\n\n\n\n<p>Fortalecer los mecanismos de inclusi\u00f3n y acceso a la Educaci\u00f3n Superior en carreras de formaci\u00f3n docente  mediante un proyecto de fortalecimiento  realizado entre la Universidad y los Institutos de Formaci\u00f3n Docente a trav\u00e9s de la transferencia de conocimientos pedag\u00f3gicos, did\u00e1cticos y disciplinares.<\/p>\n\n\n\n<h4 class=\"wp-block-heading\">Objetivos espec\u00edficos:<\/h4>\n\n\n\n<p>Desarrollar un Programa   para favorecer la inclusi\u00f3n en las Instituciones de Educaci\u00f3n Superior a trav\u00e9s de modelos de intervenci\u00f3n y actividades entre las Universidades e Institutos de Educaci\u00f3n Superior  que permitan favorecer el desarrollo social equilibrado, potenciando la inclusi\u00f3n, equidad y la cohesi\u00f3n social a trav\u00e9s de estrategias de cooperaci\u00f3n entre las instituciones.<\/p>\n\n\n\n<p>El Programa comprende el desarrollo de los siguientes objetivos de acci\u00f3n:<\/p>\n\n\n\n<ul class=\"wp-block-list\"><li>Consolidar un espacio de trabajo sistem\u00e1tico y reflexivo con los formadores de las instituciones participantes, consolidando una integraci\u00f3n regional que se enriquezca con las diferencias.<\/li><li>Construir estrategias de mejora en las pr\u00e1cticas de inclusi\u00f3n educativa que llevan a cabo las instituciones, compartiendo la cotidianeidad e intercambiando experiencias, dificultades y soluciones que fortalezcan una educaci\u00f3n superior de calidad en la regi\u00f3n.<\/li><li>Difundir las producciones y logros alcanzados y gestionar propuestas concretas hacia la comunidad educativa planteando propuestas multiplicadoras que enriquezcan a la comunidad educativa local.<\/li><\/ul>\n\n\n\n<h2 class=\"wp-block-heading\">Cronograma de ejecuci\u00f3n de las actividades<\/h2>\n\n\n\n<table width=\"100%\" class=\"table table-responsive\"  border=\"0\" cellspacing=\"0\" cellpadding=\"0\">\n  <tr>\n    <td colspan=\"2\" valign=\"top\"><p><strong>Actividades Previas <\/strong> <\/p><\/td>\n  <\/tr>\n  <tr>\n    <td rowspan=\"6\" valign=\"top\"><p><strong>Abril &#8211; mayo 2018 <\/strong> <\/p><\/td>\n    <td valign=\"top\"><p>Organizaci&oacute;n de los    dispositivos tecnol&oacute;gicos de comunicaci&oacute;n e intercambio interinstitucional.<\/p><\/td>\n  <\/tr>\n  <tr>\n    <td valign=\"top\"><p>Aproximaci&oacute;n y    sensibilizaci&oacute;n sobre las instituciones: intercambio de comunicaciones,    propuestas sobre inclusi&oacute;n utilizando las posibilidades de las TIC.<\/p><\/td>\n  <\/tr>\n  <tr>\n    <td valign=\"top\"><p>Acercamiento a las propuestas    de inclusi&oacute;n educativa de cada instituci&oacute;n. Lectura, an&aacute;lisis y grupos de    discusi&oacute;n.<\/p><\/td>\n  <\/tr>\n  <tr>\n    <td valign=\"top\"><p>Comunicaci&oacute;n e intercambio de    las realidades institucionales y de los actores participantes.<\/p><\/td>\n  <\/tr>\n  <tr>\n    <td valign=\"top\"><p>Informe diagn&oacute;stico por    instituci&oacute;n y en com&uacute;n.<\/p><\/td>\n  <\/tr>\n  <tr>\n    <td valign=\"top\"><p>Dise&ntilde;o y construcci&oacute;n del    dispositivo<br \/>\n      Problem&aacute;ticas identificadas,    indicadores de retenci&oacute;n y de deserci&oacute;n, posibles motivos, dificultades y    obst&aacute;culos para finalizar la formaci&oacute;n docente, situaciones propias de cada    ciudad y regi&oacute;n.<\/p><\/td>\n  <\/tr>\n  <tr>\n    <td colspan=\"2\" valign=\"top\"><p><strong>Actividades durante la    pasant&iacute;a<\/strong><\/p><\/td>\n  <\/tr>\n  <tr>\n    <td rowspan=\"9\" valign=\"top\"><p><strong>Junio &#8211; Setiembre 2018<\/strong><\/p><\/td>\n    <td valign=\"top\"><p>Organizaci&oacute;n de tres    encuentros de visitas rec&iacute;procas entre los participantes del proyecto de una    semana cada uno (Rosario, Recife y Asunci&oacute;n). Se prev&eacute; la incorporaci&oacute;n de    participantes locales en cada sede.<\/p><\/td>\n  <\/tr>\n  <tr>\n    <td valign=\"top\"><p>Dise&ntilde;o colaborativo de    agendas de visitas.<\/p><\/td>\n  <\/tr>\n  <tr>\n    <td valign=\"top\"><p>Observaci&oacute;n de clases y    dispositivos formativos<\/p><\/td>\n  <\/tr>\n  <tr>\n    <td valign=\"top\"><p>Dictado de conferencias,    integraci&oacute;n de mesas de di&aacute;logo y paneles sobre el tema.<\/p><\/td>\n  <\/tr>\n  <tr>\n    <td valign=\"top\"><p>Dictado de seminarios sobre    la problem&aacute;tica de inclusi&oacute;n con calidad en el nivel superior.<\/p><\/td>\n  <\/tr>\n  <tr>\n    <td valign=\"top\"><p>Elaboraci&oacute;n de un Manual de    Buenas Pr&aacute;cticas Inclusivas en funci&oacute;n de las experiencias institucionales.<\/p><\/td>\n  <\/tr>\n  <tr>\n    <td valign=\"top\"><p>Grupos de estudio para    sistematizar la experiencia articulando las pr&aacute;cticas inclusivas con marcos    te&oacute;ricos.<\/p><\/td>\n  <\/tr>\n  <tr>\n    <td valign=\"top\"><p>Organizaci&oacute;n de la red de    profesores de formaci&oacute;n docente del Mercosur.<\/p><\/td>\n  <\/tr>\n  <tr>\n    <td valign=\"top\"><p>Dise&ntilde;o de Proyectos de Mejora    colaborativo para las instituciones participantes.<\/p><\/td>\n  <\/tr>\n  <tr>\n    <td colspan=\"2\" valign=\"top\"><p><strong>Actividades Posteriores<\/strong> <\/p><\/td>\n  <\/tr>\n  <tr>\n    <td rowspan=\"6\" valign=\"top\"><p><strong>Octubre &#8211; Noviembre 2018<\/strong><\/p><\/td>\n    <td valign=\"top\"><p>Sistematizaci&oacute;n de los materiales digitales producidos en las visitas    sobre pr&aacute;cticas inclusivas que se compartir&aacute;n entre las instituciones    participantes y al interior de cada una.<\/p><\/td>\n  <\/tr>\n  <tr>\n    <td valign=\"top\"><p>Producci&oacute;n de publicaciones digitales y en papel. Hacer visibles las    experiencias a trav&eacute;s de un video que permita darle continuidad a la    experiencia.<\/p><\/td>\n  <\/tr>\n  <tr>\n    <td valign=\"top\"><p>Difusi&oacute;n al interior de las instituciones a trav&eacute;s de talleres de    capacitaci&oacute;n a los equipos docentes en funci&oacute;n de fortalecer la inclusi&oacute;n.<\/p><\/td>\n  <\/tr>\n  <tr>\n    <td valign=\"top\"><p>Implementaci&oacute;n de la red de profesores de formaci&oacute;n docente del    Mercosur.<\/p><\/td>\n  <\/tr>\n  <tr>\n    <td valign=\"top\"><p>Puesta en marcha de proyectos institucionales de fortalecimiento de la    inclusi&oacute;n.<\/p><\/td>\n  <\/tr>\n  <tr>\n    <td valign=\"top\"><p>Elaboraci&oacute;n de informe evaluativo de la experiencia<\/p><\/td>\n  <\/tr>\n<\/table>\n\n\n\n<p><strong>Per\u00edodo de realizaci\u00f3n de la\/s pasant\u00eda: <\/strong>comienzo: abril 2018 Fin: noviembre 2018<br><\/p>\n\n\n\n<h2 class=\"wp-block-heading\">\n\nEstrategias de Difusi\u00f3n:\n\n<\/h2>\n\n\n\n<p>Se implementaran:<\/p>\n\n\n\n<ul class=\"wp-block-list\"><li>Publicaciones en p\u00e1ginas web institucionales y revistas de las instituciones.<\/li><li> Jornadas de difusi\u00f3n y socializaci\u00f3n de la experiencia en ambas instituciones para dar continuidad.<\/li><li>Red de profesores formadores como colectivo que puede sostenerse en el tiempo y aprovechar lo que nos ofrecen las tecnolog\u00edas digitales para su sostenimiento que contin\u00faen con el banco de buenas pr\u00e1cticas inclusivas que se comenzar\u00e1 a construir a partir de este intercambio.<\/li><li>Video sobre las estrategias de cada instituci\u00f3n y los intercambios como insumo para extender las propuestas en otras instituciones educativas del MERCOSUR.<\/li><\/ul>\n\n\n\n<h2 class=\"wp-block-heading\">Impactos y resultados esperados:<\/h2>\n\n\n\n<p>Una vez finalizado el proyecto se espera que:<\/p>\n\n\n\n<ul class=\"wp-block-list\"><li>Una cantidad significativa de docentes de las instituciones y de la regi\u00f3n, se muestren interesados y motivados en nuevas propuestas que incorporen buenas pr\u00e1cticas inclusivas a su clases.<\/li><li>Se construyan conocimientos pol\u00edticos, pedag\u00f3gicos y did\u00e1cticos sobre el tema<\/li><li>Se elaboren materiales actualizados, propuestas did\u00e1cticas y recursos espec\u00edficos para la ense\u00f1anza de nivel superior que llegue a todas las instituciones de nivel superior de ambos pa\u00edses.<\/li><li>Se constituyan redes y equipos de trabajo (de docentes de ambas instituciones que desde una perspectiva similar alienten la investigaci\u00f3n y la divulgaci\u00f3n de otros saberes que no se transmiten habitualmente en el sistema educativo.<\/li><li>Se consoliden acciones que posibiliten dar continuidad a las ya iniciadas en cada instituci\u00f3n a partir del reconocimiento de diversas propuestas regionales de inclusi\u00f3n.<\/li><li> Se visibilicen pr\u00e1cticas en la comunidad educativa a trav\u00e9s de registros multimediales para lograr que se divulgue, favoreciendo el intercambio de ideas y la circulaci\u00f3n permanente de conocimientos.<\/li><\/ul>\n\n\n\n<h2 class=\"wp-block-heading\">Evaluaci\u00f3n (estrategias e indicadores):<\/h2>\n\n\n\n<p>El proyecto contar\u00e1 con dos formas de retroalimentaci\u00f3n. La primera una encuesta aplicada a cada al t\u00e9rmino de su estad\u00eda en el pa\u00eds de visita, en la cual se evaluaran desde los aspectos de organizaci\u00f3n hasta los contenidos de la agenda. La segunda ser\u00e1 una evaluaci\u00f3n al final de programa completo recopilando toda la informaci\u00f3n pertinente.<br> En una segunda etapa, se realizar\u00e1n entrevistas en distintos pa\u00edses de la regi\u00f3n a una muestra de los beneficiarios y contrapartes del programa, a fin de recoger su opini\u00f3n y relevar informaci\u00f3n sobre el uso e impacto de los conocimientos aprendidos en las pasant\u00edas.<br> <\/p>\n\n\n\n<p>Los criterios de evaluaci\u00f3n ser\u00e1n:<\/p>\n\n\n\n<ul class=\"wp-block-list\"><li>Pertinencia, claridad y coherencia del plan de trabajo de cada instituci\u00f3n y las acciones propuestas e implementadas.<\/li><li>Originalidad en la producci\u00f3n de dispositivos conjuntos entre formadores y estudiantes que arraigados en realidades concretas permitan el sostenimiento de trayectorias estudiantiles en el nivel superior.<\/li><li>Perspectivas de continuidad de las articulaciones e intercambios institucionales.<\/li><\/ul>\n\n\n\n<h2 class=\"wp-block-heading\">La pasant\u00eda cubre los siguientes gastos:<\/h2>\n\n\n\n<ul class=\"wp-block-list\"><li>Pasajes a\u00e9reos.<\/li><li>Traslado desde y hasta el aeropuerto.<\/li><li>Alojamiento en el campus de la Universidad.<\/li><li>Comidas en campus de la universidad.<\/li><\/ul>\n\n\n\n<h2 class=\"wp-block-heading\">No incluye:<\/h2>\n\n\n\n<ul class=\"wp-block-list\"><li>Seguro de asistencia m\u00e9dica.<\/li><\/ul>\n\n\n\n<h2 class=\"wp-block-heading\">Observaciones:<\/h2>\n\n\n\n<p class=\"has-background has-very-light-gray-background-color\">La presente pasant\u00eda es una continuidad de las redes realizadas en el marco del Programa de Apoyo al Sector Educativo del MERCOSUR (PASEM) en el Proyecto: \u201cFortalecimiento de la Inclusi\u00f3n a la Educaci\u00f3n Superior \u2013 FORIES\u201d Referencia: Europe Aid\/134-602\/M\/ACT\/R06 a cargo de las siguientes instituciones: Instituto de Educaci\u00f3n Superior N\u00b0 28 \u201cOlga Cossettini\u201d \u2013 Rosario-Argentina , I.S.F.D. &#8220;Mar\u00eda In\u00e9s Elizalde&#8221; &#8211; Gualeguaych\u00fa-Entre R\u00edos- Argentina, Universidad Federal Rural de Pernambuco &#8211; UFRPE- Brasil y Universidad Nacional de Asunci\u00f3n \u2013 UNA-Paraguay durante los a\u00f1os 2014\/15.<\/p>","protected":false},"excerpt":{"rendered":"<p>Pasant\u00edas de Proyecto Regional de Movilidad en Formaci\u00f3n Docente&nbsp; Comisi\u00f3n Regional Coordinadora de Formaci\u00f3n Docente del sector educativo del MERCOSUR Denominaci\u00f3n del proyecto:&nbsp;\u201cFortalecimiento de la&hellip;<\/p>","protected":false},"author":1,"featured_media":0,"parent":0,"menu_order":0,"comment_status":"closed","ping_status":"closed","template":"","meta":{"footnotes":""},"class_list":["post-168","page","type-page","status-publish","hentry"],"featured_image_urls_v2":{"full":"","thumbnail":"","medium":"","medium_large":"","large":"","1536x1536":"","2048x2048":"","trp-custom-language-flag":""},"post_excerpt_stackable_v2":"<p>Pasant\u00edas de Proyecto Regional de Movilidad en Formaci\u00f3n Docente&nbsp; Comisi\u00f3n Regional Coordinadora de Formaci\u00f3n Docente del sector educativo del MERCOSUR Denominaci\u00f3n del proyecto:&nbsp;\u201cFortalecimiento de la Inclusi\u00f3n a la Educaci\u00f3n Superior\u201d Identificaci\u00f3n de las instituciones involucradas Nombre de la instituci&oacute;n Direcci&oacute;n Ciudad Pa&iacute;s Tel&eacute;fono con prefijo e-mail P&aacute;gina web Instituto de Educaci&oacute;n Superior N&deg; 28 &ldquo;Olga Cossettini&rdquo; Sarmiento 2902 Rosario Argentina +543414728675\/6\/7 rectoria@iesoc.edu.ar www.iesoc.edu.ar Universidad Federal Rural de Pernambuco Rua Dom Manuel de Medeiros, s\/n, Dois Irm\u00e3os Recife\/PE Brasil +558133206001 reitoria@ufrpe.br www.ufrpe.br Coordinaci\u00f3n general Nombre del Coordinador del Proyecto: Mar\u00eda Fernanda FORESI Cargo o funci\u00f3n: Rectora Coordinadores por instituci\u00f3n Instituci&oacute;n Pa&iacute;s&hellip;<\/p>\n","category_list_v2":"","author_info_v2":{"name":"Administrador","url":"https:\/\/iesoc.edu.ar\/pasantiasdemovilidad\/pt\/author\/admin\/"},"comments_num_v2":"0 coment\u00e1rio","featured_image_src":null,"_links":{"self":[{"href":"https:\/\/iesoc.edu.ar\/pasantiasdemovilidad\/pt\/wp-json\/wp\/v2\/pages\/168","targetHints":{"allow":["GET"]}}],"collection":[{"href":"https:\/\/iesoc.edu.ar\/pasantiasdemovilidad\/pt\/wp-json\/wp\/v2\/pages"}],"about":[{"href":"https:\/\/iesoc.edu.ar\/pasantiasdemovilidad\/pt\/wp-json\/wp\/v2\/types\/page"}],"author":[{"embeddable":true,"href":"https:\/\/iesoc.edu.ar\/pasantiasdemovilidad\/pt\/wp-json\/wp\/v2\/users\/1"}],"replies":[{"embeddable":true,"href":"https:\/\/iesoc.edu.ar\/pasantiasdemovilidad\/pt\/wp-json\/wp\/v2\/comments?post=168"}],"version-history":[{"count":32,"href":"https:\/\/iesoc.edu.ar\/pasantiasdemovilidad\/pt\/wp-json\/wp\/v2\/pages\/168\/revisions"}],"predecessor-version":[{"id":736,"href":"https:\/\/iesoc.edu.ar\/pasantiasdemovilidad\/pt\/wp-json\/wp\/v2\/pages\/168\/revisions\/736"}],"wp:attachment":[{"href":"https:\/\/iesoc.edu.ar\/pasantiasdemovilidad\/pt\/wp-json\/wp\/v2\/media?parent=168"}],"curies":[{"name":"wp","href":"https:\/\/api.w.org\/{rel}","templated":true}]}}