{"id":618,"date":"2019-01-29T12:38:39","date_gmt":"2019-01-29T15:38:39","guid":{"rendered":"http:\/\/iesoc.edu.ar\/pasantiasdemovilidad\/?page_id=618"},"modified":"2019-01-29T13:18:37","modified_gmt":"2019-01-29T16:18:37","slug":"cristian-sebastiani","status":"publish","type":"page","link":"https:\/\/iesoc.edu.ar\/pasantiasdemovilidad\/pt\/cristian-sebastiani\/","title":{"rendered":"Cristian Sebastiani"},"content":{"rendered":"<div class=\"wp-block-media-text alignwide is-stacked-on-mobile\" style=\"grid-template-columns:26% auto\"><figure class=\"wp-block-media-text__media\"><img loading=\"lazy\" decoding=\"async\" width=\"300\" height=\"346\" src=\"http:\/\/iesoc.edu.ar\/pasantiasdemovilidad\/wp-content\/uploads\/sites\/6\/2019\/01\/CristianSebastiani.jpeg\" alt=\"\" class=\"wp-image-472\" srcset=\"https:\/\/iesoc.edu.ar\/pasantiasdemovilidad\/wp-content\/uploads\/sites\/6\/2019\/01\/CristianSebastiani.jpeg 300w, https:\/\/iesoc.edu.ar\/pasantiasdemovilidad\/wp-content\/uploads\/sites\/6\/2019\/01\/CristianSebastiani-260x300.jpeg 260w\" sizes=\"auto, (max-width: 300px) 100vw, 300px\" \/><\/figure><div class=\"wp-block-media-text__content\">\n<p><strong>Profesor de Educaci\u00f3n Secundaria en Historia<\/strong>.<\/p>\n\n\n\n<p><strong>Asesor<\/strong> en comisiones de <strong>Servicios P\u00fablicos<\/strong> y <strong>Cultura y Educaci\u00f3n<\/strong> del <strong>Concejo Municipal de Rosario<\/strong> y<strong> profesor en escuelas secundarias y E.E.M.P.A.<\/strong> de la Provincia de Santa fe.<\/p>\n\n\n\n<p>Particip\u00f3 en diferentes cursos, jornadas, seminarios, congresos y residencias:<\/p>\n\n\n\n<ul class=\"wp-block-list\"><li>I.E.S N\u00b0 28 \u201cOlga Cossettini\u201d. Curso: \u201cLa propuesta neoliberal mundial. Argentina: espejismo y crisis\u201d.<\/li><li>Asociaci\u00f3n Civil: Orientaci\u00f3n para el Futuro. Curso: \u201cLegislaci\u00f3n Docente\u201c.<\/li><li>I.E.S N\u00b0 28 \u201cOlga Cossettini\u201d .Curso: \u201cDesaf\u00edos actuales de la pr\u00e1ctica docente en las escuelas de ense\u00f1anza media para adultos\u201d.<\/li><li>I.E.S N\u00b0 28 \u201cOlga Cossettini\u201d .Curso: \u201cDesaf\u00edos actuales de la pr\u00e1ctica docente en las escuelas de ense\u00f1anza media para adultos\u201d.<\/li><li>Escuela Normal Superior N\u00b0 36 \u201cMariano Moreno\u201d. Curso: \u201cResponsabilidad civil en el trabajo del docente. La complejidad de una labor comprometida\u201d.<\/li><li>I.E.S N\u00b028 \u201cOlga Cossettini\u201d. Curso de perfeccionamiento anual, Asignatura: \u201cHistoria de la educaci\u00f3n y de la pedagog\u00eda\u201d.<\/li><li>I.E.S N\u00b028 \u201cOlga Cossettini\u201d. Curso: \u201cRepensando las practicas escolares en la construcci\u00f3n de estereotipos de genero\u201d.<\/li><li>Facultad de Derecho (UNR) &#8211; Instituto Euro Latinoamericano de estudios para la integraci\u00f3n &#8211; Colegios de abogados Rosario. \u201cX Encuentro de especialistas en el MERCOSUR, IV Encuentro Internacional de la Integraci\u00f3n\u201d.<\/li><li>Museo de la Memoria \/ I.E.S N\u00b0 28 \u201cOlga Cossettini\u201d. Jornada: \u201cTodo un pasado por delante\u201d.<\/li><li>Fundaci\u00f3n del Gran Rosario. Encuentro \u201cJ\u00f3venes y Escuela\u201d.<\/li><li>I.E.S N\u00b0 28 \u201cOlga Cossettini\u201d &#8211; Agrupaci\u00f3n Alfredo Palacios &#8211; Antenna. Jornada Cultural: \u201cDos funciones de cine\u201d, en calidad de Organizador.<\/li><li>I.E.S N\u00b0 28 \u201cOlga Cossettini\u201d. Jornada: \u201cEstudiantes, movilizaci\u00f3n y militancia: la participaci\u00f3n pol\u00edtica y juvenil del siglo XX\u201d.<\/li><li>I.E.S N\u00b0 28 \u201cOlga Cossettini\u201d. Jornada: \u201cLa educaci\u00f3n superior de la provincia de Santa Fe\u201d. En calidad de Expositor. Titulo de la ponencia: \u201cLa participaci\u00f3n estudiantil en los institutos superiores de la provincia de Santa Fe. Cogobierno y centros de estudiantes\u201d.<\/li><li>I.E.S N\u00b0 28 \u201cOlga Cossettini\u201d. Jornada: \u201cDiscusi\u00f3n sobre la reforma curricular\u201d del profesorado de Educaci\u00f3n Secundaria en Historia.<\/li><li>I.E.S N\u00b0 28 \u201cOlga Cossettini\u201d. Jornada: \u201cEl discurso pedag\u00f3gico en la escuela. Hacia la escuela abierta\u201d.<\/li><li>Ministerio de Educaci\u00f3n \u2013 Provincia de Santa Fe. Jornada: \u201cConsensuar la reforma curricular en Historia: Reflexiones y propuestas para el nuevo plan de estudio\u201d.<\/li><li>Facultad de Psicolog\u00eda (UNR). Jornada: \u201cProblem\u00e1ticas en adicciones: Contexto socio-pol\u00edtico. Aproximaciones cl\u00ednicas en el abordaje de las adicciones\u201d.<\/li><li>I.E.S N\u00b028 \u201cOlga Cossettini\u201d. Jornada: \u201cXII Jornada de Reflexi\u00f3n y socializaci\u00f3n del trayecto de la Practica: La formaci\u00f3n de profesional reflexivo\u201d.<\/li><li>I.E.S N\u00b028 \u201cOlga Cossettini\u201d &#8211; Agrupaci\u00f3n Alfredo Palacios. Encuentro: \u201cI Encuentro de reflexi\u00f3n acad\u00e9mica: La potencia de la escuela esta en sus problemas\u201d, a cargo de la Lic. Silvia Duschatzky, en calidad de Organizador.<\/li><li>Ministerio de Educaci\u00f3n &#8211; Presidencia de la Naci\u00f3n. Encuentro: \u201c1er Encuentro Nacional de Coordinadores Institucionales de Pol\u00edticas Estudiantiles\u201d.<\/li><li>Ministerio de Educaci\u00f3n &#8211; Presidencia de la Naci\u00f3n. Encuentro: \u201cXIII Encuentro Regional de Memoria y Derechos Humanos en la Formaci\u00f3n Docente\u201d.<\/li><li>Facultad de Ciencias M\u00e9dicas (UNR). Jornada: \u201cAdicciones. Como prepararnos desde la salud publica\u201d.<\/li><li>Gobierno de Santa Fe. Encuentro: III Encuentro Provincial de Estudiantes de Nivel Superior. Rosario, Noviembre 2015.<\/li><li>Gobierno de Santa Fe. Conferencia: \u201c8va. Conferencia Provincial de Pol\u00edticas de Juventudes\u201d.<\/li><li>Concejo Municipal de Rosario. Jornada: \u201cServicio local de protecci\u00f3n integral de ni\u00f1ez y adolescencia, aportes para su creaci\u00f3n e implementaci\u00f3n\u201d.<\/li><li>I.E.S N\u00b028 \u201cOlga Cossettini\u201d &#8211; Agrupaci\u00f3n Alfredo Palacios &#8211; CAUSA. 1\u00b0 Foro-Debate Provincial: \u201cLey de Educaci\u00f3n Provincial\u201d, en calidad de Organizador y moderador.<\/li><li>COAD \u2013 PEGUES \u2013 CAUSA. Panel \u2013 Debate: \u201cEl Neoliberalismo y la cuesti\u00f3n de la inseguridad\u201d.<\/li><li>Colegio de Abogados &#8211; Instituto de Derecho de Infancia y adolescencia. Charla: \u201cBaja de imputabilidad &#8211; \u00bfCriminalizacion de la pobreza?\u201d.<\/li><li>I.E.S N\u00b028 \u201cOlga Cossettini\u201d. Jornada: \u201cXIV Jornada de Reflexi\u00f3n y socializaci\u00f3n del trayecto de la Pr\u00e1ctica: Los desaf\u00edos de la formaci\u00f3n docente en los escenarios de la contemporaneidad entre la tradici\u00f3n y la b\u00fasqueda de la transformaci\u00f3n\u201d.<\/li><li>.E.S N\u00b028 \u201cOlga Cossettini\u201d. VI Jornadas Olga Cossettini: \u201cExperiencias educativas latinoamericanas en clave Cossettini. Proyecciones actuales\u201d.<\/li><li>Instituto Normal Superior N\u00b03 \u2013 AMSAFE Rosario. Congreso: \u201cCongreso Educativo: La educaci\u00f3n en la encrucijada. 10 a\u00f1os de reformas educativas. Crisis y perspectivas de la escuela publica\u201d en calidad de Expositor: \u201cCogobierno y democratizaci\u00f3n en el nivel superior\u201d. <\/li><li>Museo de la Ciudad. Rosario. Tareas en educaci\u00f3n no formal. <\/li><li>Museo de la Memoria. Rosario.  Residencia en educaci\u00f3n no formal. <\/li><\/ul>\n\n\n\n<p><br><\/p>\n<\/div><\/div>","protected":false},"excerpt":{"rendered":"<p>Profesor de Educaci\u00f3n Secundaria en Historia. Asesor en comisiones de Servicios P\u00fablicos y Cultura y Educaci\u00f3n del Concejo Municipal de Rosario y profesor en escuelas&hellip;<\/p>","protected":false},"author":1,"featured_media":0,"parent":0,"menu_order":0,"comment_status":"closed","ping_status":"closed","template":"","meta":{"footnotes":""},"class_list":["post-618","page","type-page","status-publish","hentry"],"featured_image_urls_v2":{"full":"","thumbnail":"","medium":"","medium_large":"","large":"","1536x1536":"","2048x2048":"","trp-custom-language-flag":""},"post_excerpt_stackable_v2":"<p>Profesor de Educaci\u00f3n Secundaria en Historia. Asesor en comisiones de Servicios P\u00fablicos y Cultura y Educaci\u00f3n del Concejo Municipal de Rosario y profesor en escuelas secundarias y E.E.M.P.A. de la Provincia de Santa fe. Particip\u00f3 en diferentes cursos, jornadas, seminarios, congresos y residencias: I.E.S N\u00b0 28 \u201cOlga Cossettini\u201d. Curso: \u201cLa propuesta neoliberal mundial. Argentina: espejismo y crisis\u201d.Asociaci\u00f3n Civil: Orientaci\u00f3n para el Futuro. Curso: \u201cLegislaci\u00f3n Docente\u201c.I.E.S N\u00b0 28 \u201cOlga Cossettini\u201d .Curso: \u201cDesaf\u00edos actuales de la pr\u00e1ctica docente en las escuelas de ense\u00f1anza media para adultos\u201d.I.E.S N\u00b0 28 \u201cOlga Cossettini\u201d .Curso: \u201cDesaf\u00edos actuales de la pr\u00e1ctica docente en las escuelas de ense\u00f1anza&hellip;<\/p>\n","category_list_v2":"","author_info_v2":{"name":"Administrador","url":"https:\/\/iesoc.edu.ar\/pasantiasdemovilidad\/pt\/author\/admin\/"},"comments_num_v2":"0 coment\u00e1rio","featured_image_src":null,"_links":{"self":[{"href":"https:\/\/iesoc.edu.ar\/pasantiasdemovilidad\/pt\/wp-json\/wp\/v2\/pages\/618","targetHints":{"allow":["GET"]}}],"collection":[{"href":"https:\/\/iesoc.edu.ar\/pasantiasdemovilidad\/pt\/wp-json\/wp\/v2\/pages"}],"about":[{"href":"https:\/\/iesoc.edu.ar\/pasantiasdemovilidad\/pt\/wp-json\/wp\/v2\/types\/page"}],"author":[{"embeddable":true,"href":"https:\/\/iesoc.edu.ar\/pasantiasdemovilidad\/pt\/wp-json\/wp\/v2\/users\/1"}],"replies":[{"embeddable":true,"href":"https:\/\/iesoc.edu.ar\/pasantiasdemovilidad\/pt\/wp-json\/wp\/v2\/comments?post=618"}],"version-history":[{"count":8,"href":"https:\/\/iesoc.edu.ar\/pasantiasdemovilidad\/pt\/wp-json\/wp\/v2\/pages\/618\/revisions"}],"predecessor-version":[{"id":634,"href":"https:\/\/iesoc.edu.ar\/pasantiasdemovilidad\/pt\/wp-json\/wp\/v2\/pages\/618\/revisions\/634"}],"wp:attachment":[{"href":"https:\/\/iesoc.edu.ar\/pasantiasdemovilidad\/pt\/wp-json\/wp\/v2\/media?parent=618"}],"curies":[{"name":"wp","href":"https:\/\/api.w.org\/{rel}","templated":true}]}}