{"id":439,"date":"2019-01-16T02:28:05","date_gmt":"2019-01-16T05:28:05","guid":{"rendered":"http:\/\/iesoc.edu.ar\/pasantiasdemovilidad\/?page_id=439"},"modified":"2025-07-29T15:12:11","modified_gmt":"2025-07-29T18:12:11","slug":"gustavo-almiron","status":"publish","type":"page","link":"https:\/\/iesoc.edu.ar\/pasantiasdemovilidad\/gustavo-almiron\/","title":{"rendered":"Gustavo Almir\u00f3n"},"content":{"rendered":"\n<div class=\"wp-block-media-text alignwide is-stacked-on-mobile\" style=\"grid-template-columns:26% auto\"><figure class=\"wp-block-media-text__media\"><img loading=\"lazy\" decoding=\"async\" width=\"683\" height=\"1024\" src=\"http:\/\/iesoc.edu.ar\/pasantiasdemovilidad\/wp-content\/uploads\/sites\/6\/2025\/07\/GustavoAlmiron-683x1024.png\" alt=\"\" class=\"wp-image-1378 size-full\" srcset=\"https:\/\/iesoc.edu.ar\/pasantiasdemovilidad\/wp-content\/uploads\/sites\/6\/2025\/07\/GustavoAlmiron-683x1024.png 683w, https:\/\/iesoc.edu.ar\/pasantiasdemovilidad\/wp-content\/uploads\/sites\/6\/2025\/07\/GustavoAlmiron-200x300.png 200w, https:\/\/iesoc.edu.ar\/pasantiasdemovilidad\/wp-content\/uploads\/sites\/6\/2025\/07\/GustavoAlmiron-768x1152.png 768w, https:\/\/iesoc.edu.ar\/pasantiasdemovilidad\/wp-content\/uploads\/sites\/6\/2025\/07\/GustavoAlmiron-8x12.png 8w, https:\/\/iesoc.edu.ar\/pasantiasdemovilidad\/wp-content\/uploads\/sites\/6\/2025\/07\/GustavoAlmiron.png 1024w\" sizes=\"auto, (max-width: 683px) 100vw, 683px\" \/><\/figure><div class=\"wp-block-media-text__content\">\n<p><strong>Profesor de Educaci\u00f3n Superior en Ciencias de la Educaci\u00f3n<\/strong>, especializado en formaci\u00f3n e innovaci\u00f3n educativa.<\/p>\n\n\n\n<p><strong>Coordinador Tecnol\u00f3gico<\/strong> en el IES 28 Olga Cossettini.<\/p>\n\n\n\n<p>Profesor Adscripto en la c\u00e1tedra de<strong> Did\u00e1ctica de Nivel Secundario y Nivel Superior<\/strong>, de 4\u00ba a\u00f1o y en la c\u00e1tedra de T<strong>rayecto de la Pr\u00e1ctica: Taller de Docencia IV<\/strong>, de 5\u00ba a\u00f1o (durante 2016 y 2017, cuya tesis final est\u00e1 preparaci\u00f3n), ambas de la carrera de Ciencias de la Educaci\u00f3n, del Instituto de Educaci\u00f3n Superior N\u00ba 28.<\/p>\n\n\n\n<p>Investigador sobre la integraci\u00f3n de las tecnolog\u00edas digitales, los medios sociales y la Pedagog\u00eda.<\/p>\n\n\n\n<p>Dise\u00f1ador de proyectos, entornos, contenidos y recursos con soporte de las tecnolog\u00edas y los medios digitales (artilugios digitales, realidad aumentada\u2026).<\/p>\n\n\n\n<p>Desarrollador de dise\u00f1os y estrategias de gesti\u00f3n de entornos digitales en Educaci\u00f3n.<\/p>\n\n\n\n<p>Consultor en proyectos de e-learning y formaci\u00f3n virtual.<\/p>\n\n\n\n<p>Instalador y administrador de aulas virtuales en Moodel y administrador de la plataforma e-educativa.<\/p>\n\n\n\n<p>Administrador de G Suite, ediciones Business y Education y Open Journal Systems (OJS).<\/p>\n\n\n\n<p>Programador y dise\u00f1ador de sitios web.<\/p>\n\n\n\n<p>Webm\u00e1ster, bloguero, content creator y community manager.<\/p>\n\n\n\n<p><a href=\"https:\/\/gustavoalmiron.pages.dev\/\" target=\"_blank\" rel=\"noreferrer noopener\">Sitio web personal<\/a><\/p>\n\n\n\n<p><br><\/p>\n<\/div><\/div>\n","protected":false},"excerpt":{"rendered":"<p>Profesor de Educaci\u00f3n Superior en Ciencias de la Educaci\u00f3n, especializado en formaci\u00f3n e innovaci\u00f3n educativa. Coordinador Tecnol\u00f3gico en el IES 28 Olga Cossettini. Profesor Adscripto&hellip;<\/p>\n","protected":false},"author":1,"featured_media":0,"parent":0,"menu_order":0,"comment_status":"closed","ping_status":"closed","template":"","meta":{"footnotes":""},"class_list":["post-439","page","type-page","status-publish","hentry"],"featured_image_urls_v2":{"full":"","thumbnail":"","medium":"","medium_large":"","large":"","1536x1536":"","2048x2048":"","trp-custom-language-flag":""},"post_excerpt_stackable_v2":"<p>Profesor de Educaci\u00f3n Superior en Ciencias de la Educaci\u00f3n, especializado en formaci\u00f3n e innovaci\u00f3n educativa. Coordinador Tecnol\u00f3gico en el IES 28 Olga Cossettini. Profesor Adscripto en la c\u00e1tedra de Did\u00e1ctica de Nivel Secundario y Nivel Superior, de 4\u00ba a\u00f1o y en la c\u00e1tedra de Trayecto de la Pr\u00e1ctica: Taller de Docencia IV, de 5\u00ba a\u00f1o (durante 2016 y 2017, cuya tesis final est\u00e1 preparaci\u00f3n), ambas de la carrera de Ciencias de la Educaci\u00f3n, del Instituto de Educaci\u00f3n Superior N\u00ba 28. Investigador sobre la integraci\u00f3n de las tecnolog\u00edas digitales, los medios sociales y la Pedagog\u00eda. Dise\u00f1ador de proyectos, entornos, contenidos y&hellip;<\/p>\n","category_list_v2":"","author_info_v2":{"name":"Administrador","url":"https:\/\/iesoc.edu.ar\/pasantiasdemovilidad\/author\/admin\/"},"comments_num_v2":"0 comments","featured_image_src":null,"_links":{"self":[{"href":"https:\/\/iesoc.edu.ar\/pasantiasdemovilidad\/wp-json\/wp\/v2\/pages\/439","targetHints":{"allow":["GET"]}}],"collection":[{"href":"https:\/\/iesoc.edu.ar\/pasantiasdemovilidad\/wp-json\/wp\/v2\/pages"}],"about":[{"href":"https:\/\/iesoc.edu.ar\/pasantiasdemovilidad\/wp-json\/wp\/v2\/types\/page"}],"author":[{"embeddable":true,"href":"https:\/\/iesoc.edu.ar\/pasantiasdemovilidad\/wp-json\/wp\/v2\/users\/1"}],"replies":[{"embeddable":true,"href":"https:\/\/iesoc.edu.ar\/pasantiasdemovilidad\/wp-json\/wp\/v2\/comments?post=439"}],"version-history":[{"count":18,"href":"https:\/\/iesoc.edu.ar\/pasantiasdemovilidad\/wp-json\/wp\/v2\/pages\/439\/revisions"}],"predecessor-version":[{"id":1379,"href":"https:\/\/iesoc.edu.ar\/pasantiasdemovilidad\/wp-json\/wp\/v2\/pages\/439\/revisions\/1379"}],"wp:attachment":[{"href":"https:\/\/iesoc.edu.ar\/pasantiasdemovilidad\/wp-json\/wp\/v2\/media?parent=439"}],"curies":[{"name":"wp","href":"https:\/\/api.w.org\/{rel}","templated":true}]}}