{"id":605,"date":"2019-01-29T12:11:01","date_gmt":"2019-01-29T15:11:01","guid":{"rendered":"http:\/\/iesoc.edu.ar\/pasantiasdemovilidad\/?page_id=605"},"modified":"2019-01-29T12:25:05","modified_gmt":"2019-01-29T15:25:05","slug":"nery-rodriguez","status":"publish","type":"page","link":"https:\/\/iesoc.edu.ar\/pasantiasdemovilidad\/nery-rodriguez\/","title":{"rendered":"Nery Rodr\u00edguez"},"content":{"rendered":"\n<div class=\"wp-block-media-text alignwide is-stacked-on-mobile\" style=\"grid-template-columns:26% auto\"><figure class=\"wp-block-media-text__media\"><img loading=\"lazy\" decoding=\"async\" width=\"300\" height=\"308\" src=\"http:\/\/iesoc.edu.ar\/pasantiasdemovilidad\/wp-content\/uploads\/sites\/6\/2019\/01\/NeryRodriguez.jpg\" alt=\"\" class=\"wp-image-477\" srcset=\"https:\/\/iesoc.edu.ar\/pasantiasdemovilidad\/wp-content\/uploads\/sites\/6\/2019\/01\/NeryRodriguez.jpg 300w, https:\/\/iesoc.edu.ar\/pasantiasdemovilidad\/wp-content\/uploads\/sites\/6\/2019\/01\/NeryRodriguez-292x300.jpg 292w\" sizes=\"auto, (max-width: 300px) 100vw, 300px\" \/><\/figure><div class=\"wp-block-media-text__content\">\n<p><strong>Profesor de Educaci\u00f3n Secundaria en Historia<\/strong><\/p>\n\n\n\n<p>Profesor de <strong>Construcci\u00f3n de la ciudadan\u00eda y participaci\u00f3n<\/strong> en la E.E.S.O. N\u00b0 212 \u201cGranaderos de San Mart\u00edn\u201d de Teodelina y en E.E.T.P N\u00b0 484 \u201cPrefectura Naval Argentina\u201d de Villa Ca\u00f1\u00e1s.<\/p>\n\n\n\n<p>Particip\u00f3 en diferentes cursos, jornadas y seminarios:<\/p>\n\n\n\n<ul class=\"wp-block-list\"><li>IX Jornada de Reflexi\u00f3n y Socializaci\u00f3n del Trayecto de la Pr\u00e1ctica: \u201cPr\u00e1cticas docentes en la Escuela Secundaria: Dise\u00f1os Curriculares y Nuevas Trayectorias Escolares\u201d. ( Rosario &#8211; Agosto 2012)<\/li><li>XI Jornada de Reflexi\u00f3n y Socializaci\u00f3n del Trayecto de la Pr\u00e1ctica: \u201cNuevos Escenarios de las pr\u00e1cticas y residencias docentes: diferentes voces y miradas\u201d. (Rosario &#8211; Septiembre 2014)<\/li><li>1er. Encuentro de Reflexi\u00f3n Acad\u00e9mica: \u201cLa potencia de la escuela est\u00e1 en sus problemas\u201d. (Rosario &#8211; Septiembre 2015)<\/li><li>Jornadas Interdisciplinarias de debates sobre el Bicentenario de la declaraci\u00f3n de la Independencia (1816 \u2013 2016). (Rosario &#8211; Octubre 2016)<\/li><li>IX Congreso Nacional de Educaci\u00f3n \u201cLos mundos posibles de la escuela\u201d \u2013 La educaci\u00f3n del otro: alteridades, subjetividades e inclusiones. (Firmat \u2013 Mayo 2017)<\/li><li>\u201cA 100 a\u00f1os de la Revoluci\u00f3n Rusa: pol\u00edtica, econom\u00eda y educaci\u00f3n en la Uni\u00f3n Sovi\u00e9tica de los a\u00f1os 20\u201d (Rosario &#8211; Mayo y Junio 2017)<\/li><\/ul>\n<\/div><\/div>\n","protected":false},"excerpt":{"rendered":"<p>Profesor de Educaci\u00f3n Secundaria en Historia Profesor de Construcci\u00f3n de la ciudadan\u00eda y participaci\u00f3n en la E.E.S.O. N\u00b0 212 \u201cGranaderos de San Mart\u00edn\u201d de Teodelina&hellip;<\/p>\n","protected":false},"author":1,"featured_media":0,"parent":0,"menu_order":0,"comment_status":"closed","ping_status":"closed","template":"","meta":{"footnotes":""},"class_list":["post-605","page","type-page","status-publish","hentry"],"featured_image_urls_v2":{"full":"","thumbnail":"","medium":"","medium_large":"","large":"","1536x1536":"","2048x2048":"","trp-custom-language-flag":""},"post_excerpt_stackable_v2":"<p>Profesor de Educaci\u00f3n Secundaria en Historia Profesor de Construcci\u00f3n de la ciudadan\u00eda y participaci\u00f3n en la E.E.S.O. N\u00b0 212 \u201cGranaderos de San Mart\u00edn\u201d de Teodelina y en E.E.T.P N\u00b0 484 \u201cPrefectura Naval Argentina\u201d de Villa Ca\u00f1\u00e1s. Particip\u00f3 en diferentes cursos, jornadas y seminarios: IX Jornada de Reflexi\u00f3n y Socializaci\u00f3n del Trayecto de la Pr\u00e1ctica: \u201cPr\u00e1cticas docentes en la Escuela Secundaria: Dise\u00f1os Curriculares y Nuevas Trayectorias Escolares\u201d. ( Rosario &#8211; Agosto 2012)XI Jornada de Reflexi\u00f3n y Socializaci\u00f3n del Trayecto de la Pr\u00e1ctica: \u201cNuevos Escenarios de las pr\u00e1cticas y residencias docentes: diferentes voces y miradas\u201d. (Rosario &#8211; Septiembre 2014)1er. Encuentro de Reflexi\u00f3n&hellip;<\/p>\n","category_list_v2":"","author_info_v2":{"name":"Administrador","url":"https:\/\/iesoc.edu.ar\/pasantiasdemovilidad\/author\/admin\/"},"comments_num_v2":"0 comments","featured_image_src":null,"_links":{"self":[{"href":"https:\/\/iesoc.edu.ar\/pasantiasdemovilidad\/wp-json\/wp\/v2\/pages\/605","targetHints":{"allow":["GET"]}}],"collection":[{"href":"https:\/\/iesoc.edu.ar\/pasantiasdemovilidad\/wp-json\/wp\/v2\/pages"}],"about":[{"href":"https:\/\/iesoc.edu.ar\/pasantiasdemovilidad\/wp-json\/wp\/v2\/types\/page"}],"author":[{"embeddable":true,"href":"https:\/\/iesoc.edu.ar\/pasantiasdemovilidad\/wp-json\/wp\/v2\/users\/1"}],"replies":[{"embeddable":true,"href":"https:\/\/iesoc.edu.ar\/pasantiasdemovilidad\/wp-json\/wp\/v2\/comments?post=605"}],"version-history":[{"count":3,"href":"https:\/\/iesoc.edu.ar\/pasantiasdemovilidad\/wp-json\/wp\/v2\/pages\/605\/revisions"}],"predecessor-version":[{"id":610,"href":"https:\/\/iesoc.edu.ar\/pasantiasdemovilidad\/wp-json\/wp\/v2\/pages\/605\/revisions\/610"}],"wp:attachment":[{"href":"https:\/\/iesoc.edu.ar\/pasantiasdemovilidad\/wp-json\/wp\/v2\/media?parent=605"}],"curies":[{"name":"wp","href":"https:\/\/api.w.org\/{rel}","templated":true}]}}