{"id":681,"date":"2019-01-30T10:06:18","date_gmt":"2019-01-30T13:06:18","guid":{"rendered":"http:\/\/iesoc.edu.ar\/pasantiasdemovilidad\/?page_id=681"},"modified":"2019-01-30T10:13:47","modified_gmt":"2019-01-30T13:13:47","slug":"indira-de-los-santos-milisenda","status":"publish","type":"page","link":"https:\/\/iesoc.edu.ar\/pasantiasdemovilidad\/indira-de-los-santos-milisenda\/","title":{"rendered":"Indira de los Santos Milisenda"},"content":{"rendered":"\n<div class=\"wp-block-media-text alignwide is-stacked-on-mobile\" style=\"grid-template-columns:26% auto\"><figure class=\"wp-block-media-text__media\"><img loading=\"lazy\" decoding=\"async\" width=\"283\" height=\"276\" src=\"http:\/\/iesoc.edu.ar\/pasantiasdemovilidad\/wp-content\/uploads\/sites\/6\/2019\/01\/IndiraDe-LosSantosMilisenda-e1547685809154.jpeg\" alt=\"\" class=\"wp-image-465\"\/><\/figure><div class=\"wp-block-media-text__content\">\n<p><strong>Profesora en Lengua y Literatura de Nivel Secundario<\/strong><\/p>\n\n\n\n<p>Profesora de apoyo escolar en el marco del proyecto sociocomunitario <strong>\u201cAcompa\u00f1ando a la educaci\u00f3n p\u00fablica\u201d<\/strong>, durante el a\u00f1o 2016.<\/p>\n\n\n\n<p>Particip\u00f3 en diferentes cursos, jornadas y seminarios.<\/p>\n<\/div><\/div>\n","protected":false},"excerpt":{"rendered":"<p>Profesora en Lengua y Literatura de Nivel Secundario Profesora de apoyo escolar en el marco del proyecto sociocomunitario \u201cAcompa\u00f1ando a la educaci\u00f3n p\u00fablica\u201d, durante el&hellip;<\/p>\n","protected":false},"author":1,"featured_media":0,"parent":0,"menu_order":0,"comment_status":"closed","ping_status":"closed","template":"","meta":{"footnotes":""},"class_list":["post-681","page","type-page","status-publish","hentry"],"featured_image_urls_v2":{"full":"","thumbnail":"","medium":"","medium_large":"","large":"","1536x1536":"","2048x2048":"","trp-custom-language-flag":""},"post_excerpt_stackable_v2":"<p>Profesora en Lengua y Literatura de Nivel Secundario Profesora de apoyo escolar en el marco del proyecto sociocomunitario \u201cAcompa\u00f1ando a la educaci\u00f3n p\u00fablica\u201d, durante el a\u00f1o 2016. Particip\u00f3 en diferentes cursos, jornadas y seminarios.<\/p>\n","category_list_v2":"","author_info_v2":{"name":"Administrador","url":"https:\/\/iesoc.edu.ar\/pasantiasdemovilidad\/author\/admin\/"},"comments_num_v2":"0 comments","featured_image_src":null,"_links":{"self":[{"href":"https:\/\/iesoc.edu.ar\/pasantiasdemovilidad\/wp-json\/wp\/v2\/pages\/681","targetHints":{"allow":["GET"]}}],"collection":[{"href":"https:\/\/iesoc.edu.ar\/pasantiasdemovilidad\/wp-json\/wp\/v2\/pages"}],"about":[{"href":"https:\/\/iesoc.edu.ar\/pasantiasdemovilidad\/wp-json\/wp\/v2\/types\/page"}],"author":[{"embeddable":true,"href":"https:\/\/iesoc.edu.ar\/pasantiasdemovilidad\/wp-json\/wp\/v2\/users\/1"}],"replies":[{"embeddable":true,"href":"https:\/\/iesoc.edu.ar\/pasantiasdemovilidad\/wp-json\/wp\/v2\/comments?post=681"}],"version-history":[{"count":2,"href":"https:\/\/iesoc.edu.ar\/pasantiasdemovilidad\/wp-json\/wp\/v2\/pages\/681\/revisions"}],"predecessor-version":[{"id":684,"href":"https:\/\/iesoc.edu.ar\/pasantiasdemovilidad\/wp-json\/wp\/v2\/pages\/681\/revisions\/684"}],"wp:attachment":[{"href":"https:\/\/iesoc.edu.ar\/pasantiasdemovilidad\/wp-json\/wp\/v2\/media?parent=681"}],"curies":[{"name":"wp","href":"https:\/\/api.w.org\/{rel}","templated":true}]}}