{"id":691,"date":"2019-01-30T11:56:52","date_gmt":"2019-01-30T14:56:52","guid":{"rendered":"http:\/\/iesoc.edu.ar\/pasantiasdemovilidad\/?page_id=691"},"modified":"2019-01-30T12:05:20","modified_gmt":"2019-01-30T15:05:20","slug":"florencia-piccirillo","status":"publish","type":"page","link":"https:\/\/iesoc.edu.ar\/pasantiasdemovilidad\/florencia-piccirillo\/","title":{"rendered":"Florencia Piccirillo"},"content":{"rendered":"\n<div class=\"wp-block-media-text alignwide is-stacked-on-mobile\" style=\"grid-template-columns:26% auto\"><figure class=\"wp-block-media-text__media\"><img loading=\"lazy\" decoding=\"async\" width=\"280\" height=\"283\" src=\"http:\/\/iesoc.edu.ar\/pasantiasdemovilidad\/wp-content\/uploads\/sites\/6\/2019\/01\/FlorenciaPiccirillo-e1547685874838.jpeg\" alt=\"\" class=\"wp-image-463\"\/><\/figure><div class=\"wp-block-media-text__content\">\n<p><strong>Profesora de Educaci\u00f3n Secundaria en Matem\u00e1tica<\/strong><\/p>\n\n\n\n<p>Profesora de apoyo escolar en el marco del proyecto sociocomunitario <strong>\u201cAcompa\u00f1ando a la educaci\u00f3n p\u00fablica\u201d<\/strong>, durante el a\u00f1o 2016.<\/p>\n\n\n\n<p>Particip\u00f3 en diferentes cursos, jornadas y seminarios:<\/p>\n\n\n\n<ul class=\"wp-block-list\"><li>Voluntaria en emergencia sanitaria, curso de primeros auxilios dictado y otorgado por el SIES (Sistema Integrado de Emergencias Sanitarias).<\/li><li>Participaci\u00f3n en car\u00e1cter de asistente a la II Jornada de Sensibilizaci\u00f3n  \u201cEducaci\u00f3n e Inclusi\u00f3n en el Nivel Superior\u201d desarrollada en I.E.S N\u00b0 28 \u201cOlga Cossettini.<\/li><li> Participaci\u00f3n en car\u00e1cter de asistente a la VI Jornada: \u201cExperiencias educativas latinoamericanas en clave Cossettini. Proyecciones actuales\u201d organizadas por el Instituto de Educaci\u00f3n Superior N\u00b0 28 \u201cOlga Cossettini\u201d.<\/li><li>Participaci\u00f3n en curso dictado por Junior Archivement, \u201cLas ventajas de permanecer en la escuela\u201d.<\/li><li>Primer nivel rendido y aprobado en la Alianza Francesa de Rosario.<\/li><\/ul>\n<\/div><\/div>\n","protected":false},"excerpt":{"rendered":"<p>Profesora de Educaci\u00f3n Secundaria en Matem\u00e1tica Profesora de apoyo escolar en el marco del proyecto sociocomunitario \u201cAcompa\u00f1ando a la educaci\u00f3n p\u00fablica\u201d, durante el a\u00f1o 2016.&hellip;<\/p>\n","protected":false},"author":1,"featured_media":0,"parent":0,"menu_order":0,"comment_status":"closed","ping_status":"closed","template":"","meta":{"footnotes":""},"class_list":["post-691","page","type-page","status-publish","hentry"],"featured_image_urls_v2":{"full":"","thumbnail":"","medium":"","medium_large":"","large":"","1536x1536":"","2048x2048":"","trp-custom-language-flag":""},"post_excerpt_stackable_v2":"<p>Profesora de Educaci\u00f3n Secundaria en Matem\u00e1tica Profesora de apoyo escolar en el marco del proyecto sociocomunitario \u201cAcompa\u00f1ando a la educaci\u00f3n p\u00fablica\u201d, durante el a\u00f1o 2016. Particip\u00f3 en diferentes cursos, jornadas y seminarios: Voluntaria en emergencia sanitaria, curso de primeros auxilios dictado y otorgado por el SIES (Sistema Integrado de Emergencias Sanitarias).Participaci\u00f3n en car\u00e1cter de asistente a la II Jornada de Sensibilizaci\u00f3n \u201cEducaci\u00f3n e Inclusi\u00f3n en el Nivel Superior\u201d desarrollada en I.E.S N\u00b0 28 \u201cOlga Cossettini. Participaci\u00f3n en car\u00e1cter de asistente a la VI Jornada: \u201cExperiencias educativas latinoamericanas en clave Cossettini. Proyecciones actuales\u201d organizadas por el Instituto de Educaci\u00f3n Superior N\u00b0&hellip;<\/p>\n","category_list_v2":"","author_info_v2":{"name":"Administrador","url":"https:\/\/iesoc.edu.ar\/pasantiasdemovilidad\/author\/admin\/"},"comments_num_v2":"0 comments","featured_image_src":null,"_links":{"self":[{"href":"https:\/\/iesoc.edu.ar\/pasantiasdemovilidad\/wp-json\/wp\/v2\/pages\/691","targetHints":{"allow":["GET"]}}],"collection":[{"href":"https:\/\/iesoc.edu.ar\/pasantiasdemovilidad\/wp-json\/wp\/v2\/pages"}],"about":[{"href":"https:\/\/iesoc.edu.ar\/pasantiasdemovilidad\/wp-json\/wp\/v2\/types\/page"}],"author":[{"embeddable":true,"href":"https:\/\/iesoc.edu.ar\/pasantiasdemovilidad\/wp-json\/wp\/v2\/users\/1"}],"replies":[{"embeddable":true,"href":"https:\/\/iesoc.edu.ar\/pasantiasdemovilidad\/wp-json\/wp\/v2\/comments?post=691"}],"version-history":[{"count":4,"href":"https:\/\/iesoc.edu.ar\/pasantiasdemovilidad\/wp-json\/wp\/v2\/pages\/691\/revisions"}],"predecessor-version":[{"id":697,"href":"https:\/\/iesoc.edu.ar\/pasantiasdemovilidad\/wp-json\/wp\/v2\/pages\/691\/revisions\/697"}],"wp:attachment":[{"href":"https:\/\/iesoc.edu.ar\/pasantiasdemovilidad\/wp-json\/wp\/v2\/media?parent=691"}],"curies":[{"name":"wp","href":"https:\/\/api.w.org\/{rel}","templated":true}]}}