{"id":105,"date":"2017-12-13T01:49:18","date_gmt":"2017-12-13T04:49:18","guid":{"rendered":"http:\/\/iesoc.edu.ar\/practica\/?page_id=105"},"modified":"2023-08-16T11:27:53","modified_gmt":"2023-08-16T14:27:53","slug":"acerca-de-este-sitio","status":"publish","type":"page","link":"https:\/\/iesoc.edu.ar\/practica\/acerca-de-este-sitio\/","title":{"rendered":"Acerca de este sitio"},"content":{"rendered":"<p>Esta web forma parte de la Red de sitios del Instituto de Educaci\u00f3n Superior N\u00ba 28 \u201cOlga Cossettini\u201d. Es administrado y mantenido desde el mismo Instituto. Su dise\u00f1o y desarrollo forma parte de la puesta en acci\u00f3n del proyecto <em>Medios digitales en la educaci\u00f3n. Desarrollo y puesta en acci\u00f3n de un ecosistema digital a nivel institucional para diversificar, enriquecer y potenciar la ense\u00f1anza<\/em>.<\/p>\n<h2>CONTACTAR AL ADMINISTRADOR<\/h2>\n<p>Si tiene alg\u00fan comentario o sugerencia utilice el formulario de contacto. De ese modo se enviar\u00e1 su mensaje al administrador.<\/p>\n<h2>ACCESIBILIDAD<\/h2>\n<h3>ARCHIVOS PDF<\/h3>\n<p>Parte de la informaci\u00f3n de este sitio web est\u00e1 en Portable Document Format (PDF). Se necesita <strong>Adobe Reader<\/strong> para leer este tipo de archivos. Adobe Reader se puede descargar gratuitamente desde el sitio web de Adobe.<\/p>\n<h2>CR\u00c9DITOS<\/h2>\n<p>Este sitio web es desarrollado por este equipo de personas:<\/p>\n<p><strong>Coordinador:<\/strong><\/p>\n<p>Prof. Julia Osella<\/p>\n<p><strong>Desarrollador web:<\/strong><\/p>\n<p>Prof. Gustavo Almir\u00f3n<\/p>\n","protected":false},"excerpt":{"rendered":"<p>Esta web forma parte de la Red de sitios del Instituto de Educaci\u00f3n Superior N\u00ba 28 \u201cOlga Cossettini\u201d. Es administrado y mantenido desde el mismo&hellip;<\/p>\n","protected":false},"author":1,"featured_media":0,"parent":0,"menu_order":0,"comment_status":"closed","ping_status":"closed","template":"","meta":{"footnotes":""},"class_list":["post-105","page","type-page","status-publish","hentry"],"featured_image_urls_v2":{"full":"","thumbnail":"","medium":"","medium_large":"","large":"","1536x1536":"","2048x2048":"","trp-custom-language-flag":""},"post_excerpt_stackable_v2":"<p>Esta web forma parte de la Red de sitios del Instituto de Educaci\u00f3n Superior N\u00ba 28 \u201cOlga Cossettini\u201d. Es administrado y mantenido desde el mismo Instituto. Su dise\u00f1o y desarrollo forma parte de la puesta en acci\u00f3n del proyecto Medios digitales en la educaci\u00f3n. Desarrollo y puesta en acci\u00f3n de un ecosistema digital a nivel institucional para diversificar, enriquecer y potenciar la ense\u00f1anza. CONTACTAR AL ADMINISTRADOR Si tiene alg\u00fan comentario o sugerencia utilice el formulario de contacto. De ese modo se enviar\u00e1 su mensaje al administrador. ACCESIBILIDAD ARCHIVOS PDF Parte de la informaci\u00f3n de este sitio web est\u00e1 en Portable&hellip;<\/p>\n","category_list_v2":"","author_info_v2":{"name":"Administrador","url":"https:\/\/iesoc.edu.ar\/practica\/author\/admin\/"},"comments_num_v2":"0 comments","featured_image_src":null,"jetpack_sharing_enabled":true,"_links":{"self":[{"href":"https:\/\/iesoc.edu.ar\/practica\/wp-json\/wp\/v2\/pages\/105","targetHints":{"allow":["GET"]}}],"collection":[{"href":"https:\/\/iesoc.edu.ar\/practica\/wp-json\/wp\/v2\/pages"}],"about":[{"href":"https:\/\/iesoc.edu.ar\/practica\/wp-json\/wp\/v2\/types\/page"}],"author":[{"embeddable":true,"href":"https:\/\/iesoc.edu.ar\/practica\/wp-json\/wp\/v2\/users\/1"}],"replies":[{"embeddable":true,"href":"https:\/\/iesoc.edu.ar\/practica\/wp-json\/wp\/v2\/comments?post=105"}],"version-history":[{"count":3,"href":"https:\/\/iesoc.edu.ar\/practica\/wp-json\/wp\/v2\/pages\/105\/revisions"}],"predecessor-version":[{"id":1001,"href":"https:\/\/iesoc.edu.ar\/practica\/wp-json\/wp\/v2\/pages\/105\/revisions\/1001"}],"wp:attachment":[{"href":"https:\/\/iesoc.edu.ar\/practica\/wp-json\/wp\/v2\/media?parent=105"}],"curies":[{"name":"wp","href":"https:\/\/api.w.org\/{rel}","templated":true}]}}