{"id":205,"date":"2017-12-14T22:07:53","date_gmt":"2017-12-15T01:07:53","guid":{"rendered":"http:\/\/iesoc.edu.ar\/practica\/?page_id=205"},"modified":"2019-06-14T18:31:49","modified_gmt":"2019-06-14T21:31:49","slug":"bibliografia","status":"publish","type":"page","link":"https:\/\/iesoc.edu.ar\/practica\/bibliografia\/","title":{"rendered":"Bibliograf\u00eda"},"content":{"rendered":"\n<p>\n\nEl repositorio bibliogr\u00e1fico tiene como objetivo recopilar, gestionar, presentar y difundir de manera amigable textos digitales curados por la <strong>Jefatura del Trayecto de la Pr\u00e1ctica<\/strong>, a fin de garantizar a profesores y estudiantes el acceso a material bibliogr\u00e1fico y favorecer la actualizaci\u00f3n permanente.\n\n<\/p>\n\n\n\n<p><span class=\"label label-info\">Ayuda<\/span> Clic en el t\u00edtulo para alternar entre mostrar u ocultar contenido<\/p>\n\n\n\n<div class=\"wp-block-ugb-accordion ugb-accordion\" role=\"presentation\"><div class=\"ugb-accordion__heading\" role=\"button\" tabindex=\"0\" aria-expanded=\"false\"><h4 role=\"heading\" aria-level=\"3\">General p\u00fablica<\/h4><svg viewbox=\"0 0 20 20\" xmlns=\"http:\/\/www.w3.org\/2000\/svg\" width=\"20\" height=\"20\"><path d=\"M16.7 3.3L10 10 3.3 3.4 0 6.7l10 10v-.1l10-9.9z\"><\/path><\/svg><\/div><p class=\"ugb-accordion__text\" role=\"region\"><a rel=\"noreferrer noopener\" aria-label=\"El rol del profesor coformador en los espacios de la pr\u00e1ctica en la formaci\u00f3n docente - Mar\u00eda Fernanda Foresi (opens in a new tab)\" href=\"http:\/\/iesoc.edu.ar\/practica\/wp-content\/uploads\/sites\/4\/2019\/06\/ElRolDelProfesorCoformador-Foresi.pdf\" target=\"_blank\">El rol del profesor coformador en los espacios de la pr\u00e1ctica en la formaci\u00f3n docente &#8211; Mar\u00eda Fernanda Foresi<\/a><\/p><\/div>\n\n\n\n<div class=\"wp-block-ugb-accordion ugb-accordion\" role=\"presentation\"><div class=\"ugb-accordion__heading\" role=\"button\" tabindex=\"0\" aria-expanded=\"false\"><h4 role=\"heading\" aria-level=\"3\">General para docentes del IES N\u00ba 28<\/h4><svg viewbox=\"0 0 20 20\" xmlns=\"http:\/\/www.w3.org\/2000\/svg\" width=\"20\" height=\"20\"><path d=\"M16.7 3.3L10 10 3.3 3.4 0 6.7l10 10v-.1l10-9.9z\"><\/path><\/svg><\/div><p class=\"ugb-accordion__text\" role=\"region\">Para acceder a la <strong>Bibliograf\u00eda general para docentes<\/strong> se necesita una contrase\u00f1a de acceso. Si no posee la contrase\u00f1a, contacte al administrador o al Jefe del Departamento del trayecto de la Pr\u00e1ctica.<br> [bs_button size=&#8221;md&#8221; type=&#8221;primary&#8221; value=&#8221;Ver bibliograf\u00eda genral&#8221; href=&#8221; http:\/\/iesoc.edu.ar\/practica\/bibliografia-general\/&#8221;]<\/p><\/div>\n\n\n\n<div class=\"wp-block-ugb-accordion ugb-accordion\" role=\"presentation\"><div class=\"ugb-accordion__heading\" role=\"button\" tabindex=\"0\" aria-expanded=\"false\"><h4 role=\"heading\" aria-level=\"3\">Profesorado de Educaci\u00f3n Superior en Ciencias de la Educaci\u00f3n<\/h4><svg viewbox=\"0 0 20 20\" xmlns=\"http:\/\/www.w3.org\/2000\/svg\" width=\"20\" height=\"20\"><path d=\"M16.7 3.3L10 10 3.3 3.4 0 6.7l10 10v-.1l10-9.9z\"><\/path><\/svg><\/div><p class=\"ugb-accordion__text\" role=\"region\">Bibliograf\u00eda espec\u00edfica\u2026<\/p><\/div>\n\n\n\n<div class=\"wp-block-ugb-accordion ugb-accordion\" role=\"presentation\"><div class=\"ugb-accordion__heading\" role=\"button\" tabindex=\"0\" aria-expanded=\"false\"><h4 role=\"heading\" aria-level=\"3\">Profesorado de F\u00edsica<\/h4><svg viewbox=\"0 0 20 20\" xmlns=\"http:\/\/www.w3.org\/2000\/svg\" width=\"20\" height=\"20\"><path d=\"M16.7 3.3L10 10 3.3 3.4 0 6.7l10 10v-.1l10-9.9z\"><\/path><\/svg><\/div><p class=\"ugb-accordion__text\" role=\"region\">Bibliograf\u00eda espec\u00edfica\u2026<\/p><\/div>\n\n\n\n<div class=\"wp-block-ugb-accordion ugb-accordion\" role=\"presentation\"><div class=\"ugb-accordion__heading\" role=\"button\" tabindex=\"0\" aria-expanded=\"false\"><h4 role=\"heading\" aria-level=\"3\"> Profesorado de Franc\u00e9s<\/h4><svg viewbox=\"0 0 20 20\" xmlns=\"http:\/\/www.w3.org\/2000\/svg\" width=\"20\" height=\"20\"><path d=\"M16.7 3.3L10 10 3.3 3.4 0 6.7l10 10v-.1l10-9.9z\"><\/path><\/svg><\/div><p class=\"ugb-accordion__text\" role=\"region\">Bibliograf\u00eda espec\u00edfica\u2026<\/p><\/div>\n\n\n\n<div class=\"wp-block-ugb-accordion ugb-accordion\" role=\"presentation\"><div class=\"ugb-accordion__heading\" role=\"button\" tabindex=\"0\" aria-expanded=\"false\"><h4 role=\"heading\" aria-level=\"3\">Profesorado de Historia<\/h4><svg viewbox=\"0 0 20 20\" xmlns=\"http:\/\/www.w3.org\/2000\/svg\" width=\"20\" height=\"20\"><path d=\"M16.7 3.3L10 10 3.3 3.4 0 6.7l10 10v-.1l10-9.9z\"><\/path><\/svg><\/div><p class=\"ugb-accordion__text\" role=\"region\">Bibliograf\u00eda espec\u00edfica\u2026<\/p><\/div>\n\n\n\n<div class=\"wp-block-ugb-accordion ugb-accordion\" role=\"presentation\"><div class=\"ugb-accordion__heading\" role=\"button\" tabindex=\"0\" aria-expanded=\"false\"><h4 role=\"heading\" aria-level=\"3\">Profesorado de Ingl\u00e9s para Nivel Inicial y Primario<\/h4><svg viewbox=\"0 0 20 20\" xmlns=\"http:\/\/www.w3.org\/2000\/svg\" width=\"20\" height=\"20\"><path d=\"M16.7 3.3L10 10 3.3 3.4 0 6.7l10 10v-.1l10-9.9z\"><\/path><\/svg><\/div><p class=\"ugb-accordion__text\" role=\"region\">Bibliograf\u00eda espec\u00edfica\u2026<\/p><\/div>\n\n\n\n<div class=\"wp-block-ugb-accordion ugb-accordion\" role=\"presentation\"><div class=\"ugb-accordion__heading\" role=\"button\" tabindex=\"0\" aria-expanded=\"false\"><h4 role=\"heading\" aria-level=\"3\">Profesorado de Ingl\u00e9s para la Educaci\u00f3n Secundaria<\/h4><svg viewbox=\"0 0 20 20\" xmlns=\"http:\/\/www.w3.org\/2000\/svg\" width=\"20\" height=\"20\"><path d=\"M16.7 3.3L10 10 3.3 3.4 0 6.7l10 10v-.1l10-9.9z\"><\/path><\/svg><\/div><p class=\"ugb-accordion__text\" role=\"region\">Bibliograf\u00eda espec\u00edfica\u2026<\/p><\/div>\n\n\n\n<div class=\"wp-block-ugb-accordion ugb-accordion\" role=\"presentation\"><div class=\"ugb-accordion__heading\" role=\"button\" tabindex=\"0\" aria-expanded=\"false\"><h4 role=\"heading\" aria-level=\"3\">Profesorado de Lengua y Literatura<\/h4><svg viewbox=\"0 0 20 20\" xmlns=\"http:\/\/www.w3.org\/2000\/svg\" width=\"20\" height=\"20\"><path d=\"M16.7 3.3L10 10 3.3 3.4 0 6.7l10 10v-.1l10-9.9z\"><\/path><\/svg><\/div><p class=\"ugb-accordion__text\" role=\"region\">Bibliograf\u00eda espec\u00edfica\u2026<\/p><\/div>\n\n\n\n<div class=\"wp-block-ugb-accordion ugb-accordion\" role=\"presentation\"><div class=\"ugb-accordion__heading\" role=\"button\" tabindex=\"0\" aria-expanded=\"false\"><h4 role=\"heading\" aria-level=\"3\">Profesorado de Matem\u00e1tica<\/h4><svg viewbox=\"0 0 20 20\" xmlns=\"http:\/\/www.w3.org\/2000\/svg\" width=\"20\" height=\"20\"><path d=\"M16.7 3.3L10 10 3.3 3.4 0 6.7l10 10v-.1l10-9.9z\"><\/path><\/svg><\/div><p class=\"ugb-accordion__text\" role=\"region\">Bibliograf\u00eda espec\u00edfica\u2026<\/p><\/div>\n","protected":false},"excerpt":{"rendered":"<p>El repositorio bibliogr\u00e1fico tiene como objetivo recopilar, gestionar, presentar y difundir de manera amigable textos digitales curados por la Jefatura del Trayecto de la Pr\u00e1ctica,&hellip;<\/p>\n","protected":false},"author":1,"featured_media":0,"parent":0,"menu_order":0,"comment_status":"closed","ping_status":"closed","template":"","meta":{"footnotes":""},"class_list":["post-205","page","type-page","status-publish","hentry"],"featured_image_urls_v2":{"full":"","thumbnail":"","medium":"","medium_large":"","large":"","1536x1536":"","2048x2048":"","trp-custom-language-flag":""},"post_excerpt_stackable_v2":"<p>El repositorio bibliogr\u00e1fico tiene como objetivo recopilar, gestionar, presentar y difundir de manera amigable textos digitales curados por la Jefatura del Trayecto de la Pr\u00e1ctica, a fin de garantizar a profesores y estudiantes el acceso a material bibliogr\u00e1fico y favorecer la actualizaci\u00f3n permanente. Ayuda Clic en el t\u00edtulo para alternar entre mostrar u ocultar contenido General p\u00fablicaEl rol del profesor coformador en los espacios de la pr\u00e1ctica en la formaci\u00f3n docente &#8211; Mar\u00eda Fernanda Foresi General para docentes del IES N\u00ba 28Para acceder a la Bibliograf\u00eda general para docentes se necesita una contrase\u00f1a de acceso. Si no posee la contrase\u00f1a,&hellip;<\/p>\n","category_list_v2":"","author_info_v2":{"name":"Administrador","url":"https:\/\/iesoc.edu.ar\/practica\/author\/admin\/"},"comments_num_v2":"0 comments","featured_image_src":null,"jetpack_sharing_enabled":true,"_links":{"self":[{"href":"https:\/\/iesoc.edu.ar\/practica\/wp-json\/wp\/v2\/pages\/205","targetHints":{"allow":["GET"]}}],"collection":[{"href":"https:\/\/iesoc.edu.ar\/practica\/wp-json\/wp\/v2\/pages"}],"about":[{"href":"https:\/\/iesoc.edu.ar\/practica\/wp-json\/wp\/v2\/types\/page"}],"author":[{"embeddable":true,"href":"https:\/\/iesoc.edu.ar\/practica\/wp-json\/wp\/v2\/users\/1"}],"replies":[{"embeddable":true,"href":"https:\/\/iesoc.edu.ar\/practica\/wp-json\/wp\/v2\/comments?post=205"}],"version-history":[{"count":5,"href":"https:\/\/iesoc.edu.ar\/practica\/wp-json\/wp\/v2\/pages\/205\/revisions"}],"predecessor-version":[{"id":633,"href":"https:\/\/iesoc.edu.ar\/practica\/wp-json\/wp\/v2\/pages\/205\/revisions\/633"}],"wp:attachment":[{"href":"https:\/\/iesoc.edu.ar\/practica\/wp-json\/wp\/v2\/media?parent=205"}],"curies":[{"name":"wp","href":"https:\/\/api.w.org\/{rel}","templated":true}]}}