{"id":62,"date":"2017-12-12T14:54:22","date_gmt":"2017-12-12T17:54:22","guid":{"rendered":"http:\/\/iesoc.edu.ar\/practica\/?page_id=62"},"modified":"2024-12-10T20:07:28","modified_gmt":"2024-12-10T23:07:28","slug":"contacto","status":"publish","type":"page","link":"https:\/\/iesoc.edu.ar\/practica\/contacto\/","title":{"rendered":"Contacto"},"content":{"rendered":"<h2>DEPARTAMENTO DEL TRAYECTO DE LA PR\u00c1CTICA<\/h2>\n<p>INSTITUTO DE EDUCACI\u00d3N SUPERIOR N\u00ba 28 \u2013 \u201cOLGA COSSETTINI\u201d<br \/>\nSarmiento 2902, S2001SBH<\/p>\n<p>Rosario, Santa Fe, Argentina<\/p>\n<p>Si tiene alguna duda o consulta, escr\u00edbanos por favor a trav\u00e9s del formulario de contacto que se encuentra al pie.<\/p>\n<p>Por alg\u00fan problema o comentarios relacionados con este sitio web, p\u00f3ngase en contacto con el administrador.<\/p>\n<div class=\"wpforms-container wpforms-container-full\" id=\"wpforms-340\"><form id=\"wpforms-form-340\" class=\"wpforms-validate wpforms-form\" data-formid=\"340\" method=\"post\" enctype=\"multipart\/form-data\" action=\"\/practica\/wp-json\/wp\/v2\/pages\/62\" data-token=\"ed61c42be4c1c7c96cedd07f75c166e9\" data-token-time=\"1776535461\"><noscript class=\"wpforms-error-noscript\">Please enable JavaScript in your browser to complete this form.<\/noscript><div class=\"wpforms-field-container\"><div id=\"wpforms-340-field_1-container\" class=\"wpforms-field wpforms-field-text\" data-field-id=\"1\"><label class=\"wpforms-field-label wpforms-label-hide\" for=\"wpforms-340-field_1\">Apellido y nombre <span class=\"wpforms-required-label\">*<\/span><\/label><input type=\"text\" id=\"wpforms-340-field_1\" class=\"wpforms-field-medium wpforms-field-required\" name=\"wpforms[fields][1]\" placeholder=\"Apellido y nombre\" required><\/div><div id=\"wpforms-340-field_2-container\" class=\"wpforms-field wpforms-field-email\" data-field-id=\"2\"><label class=\"wpforms-field-label wpforms-label-hide\">Correo electr\u00f3nico <span class=\"wpforms-required-label\">*<\/span><\/label><div class=\"wpforms-field-row wpforms-field-medium\"><div class=\"wpforms-field-row-block wpforms-one-half wpforms-first\"><input type=\"email\" id=\"wpforms-340-field_2\" class=\"wpforms-field-required wpforms-field-email-primary\" name=\"wpforms[fields][2][primary]\" placeholder=\"Correo electr\u00f3nico\" spellcheck=\"false\" required><label for=\"wpforms-340-field_2\" class=\"wpforms-field-sublabel after\">Correo<\/label><\/div><div class=\"wpforms-field-row-block wpforms-one-half\"><input type=\"email\" id=\"wpforms-340-field_2-secondary\" class=\"wpforms-field-email-secondary wpforms-field-required\" data-rule-confirm=\"#wpforms-340-field_2\" name=\"wpforms[fields][2][secondary]\" spellcheck=\"false\" required><label for=\"wpforms-340-field_2-secondary\" class=\"wpforms-field-sublabel after\">Confirmar correo<\/label><\/div><\/div><\/div><div id=\"wpforms-340-field_3-container\" class=\"wpforms-field wpforms-field-textarea\" data-field-id=\"3\"><label class=\"wpforms-field-label wpforms-label-hide\" for=\"wpforms-340-field_3\">Consulta <span class=\"wpforms-required-label\">*<\/span><\/label><textarea id=\"wpforms-340-field_3\" class=\"wpforms-field-medium wpforms-field-required\" name=\"wpforms[fields][3]\" placeholder=\"Consulta\" required><\/textarea><\/div><\/div><!-- .wpforms-field-container --><div class=\"wpforms-field wpforms-field-hp\"><label for=\"wpforms-340-field-hp\" class=\"wpforms-field-label\">Name<\/label><input type=\"text\" name=\"wpforms[hp]\" id=\"wpforms-340-field-hp\" class=\"wpforms-field-medium\"><\/div><div class=\"wpforms-recaptcha-container wpforms-is-recaptcha wpforms-is-recaptcha-type-v2\" ><div class=\"g-recaptcha\" data-sitekey=\"6LfqpTIUAAAAAKSVPPvp6x0mOzA5OtlNmeMl8SiP\"><\/div><input type=\"text\" name=\"g-recaptcha-hidden\" class=\"wpforms-recaptcha-hidden\" style=\"position:absolute!important;clip:rect(0,0,0,0)!important;height:1px!important;width:1px!important;border:0!important;overflow:hidden!important;padding:0!important;margin:0!important;\" data-rule-recaptcha=\"1\"><\/div><div class=\"wpforms-submit-container\" ><input type=\"hidden\" name=\"wpforms[id]\" value=\"340\"><input type=\"hidden\" name=\"page_title\" value=\"\"><input type=\"hidden\" name=\"page_url\" value=\"https:\/\/iesoc.edu.ar\/practica\/wp-json\/wp\/v2\/pages\/62\"><input type=\"hidden\" name=\"url_referer\" value=\"\"><button type=\"submit\" name=\"wpforms[submit]\" id=\"wpforms-submit-340\" class=\"wpforms-submit\" data-alt-text=\"Enviando...\" data-submit-text=\"Enviar\" aria-live=\"assertive\" value=\"wpforms-submit\">Enviar<\/button><\/div><\/form><\/div>  <!-- .wpforms-container -->\n","protected":false},"excerpt":{"rendered":"<p>DEPARTAMENTO DEL TRAYECTO DE LA PR\u00c1CTICA INSTITUTO DE EDUCACI\u00d3N SUPERIOR N\u00ba 28 \u2013 \u201cOLGA COSSETTINI\u201d Sarmiento 2902, S2001SBH Rosario, Santa Fe, Argentina Si tiene alguna&hellip;<\/p>\n","protected":false},"author":1,"featured_media":0,"parent":0,"menu_order":0,"comment_status":"closed","ping_status":"closed","template":"","meta":{"footnotes":""},"class_list":["post-62","page","type-page","status-publish","hentry"],"featured_image_urls_v2":{"full":"","thumbnail":"","medium":"","medium_large":"","large":"","1536x1536":"","2048x2048":"","trp-custom-language-flag":""},"post_excerpt_stackable_v2":"<p>DEPARTAMENTO DEL TRAYECTO DE LA PR\u00c1CTICA INSTITUTO DE EDUCACI\u00d3N SUPERIOR N\u00ba 28 \u2013 \u201cOLGA COSSETTINI\u201d Sarmiento 2902, S2001SBH Rosario, Santa Fe, Argentina Si tiene alguna duda o consulta, escr\u00edbanos por favor a trav\u00e9s del formulario de contacto que se encuentra al pie. Por alg\u00fan problema o comentarios relacionados con este sitio web, p\u00f3ngase en contacto con el administrador. Please enable JavaScript in your browser to complete this form.Apellido y nombre *Correo electr\u00f3nico *CorreoConfirmar correoConsulta *PhoneEnviar<\/p>\n","category_list_v2":"","author_info_v2":{"name":"Administrador","url":"https:\/\/iesoc.edu.ar\/practica\/author\/admin\/"},"comments_num_v2":"0 comments","featured_image_src":null,"jetpack_sharing_enabled":true,"_links":{"self":[{"href":"https:\/\/iesoc.edu.ar\/practica\/wp-json\/wp\/v2\/pages\/62","targetHints":{"allow":["GET"]}}],"collection":[{"href":"https:\/\/iesoc.edu.ar\/practica\/wp-json\/wp\/v2\/pages"}],"about":[{"href":"https:\/\/iesoc.edu.ar\/practica\/wp-json\/wp\/v2\/types\/page"}],"author":[{"embeddable":true,"href":"https:\/\/iesoc.edu.ar\/practica\/wp-json\/wp\/v2\/users\/1"}],"replies":[{"embeddable":true,"href":"https:\/\/iesoc.edu.ar\/practica\/wp-json\/wp\/v2\/comments?post=62"}],"version-history":[{"count":2,"href":"https:\/\/iesoc.edu.ar\/practica\/wp-json\/wp\/v2\/pages\/62\/revisions"}],"predecessor-version":[{"id":1028,"href":"https:\/\/iesoc.edu.ar\/practica\/wp-json\/wp\/v2\/pages\/62\/revisions\/1028"}],"wp:attachment":[{"href":"https:\/\/iesoc.edu.ar\/practica\/wp-json\/wp\/v2\/media?parent=62"}],"curies":[{"name":"wp","href":"https:\/\/api.w.org\/{rel}","templated":true}]}}