{"id":2,"date":"2017-10-05T20:41:17","date_gmt":"2017-10-05T23:41:17","guid":{"rendered":"http:\/\/iesoc.edu.ar\/publicaciones\/?page_id=2"},"modified":"2024-05-15T11:07:06","modified_gmt":"2024-05-15T14:07:06","slug":"bienvenidos","status":"publish","type":"page","link":"https:\/\/iesoc.edu.ar\/publicaciones\/","title":{"rendered":"Bienvenidos"},"content":{"rendered":"\n<p>El <strong>Departamento de Investigaci\u00f3n y Publicaciones<\/strong> del <strong>Instituto de Ense\u00f1anza Superior N.\u00ba 28  Olga Cosettini<\/strong> despliega sus funciones en torno a dos ejes centrales: el est\u00edmulo y acompa\u00f1amiento de las investigaciones institucionales y la publicaci\u00f3n de lo producido en el IES. Alrededor de esas directrices, se articulan las tareas de vinculaci\u00f3n con las diversas carreras del instituto y con los dem\u00e1s departamentos transversales.<\/p>\n\n\n\n<p>Desde este espacio sostenemos la centralidad de la vinculaci\u00f3n entre formaci\u00f3n docente e investigaci\u00f3n en consonancia con las caracter\u00edsticas del contexto en el que se desarrolla dicha relaci\u00f3n. Esto significa repensar la relaci\u00f3n entre investigaci\u00f3n disciplinar y formaci\u00f3n de formadores en un marco donde se est\u00e1n discutiendo y redefiniendo las condiciones de posibilidad para que la investigaci\u00f3n sea una realidad y no una imposibilidad.<\/p>\n\n\n\n<h2 class=\"wp-block-heading\"> \u00daltimas noticias<\/h2>\n\n\n\n<div class=\"wp-block-ugb-blog-posts ugb-blog-posts ugb-82bf5dd ugb-blog-posts--v2 ugb-blog-posts--design-basic ugb-blog-posts--columns-3 ugb-main-block\"><style>.ugb-82bf5dd .ugb-blog-posts__featured-image{border-radius:0px !important}<\/style><div class=\"ugb-inner-block\"><div class=\"ugb-block-content\"><article class=\"ugb-blog-posts__item\"><div class=\"ugb-blog-posts__content\"><figure class=\"ugb-blog-posts__featured-image ugb--shadow-3\"><a href=\"https:\/\/iesoc.edu.ar\/publicaciones\/intersecciones-n-5-murga-y-didactica-propuestas-didacticas-para-la-escuela-media\/\"><img loading=\"lazy\" decoding=\"async\" width=\"560\" height=\"840\" src=\"https:\/\/iesoc.edu.ar\/publicaciones\/wp-content\/uploads\/sites\/3\/2026\/04\/\u2022-InterSecciones-1-560x840.png\" class=\"attachment-large size-large wp-post-image\" alt=\"\" \/><\/a><\/figure><div class=\"ugb-blog-posts__category\"><a href=\"https:\/\/iesoc.edu.ar\/publicaciones\/category\/intersecciones\/\" rel=\"category tag\">Intersecciones<\/a>, <a href=\"https:\/\/iesoc.edu.ar\/publicaciones\/category\/publicaciones\/\" rel=\"category tag\">Publicaciones<\/a>, <a href=\"https:\/\/iesoc.edu.ar\/publicaciones\/category\/repositorio-virtual\/\" rel=\"category tag\">Repositorio virtual<\/a><\/div><h3 class=\"ugb-blog-posts__title\"><a href=\"https:\/\/iesoc.edu.ar\/publicaciones\/intersecciones-n-5-murga-y-didactica-propuestas-didacticas-para-la-escuela-media\/\">InterSecciones N.\u00b0 5: Murga y did\u00e1ctica Propuestas did\u00e1cticas para la escuela media<\/a><\/h3><aside class=\"entry-meta ugb-blog-posts__meta\"><time datetime=\"2026-04-07T11:52:12-03:00\" class=\"ugb-blog-posts__date\">7 abril, 2026<\/time><\/aside><div class=\"ugb-blog-posts__excerpt\"><p>Compartimos el nuevo n\u00famero de la Revista InterSecciones N\u00b0 5: Murga y did\u00e1ctica (2026). Intersecciones N\u00ba 5Descarga Contenido La s\u00e1tira&#8230;<\/div><p class=\"ugb-blog-posts__readmore\"><a href=\"https:\/\/iesoc.edu.ar\/publicaciones\/intersecciones-n-5-murga-y-didactica-propuestas-didacticas-para-la-escuela-media\/\">Seguir leyendo&#8230;<\/a><\/p><\/div><\/article><article class=\"ugb-blog-posts__item\"><div class=\"ugb-blog-posts__content\"><figure class=\"ugb-blog-posts__featured-image ugb--shadow-3\"><a href=\"https:\/\/iesoc.edu.ar\/publicaciones\/convocatoria-para-el-n-21-de-conexion-revista-de-investigaciones-y-propuestas-educativas\/\"><img loading=\"lazy\" decoding=\"async\" width=\"840\" height=\"840\" src=\"https:\/\/iesoc.edu.ar\/publicaciones\/wp-content\/uploads\/sites\/3\/2026\/03\/Abierta-hasta-el-30-de-junio-840x840.png\" class=\"attachment-large size-large wp-post-image\" alt=\"\" \/><\/a><\/figure><div class=\"ugb-blog-posts__category\"><a href=\"https:\/\/iesoc.edu.ar\/publicaciones\/category\/conexion\/\" rel=\"category tag\">Conexi\u00f3n<\/a>, <a href=\"https:\/\/iesoc.edu.ar\/publicaciones\/category\/convocatorias\/\" rel=\"category tag\">Convocatorias<\/a><\/div><h3 class=\"ugb-blog-posts__title\"><a href=\"https:\/\/iesoc.edu.ar\/publicaciones\/convocatoria-para-el-n-21-de-conexion-revista-de-investigaciones-y-propuestas-educativas\/\">Convocatoria para el N.\u00b0 21 de Conexi\u00f3n. Revista de Investigaciones y Propuestas Educativas<\/a><\/h3><aside class=\"entry-meta ugb-blog-posts__meta\"><time datetime=\"2026-03-01T22:20:16-03:00\" class=\"ugb-blog-posts__date\">1 marzo, 2026<\/time><\/aside><div class=\"ugb-blog-posts__excerpt\"><p>Acerca de la revista Conexi\u00f3n, Revista de Investigaciones y Propuestas Educativas es una publicaci\u00f3n peri\u00f3dica, editada por el Instituto N.\u00ba&#8230;<\/div><p class=\"ugb-blog-posts__readmore\"><a href=\"https:\/\/iesoc.edu.ar\/publicaciones\/convocatoria-para-el-n-21-de-conexion-revista-de-investigaciones-y-propuestas-educativas\/\">Seguir leyendo&#8230;<\/a><\/p><\/div><\/article><article class=\"ugb-blog-posts__item\"><div class=\"ugb-blog-posts__content\"><figure class=\"ugb-blog-posts__featured-image ugb--shadow-3\"><a href=\"https:\/\/iesoc.edu.ar\/publicaciones\/memoria-institucional-2025\/\"><img loading=\"lazy\" decoding=\"async\" width=\"594\" height=\"840\" src=\"https:\/\/iesoc.edu.ar\/publicaciones\/wp-content\/uploads\/sites\/3\/2025\/12\/MEMORIA-2024-INSTITUTO-DE-ENSENANZA-SUPERIOR-N.\u00b0-28-OLGA-COSSETTINI-1-594x840.png\" class=\"attachment-large size-large wp-post-image\" alt=\"\" \/><\/a><\/figure><div class=\"ugb-blog-posts__category\"><a href=\"https:\/\/iesoc.edu.ar\/publicaciones\/category\/memorias\/\" rel=\"category tag\">Memorias<\/a>, <a href=\"https:\/\/iesoc.edu.ar\/publicaciones\/category\/noticias\/\" rel=\"category tag\">Noticias<\/a>, <a href=\"https:\/\/iesoc.edu.ar\/publicaciones\/category\/repositorio-virtual\/\" rel=\"category tag\">Repositorio virtual<\/a><\/div><h3 class=\"ugb-blog-posts__title\"><a href=\"https:\/\/iesoc.edu.ar\/publicaciones\/memoria-institucional-2025\/\">Memoria institucional 2025<\/a><\/h3><aside class=\"entry-meta ugb-blog-posts__meta\"><time datetime=\"2025-12-18T14:11:00-03:00\" class=\"ugb-blog-posts__date\">18 diciembre, 2025<\/time><\/aside><div class=\"ugb-blog-posts__excerpt\"><p>Compartimos la nueva Memoria Institucional del IES N.\u00b0 28 Olga Cossettini.\u00a0<\/p>\n<\/div><p class=\"ugb-blog-posts__readmore\"><a href=\"https:\/\/iesoc.edu.ar\/publicaciones\/memoria-institucional-2025\/\">Seguir leyendo&#8230;<\/a><\/p><\/div><\/article><\/div><\/div><\/div>\n","protected":false},"excerpt":{"rendered":"<p>El Departamento de Investigaci\u00f3n y Publicaciones del Instituto de Ense\u00f1anza Superior N.\u00ba 28 Olga Cosettini despliega sus funciones en torno a dos ejes centrales: el&hellip;<\/p>\n","protected":false},"author":1,"featured_media":27,"parent":0,"menu_order":0,"comment_status":"closed","ping_status":"open","template":"","meta":{"footnotes":""},"class_list":["post-2","page","type-page","status-publish","has-post-thumbnail","hentry"],"featured_image_urls_v2":{"full":["https:\/\/iesoc.edu.ar\/publicaciones\/wp-content\/uploads\/sites\/3\/2017\/10\/croppedfondo2.jpeg",1600,460,false],"thumbnail":["https:\/\/iesoc.edu.ar\/publicaciones\/wp-content\/uploads\/sites\/3\/2017\/10\/croppedfondo2-150x150.jpeg",150,150,true],"medium":["https:\/\/iesoc.edu.ar\/publicaciones\/wp-content\/uploads\/sites\/3\/2017\/10\/croppedfondo2-300x86.jpeg",300,86,true],"medium_large":["https:\/\/iesoc.edu.ar\/publicaciones\/wp-content\/uploads\/sites\/3\/2017\/10\/croppedfondo2-768x221.jpeg",768,221,true],"large":["https:\/\/iesoc.edu.ar\/publicaciones\/wp-content\/uploads\/sites\/3\/2017\/10\/croppedfondo2-1024x294.jpeg",840,241,true],"1536x1536":["https:\/\/iesoc.edu.ar\/publicaciones\/wp-content\/uploads\/sites\/3\/2017\/10\/croppedfondo2.jpeg",1536,442,false],"2048x2048":["https:\/\/iesoc.edu.ar\/publicaciones\/wp-content\/uploads\/sites\/3\/2017\/10\/croppedfondo2.jpeg",1600,460,false],"trp-custom-language-flag":["https:\/\/iesoc.edu.ar\/publicaciones\/wp-content\/uploads\/sites\/3\/2017\/10\/croppedfondo2.jpeg",18,5,false]},"post_excerpt_stackable_v2":"<p>El Departamento de Investigaci\u00f3n y Publicaciones del Instituto de Ense\u00f1anza Superior N.\u00ba 28 Olga Cosettini despliega sus funciones en torno a dos ejes centrales: el est\u00edmulo y acompa\u00f1amiento de las investigaciones institucionales y la publicaci\u00f3n de lo producido en el IES. Alrededor de esas directrices, se articulan las tareas de vinculaci\u00f3n con las diversas carreras del instituto y con los dem\u00e1s departamentos transversales. Desde este espacio sostenemos la centralidad de la vinculaci\u00f3n entre formaci\u00f3n docente e investigaci\u00f3n en consonancia con las caracter\u00edsticas del contexto en el que se desarrolla dicha relaci\u00f3n. Esto significa repensar la relaci\u00f3n entre investigaci\u00f3n disciplinar y&hellip;<\/p>\n","category_list_v2":"","author_info_v2":{"name":"Administrador","url":"https:\/\/iesoc.edu.ar\/publicaciones\/author\/admin\/"},"comments_num_v2":"0 comments","featured_image_src":"https:\/\/iesoc.edu.ar\/publicaciones\/wp-content\/uploads\/sites\/3\/2017\/10\/croppedfondo2.jpeg","jetpack_sharing_enabled":true,"_links":{"self":[{"href":"https:\/\/iesoc.edu.ar\/publicaciones\/wp-json\/wp\/v2\/pages\/2","targetHints":{"allow":["GET"]}}],"collection":[{"href":"https:\/\/iesoc.edu.ar\/publicaciones\/wp-json\/wp\/v2\/pages"}],"about":[{"href":"https:\/\/iesoc.edu.ar\/publicaciones\/wp-json\/wp\/v2\/types\/page"}],"author":[{"embeddable":true,"href":"https:\/\/iesoc.edu.ar\/publicaciones\/wp-json\/wp\/v2\/users\/1"}],"replies":[{"embeddable":true,"href":"https:\/\/iesoc.edu.ar\/publicaciones\/wp-json\/wp\/v2\/comments?post=2"}],"version-history":[{"count":10,"href":"https:\/\/iesoc.edu.ar\/publicaciones\/wp-json\/wp\/v2\/pages\/2\/revisions"}],"predecessor-version":[{"id":998,"href":"https:\/\/iesoc.edu.ar\/publicaciones\/wp-json\/wp\/v2\/pages\/2\/revisions\/998"}],"wp:featuredmedia":[{"embeddable":true,"href":"https:\/\/iesoc.edu.ar\/publicaciones\/wp-json\/wp\/v2\/media\/27"}],"wp:attachment":[{"href":"https:\/\/iesoc.edu.ar\/publicaciones\/wp-json\/wp\/v2\/media?parent=2"}],"curies":[{"name":"wp","href":"https:\/\/api.w.org\/{rel}","templated":true}]}}