{"id":349,"date":"2017-10-05T23:09:08","date_gmt":"2017-10-06T02:09:08","guid":{"rendered":"http:\/\/iesoc.edu.ar\/publicaciones\/?page_id=349"},"modified":"2024-12-10T20:06:27","modified_gmt":"2024-12-10T23:06:27","slug":"contacto","status":"publish","type":"page","link":"https:\/\/iesoc.edu.ar\/publicaciones\/contacto\/","title":{"rendered":"Contacto"},"content":{"rendered":"<h2>Departamento de Investigaci\u00f3n y Publicaciones<\/h2>\n<h4>Instituto de Educaci\u00f3n Superior N\u00ba 28 &#8211; \u201cOlga Cossettini\u201d<\/h4>\n<p>Sarmiento 2902, S2001SBH<\/p>\n<p>Rosario, Santa Fe, Argentina<\/p>\n<p>Si tiene alguna duda o consulta, escr\u00edbanos por favor a trav\u00e9s del formulario de contacto que se encuentra al pie.<\/p>\n<p>Por alg\u00fan problema o comentarios relacionados con este sitio web, p\u00f3ngase en contacto con el administrador.<\/p>\n<div class=\"wpforms-container wpforms-container-full\" id=\"wpforms-402\"><form id=\"wpforms-form-402\" class=\"wpforms-validate wpforms-form\" data-formid=\"402\" method=\"post\" enctype=\"multipart\/form-data\" action=\"\/publicaciones\/wp-json\/wp\/v2\/pages\/349\" data-token=\"6ff6bb4757354dfd9e6e58134bbb7b1c\" data-token-time=\"1776509948\"><noscript class=\"wpforms-error-noscript\">Please enable JavaScript in your browser to complete this form.<\/noscript><div class=\"wpforms-field-container\"><div id=\"wpforms-402-field_0-container\" class=\"wpforms-field wpforms-field-name\" data-field-id=\"0\"><label class=\"wpforms-field-label wpforms-label-hide\" for=\"wpforms-402-field_0\">Apellido y nombre <span class=\"wpforms-required-label\">*<\/span><\/label><input type=\"text\" id=\"wpforms-402-field_0\" class=\"wpforms-field-medium wpforms-field-required\" name=\"wpforms[fields][0]\" placeholder=\"Apellido y nombre\" required><\/div><div id=\"wpforms-402-field_1-container\" class=\"wpforms-field wpforms-field-email\" data-field-id=\"1\"><label class=\"wpforms-field-label wpforms-label-hide\" for=\"wpforms-402-field_1\">Correo electr\u00f3nico <span class=\"wpforms-required-label\">*<\/span><\/label><input type=\"email\" id=\"wpforms-402-field_1\" class=\"wpforms-field-medium wpforms-field-required\" name=\"wpforms[fields][1]\" placeholder=\"Correo electr\u00f3nico\" spellcheck=\"false\" required><\/div><div id=\"wpforms-402-field_2-container\" class=\"wpforms-field wpforms-field-textarea\" data-field-id=\"2\"><label class=\"wpforms-field-label wpforms-label-hide\" for=\"wpforms-402-field_2\">Mensaje <span class=\"wpforms-required-label\">*<\/span><\/label><textarea id=\"wpforms-402-field_2\" class=\"wpforms-field-medium wpforms-field-required\" name=\"wpforms[fields][2]\" placeholder=\"Mensaje\" required><\/textarea><\/div><\/div><!-- .wpforms-field-container --><div class=\"wpforms-field wpforms-field-hp\"><label for=\"wpforms-402-field-hp\" class=\"wpforms-field-label\">Phone<\/label><input type=\"text\" name=\"wpforms[hp]\" id=\"wpforms-402-field-hp\" class=\"wpforms-field-medium\"><\/div><div class=\"wpforms-recaptcha-container wpforms-is-recaptcha wpforms-is-recaptcha-type-v2\" ><div class=\"g-recaptcha\" data-sitekey=\"6LfqpTIUAAAAAKSVPPvp6x0mOzA5OtlNmeMl8SiP\"><\/div><input type=\"text\" name=\"g-recaptcha-hidden\" class=\"wpforms-recaptcha-hidden\" style=\"position:absolute!important;clip:rect(0,0,0,0)!important;height:1px!important;width:1px!important;border:0!important;overflow:hidden!important;padding:0!important;margin:0!important;\" data-rule-recaptcha=\"1\"><\/div><div class=\"wpforms-submit-container\" ><input type=\"hidden\" name=\"wpforms[id]\" value=\"402\"><input type=\"hidden\" name=\"page_title\" value=\"\"><input type=\"hidden\" name=\"page_url\" value=\"https:\/\/iesoc.edu.ar\/publicaciones\/wp-json\/wp\/v2\/pages\/349\"><input type=\"hidden\" name=\"url_referer\" value=\"\"><button type=\"submit\" name=\"wpforms[submit]\" id=\"wpforms-submit-402\" class=\"wpforms-submit\" data-alt-text=\"Enviando...\" data-submit-text=\"Enviar\" aria-live=\"assertive\" value=\"wpforms-submit\">Enviar<\/button><\/div><\/form><\/div>  <!-- .wpforms-container -->\n","protected":false},"excerpt":{"rendered":"<p>Departamento de Investigaci\u00f3n y Publicaciones Instituto de Educaci\u00f3n Superior N\u00ba 28 &#8211; \u201cOlga Cossettini\u201d Sarmiento 2902, S2001SBH Rosario, Santa Fe, Argentina Si tiene alguna duda&hellip;<\/p>\n","protected":false},"author":1,"featured_media":0,"parent":0,"menu_order":0,"comment_status":"closed","ping_status":"closed","template":"","meta":{"footnotes":""},"class_list":["post-349","page","type-page","status-publish","hentry"],"featured_image_urls_v2":{"full":"","thumbnail":"","medium":"","medium_large":"","large":"","1536x1536":"","2048x2048":"","trp-custom-language-flag":""},"post_excerpt_stackable_v2":"<p>Departamento de Investigaci\u00f3n y Publicaciones Instituto de Educaci\u00f3n Superior N\u00ba 28 &#8211; \u201cOlga Cossettini\u201d Sarmiento 2902, S2001SBH Rosario, Santa Fe, Argentina Si tiene alguna duda o consulta, escr\u00edbanos por favor a trav\u00e9s del formulario de contacto que se encuentra al pie. Por alg\u00fan problema o comentarios relacionados con este sitio web, p\u00f3ngase en contacto con el administrador. Please enable JavaScript in your browser to complete this form.Apellido y nombre *Correo electr\u00f3nico *Mensaje *CommentEnviar<\/p>\n","category_list_v2":"","author_info_v2":{"name":"Administrador","url":"https:\/\/iesoc.edu.ar\/publicaciones\/author\/admin\/"},"comments_num_v2":"0 comments","featured_image_src":null,"jetpack_sharing_enabled":true,"_links":{"self":[{"href":"https:\/\/iesoc.edu.ar\/publicaciones\/wp-json\/wp\/v2\/pages\/349","targetHints":{"allow":["GET"]}}],"collection":[{"href":"https:\/\/iesoc.edu.ar\/publicaciones\/wp-json\/wp\/v2\/pages"}],"about":[{"href":"https:\/\/iesoc.edu.ar\/publicaciones\/wp-json\/wp\/v2\/types\/page"}],"author":[{"embeddable":true,"href":"https:\/\/iesoc.edu.ar\/publicaciones\/wp-json\/wp\/v2\/users\/1"}],"replies":[{"embeddable":true,"href":"https:\/\/iesoc.edu.ar\/publicaciones\/wp-json\/wp\/v2\/comments?post=349"}],"version-history":[{"count":2,"href":"https:\/\/iesoc.edu.ar\/publicaciones\/wp-json\/wp\/v2\/pages\/349\/revisions"}],"predecessor-version":[{"id":1045,"href":"https:\/\/iesoc.edu.ar\/publicaciones\/wp-json\/wp\/v2\/pages\/349\/revisions\/1045"}],"wp:attachment":[{"href":"https:\/\/iesoc.edu.ar\/publicaciones\/wp-json\/wp\/v2\/media?parent=349"}],"curies":[{"name":"wp","href":"https:\/\/api.w.org\/{rel}","templated":true}]}}