{"id":1717,"date":"2023-07-05T00:45:53","date_gmt":"2023-07-05T03:45:53","guid":{"rendered":"https:\/\/iesoc.edu.ar\/virtual\/?page_id=1717"},"modified":"2023-07-12T13:57:29","modified_gmt":"2023-07-12T16:57:29","slug":"generador-proyectos-cd","status":"publish","type":"page","link":"https:\/\/iesoc.edu.ar\/virtual\/generador-proyectos-cd\/","title":{"rendered":"Generador de Presentaci\u00f3n de Proyectos para tratar en el Consejo Directivo"},"content":{"rendered":"<div style=\"background-color: #d9edf7; color: #31708f; border-left-color: #31708f; \" class=\"ub-styled-box ub-notification-box wp-block-ub-styled-box\" id=\"ub-styled-box-18aa5683-2082-43e1-bffc-db7a725508f5\">\n<p id=\"ub-styled-box-notification-content-\"><strong><span style=\"color: #222222;background-color: #e5ffaa\" class=\"stk-highlight\">LEER ATENTAMENTE ANTES DE CONTINUAR<\/span><\/strong><\/p>\n\n\n\n<p>Al momento de decidir la presentaci\u00f3n de proyectos se debe tener en cuenta lo siguiente:<\/p>\n\n\n\n<ul class=\"wp-block-list\">\n<li>Si se trata de un proyecto que implique articulaci\u00f3n con organizaciones, instituciones y\/o movimientos sociales, se recomienda configurarlo como <strong>Proyecto de Extensi\u00f3n<\/strong>. Para ello se han de seguir los lineamientos de la convocatoria del <strong>Departamento de Extensi\u00f3n<\/strong>: <a rel=\"noreferrer noopener\" href=\"https:\/\/drive.google.com\/file\/d\/1znp7iuM-QogaibbIIWuexkXBHpZEPgRk\/view\" target=\"_blank\"><strong><span style=\"color: #222222;background-color: #e5ffaa\" class=\"stk-highlight\">haga clic aqu\u00ed para leerla<\/span><\/strong><\/a>. Puede contactarse con la Jefatura de Extensi\u00f3n en <em><strong>extension@iesoc.edu.ar<\/strong><\/em>.<\/li>\n<\/ul>\n\n\n\n<ul class=\"wp-block-list\">\n<li>Si el proyecto se configura como instancia de capacitaci\u00f3n en el marco de la formaci\u00f3n continua o perfeccionamiento de docentes\/profesionales, se ha de realizar la presentaci\u00f3n a trav\u00e9s del Departamento de Capacitaci\u00f3n: <strong><span style=\"color: #222222;background-color: #e5ffaa\" class=\"stk-highlight\"><a href=\"https:\/\/drive.google.com\/file\/d\/16WniN7U_ZJBhF48UXCiUSE7Tr3AkVGXD\/view\" target=\"_blank\" rel=\"noreferrer noopener\">haga clic aqu\u00ed para leer el protocolo de presentaci\u00f3n<\/a><\/span><\/strong>. Puede contactarse con la Jefatura de Capacitaci\u00f3n en <strong><em>capacitacion@iesoc.edu.ar<\/em><\/strong>.<\/li>\n\n\n\n<li>Si el Proyecto no implica articulaci\u00f3n con otras organizaciones, instituciones o movimientos sociales ni tampoco se trata de una capacitaci\u00f3n referida a formaci\u00f3n docente\/perfeccionamiento, entonces s\u00ed se presentar\u00e1 en Reuni\u00f3n de <strong>Consejo Directivo<\/strong> a partir de una nota dirigida al mismo y siguiendo el modelo que se ofrece a continuaci\u00f3n.<\/li>\n<\/ul>\n\n\n<\/div>\n\n\n<p>Complete los datos a continuaci\u00f3n. Cuando haya finalizado, presione <strong>&#8220;Enviar documento para imprimir&#8221;<\/strong> y recibir\u00e1 en el correo electr\u00f3nico indicado, una copia completa de la <strong>Presentaci\u00f3n de Proyectos para tratar en el Consejo Directivo<\/strong>, con los datos aqu\u00ed consignados.<\/p>\n\n\n\n<p>Tambi\u00e9n puede<strong> <a href=\"https:\/\/docs.google.com\/document\/d\/11K0-qHU5lUkADa6cIpGCEPdl-AwL2OIbekSC5aFxIEk\/export?format=doc\" target=\"_blank\" rel=\"noreferrer noopener\"><span style=\"color: #222222;background-color: #e5ffaa\" class=\"stk-highlight\">hacer clic aqu\u00ed<\/span><\/a><\/strong> y descargar el documento para completarlo e imprimirlo.<\/p>\n\n\n\n<p>Imprima el documento y pres\u00e9ntelo impreso por <strong>Mesa de entradas<\/strong>, adjunto a una nota dirigida al <strong>Consejo Directivo<\/strong>.<\/p>\n\n\n\n<iframe loading=\"lazy\" src=\"https:\/\/script.google.com\/macros\/s\/AKfycbyxXcpwP1rq8Ji9xlhxNKG22LzkWjAxgJNM3gBceuSOHlvGr-r0_D9-UoVlgwpS3Uxg\/exec\" marginheight=\"2\" marginwidth=\"2\" width=\"100%\" height=\"1000\" frameborder=\"0\">Cargando\u2026<\/iframe>\n","protected":false},"excerpt":{"rendered":"<p>Complete los datos a continuaci\u00f3n. Cuando haya finalizado, presione &#8220;Enviar documento para imprimir&#8221; y recibir\u00e1 en el correo electr\u00f3nico indicado, una copia completa de la&hellip;<\/p>\n","protected":false},"author":1,"featured_media":0,"parent":0,"menu_order":0,"comment_status":"closed","ping_status":"closed","template":"","meta":{"footnotes":""},"class_list":["post-1717","page","type-page","status-publish","hentry"],"featured_image_urls_v2":{"full":"","thumbnail":"","medium":"","medium_large":"","large":"","1536x1536":"","2048x2048":"","trp-custom-language-flag":""},"post_excerpt_stackable_v2":"<p>LEER ATENTAMENTE ANTES DE CONTINUAR Al momento de decidir la presentaci\u00f3n de proyectos se debe tener en cuenta lo siguiente: Si se trata de un proyecto que implique articulaci\u00f3n con organizaciones, instituciones y\/o movimientos sociales, se recomienda configurarlo como Proyecto de Extensi\u00f3n. Para ello se han de seguir los lineamientos de la convocatoria del Departamento de Extensi\u00f3n: haga clic aqu\u00ed para leerla. Puede contactarse con la Jefatura de Extensi\u00f3n en extension@iesoc.edu.ar. Si el proyecto se configura como instancia de capacitaci\u00f3n en el marco de la formaci\u00f3n continua o perfeccionamiento de docentes\/profesionales, se ha de realizar la presentaci\u00f3n a trav\u00e9s del&hellip;<\/p>\n","category_list_v2":"","author_info_v2":{"name":"Administrador","url":"https:\/\/iesoc.edu.ar\/virtual\/author\/admin\/"},"comments_num_v2":"0 comments","featured_image_src":null,"jetpack_sharing_enabled":true,"_links":{"self":[{"href":"https:\/\/iesoc.edu.ar\/virtual\/wp-json\/wp\/v2\/pages\/1717","targetHints":{"allow":["GET"]}}],"collection":[{"href":"https:\/\/iesoc.edu.ar\/virtual\/wp-json\/wp\/v2\/pages"}],"about":[{"href":"https:\/\/iesoc.edu.ar\/virtual\/wp-json\/wp\/v2\/types\/page"}],"author":[{"embeddable":true,"href":"https:\/\/iesoc.edu.ar\/virtual\/wp-json\/wp\/v2\/users\/1"}],"replies":[{"embeddable":true,"href":"https:\/\/iesoc.edu.ar\/virtual\/wp-json\/wp\/v2\/comments?post=1717"}],"version-history":[{"count":18,"href":"https:\/\/iesoc.edu.ar\/virtual\/wp-json\/wp\/v2\/pages\/1717\/revisions"}],"predecessor-version":[{"id":1752,"href":"https:\/\/iesoc.edu.ar\/virtual\/wp-json\/wp\/v2\/pages\/1717\/revisions\/1752"}],"wp:attachment":[{"href":"https:\/\/iesoc.edu.ar\/virtual\/wp-json\/wp\/v2\/media?parent=1717"}],"curies":[{"name":"wp","href":"https:\/\/api.w.org\/{rel}","templated":true}]}}