{"id":2061,"date":"2024-04-30T19:20:00","date_gmt":"2024-04-30T22:20:00","guid":{"rendered":"https:\/\/iesoc.edu.ar\/virtual\/?page_id=2061"},"modified":"2026-04-09T11:11:04","modified_gmt":"2026-04-09T14:11:04","slug":"envio-planificaciones","status":"publish","type":"page","link":"https:\/\/iesoc.edu.ar\/virtual\/envio-planificaciones\/","title":{"rendered":"Envi\u00f3 de planificaciones"},"content":{"rendered":"\n<p>Se detallan a continuaci\u00f3n las indicaciones para completar el formulario de env\u00edo de planificaciones correspondientes al Ciclo Lectivo 2026.<\/p>\n\n\n<div style=\"background-color: #d9edf7; color: #31708f; border-left-color: #31708f; \" class=\"ub-styled-box ub-notification-box wp-block-ub-styled-box\" id=\"ub-styled-box-ae9ac6a6-2738-4dc6-a926-3879d5feb213\">\n<p id=\"ub-styled-box-notification-content-\"><strong>El per\u00edodo para el env\u00edo de planificaciones es<span style=\"color: #222222;background-color: #e5ffaa\" class=\"stk-highlight\"> desde el 6 de abril a las 8:00 hasta el 17 de abril a las 22:00<\/span><\/strong>.<\/p>\n\n\n<\/div>\n\n\n<p>Antes de completar el formulario, puede <strong><a href=\"https:\/\/docs.google.com\/document\/d\/1P_VmTuvDC7AgU5fGG8FAyrEbeTrSslMx\/edit?usp=drive_link&amp;ouid=104311347800497569435&amp;rtpof=true&amp;sd=true\" target=\"_blank\" rel=\"noreferrer noopener\">descargar aqu\u00ed un modelo de planificaci\u00f3n<\/a><\/strong>. Este archivo servir\u00e1 como gu\u00eda para organizar los contenidos y asegurar que incluya todos los \u00edtems requeridos. Tambi\u00e9n puede <a href=\"https:\/\/docs.google.com\/document\/d\/1modLAT6NmvmiGgAJdbeiR7kCdsjDDEeE\/edit?usp=sharing&amp;ouid=104311347800497569435&amp;rtpof=true&amp;sd=true\" target=\"_blank\" rel=\"noreferrer noopener\"><strong>descargar aqu\u00ed la plantilla de la portada<\/strong><\/a>.<\/p>\n\n\n\n<h3 class=\"wp-block-heading\">Importante:<\/h3>\n\n\n\n<ul class=\"wp-block-list\">\n<li><strong><span style=\"color: #222222;background-color: #e5ffaa\" class=\"stk-highlight\">Solo se admite una planificaci\u00f3n por env\u00edo<\/span><\/strong>. Si tiene m\u00e1s, repita el proceso.<\/li>\n\n\n\n<li><strong>El <span style=\"color: #222222;background-color: #e5ffaa\" class=\"stk-highlight\">\u00faltimo env\u00edo reemplazar\u00e1 autom\u00e1ticamente cualquier versi\u00f3n anterior que exista bajo los mismos datos <\/span>de materia, curso y divisi\u00f3n.<\/strong><\/li>\n\n\n\n<li><strong><span style=\"color: #222222;background-color: #e5ffaa\" class=\"stk-highlight\">En el <em>acuse de recibo<\/em> encontrar\u00e1<\/span><\/strong>: Una copia del archivo enviado, con el nombre normalizado seg\u00fan el formato institucional.<\/li>\n<\/ul>\n\n\n\n<p>Seleccione la carrera de la planificaci\u00f3n que desea enviar.<\/p>\n\n\n\n<div class=\"wp-block-ugb-button ugb-button-wrapper ugb-b3fb400 ugb-main-block\"><style>.ugb-b3fb400 .ugb-block-content{justify-content:flex-start !important}.ugb-b3fb400 .ugb-button1:hover .ugb-button--inner,.ugb-b3fb400 .ugb-button1:hover svg:not(.ugb-custom-icon){color:#ffffff !important}.ugb-b3fb400 .ugb-button1:hover{background-color:#002858;opacity:1}.ugb-b3fb400 .ugb-button2:hover .ugb-button--inner,.ugb-b3fb400 .ugb-button2:hover svg:not(.ugb-custom-icon){color:#ffffff !important}.ugb-b3fb400 .ugb-button2:hover{background-color:#002858;opacity:1}.ugb-b3fb400 .ugb-inner-block{text-align:left}<\/style><div class=\"ugb-inner-block\"><div class=\"ugb-block-content\"><div class=\"ugb-button-container\"><a class=\"ugb-button1 ugb-button ugb-button--size-normal ugb--hover-effect-lift-scale\" href=\"https:\/\/script.google.com\/macros\/s\/AKfycbzlzkXIMHNQMeBqAIXNRHZ0IXqsYZ7KAyrq95GIPdKQMuTjkCngThpJyZiGL3zaXgV6\/exec\" target=\"_blank\" rel=\"noopener noreferrer\" title=\"\"><span class=\"ugb-button--inner\">Ciencias de la Educaci\u00f3n &#8211; Plan N\u00b0 260\/03<\/span><\/a><\/div><div class=\"ugb-button-container\"><a class=\"ugb-button2 ugb-button ugb-button--size-normal ugb--hover-effect-lift-scale\" href=\"https:\/\/script.google.com\/macros\/s\/AKfycbxM38Knu1gFaHltSsdnwWgE6gG0M2AtZURDxHSlxuU3D4vPWuB8F846NFP_ZlIEgblZPQ\/exec\" target=\"_blank\" rel=\"noopener noreferrer\" title=\"\"><span class=\"ugb-button--inner\">Ciencias de la Educaci\u00f3n &#8211; Plan N\u00b0 2462\/22<\/span><\/a><\/div><\/div><\/div><\/div>\n\n\n\n<div class=\"wp-block-ugb-button ugb-button-wrapper ugb-b3c037c ugb-main-block\"><style>.ugb-b3c037c .ugb-block-content{justify-content:flex-start !important}.ugb-b3c037c .ugb-button1:hover .ugb-button--inner,.ugb-b3c037c .ugb-button1:hover svg:not(.ugb-custom-icon){color:#ffffff !important}.ugb-b3c037c .ugb-button1:hover{background-color:#002858;opacity:1}.ugb-b3c037c .ugb-button2:hover .ugb-button--inner,.ugb-b3c037c .ugb-button2:hover svg:not(.ugb-custom-icon){color:#ffffff !important}.ugb-b3c037c .ugb-button2:hover{background-color:#002858;opacity:1}.ugb-b3c037c .ugb-inner-block{text-align:left}<\/style><div class=\"ugb-inner-block\"><div class=\"ugb-block-content\"><div class=\"ugb-button-container\"><a class=\"ugb-button1 ugb-button ugb-button--size-normal ugb--hover-effect-lift-scale\" href=\"https:\/\/script.google.com\/macros\/s\/AKfycbwIRVMXOFCj0fXYMzewBncUVb6AcnVgWSUthA1kmqqp6q-ofdrx_QrqXt5F_jiiXtm6Yw\/exec\" target=\"_blank\" rel=\"noopener noreferrer\" title=\"\"><span class=\"ugb-button--inner\">F\u00edsica &#8211; Plan N\u00ba 2090\/2015<\/span><\/a><\/div><div class=\"ugb-button-container\"><a class=\"ugb-button2 ugb-button ugb-button--size-normal ugb--hover-effect-lift-scale\" href=\"https:\/\/script.google.com\/macros\/s\/AKfycbyr1EjoZAMTCNpd4LADjccZ6yks8iH73oKH2mSeYBk6Ota2MvaBehbczu1TJ2vZLuUG\/exec\" target=\"_blank\" rel=\"noopener noreferrer\" title=\"\"><span class=\"ugb-button--inner\">Franc\u00e9s &#8211; Plan N\u00ba 696\/2001<\/span><\/a><\/div><\/div><\/div><\/div>\n\n\n\n<div class=\"wp-block-ugb-button ugb-button-wrapper ugb-703562f ugb-main-block\"><style>.ugb-703562f .ugb-block-content{justify-content:flex-start !important}.ugb-703562f .ugb-button1:hover .ugb-button--inner,.ugb-703562f .ugb-button1:hover svg:not(.ugb-custom-icon){color:#ffffff !important}.ugb-703562f .ugb-button1:hover{background-color:#002858;opacity:1}.ugb-703562f .ugb-inner-block{text-align:left}<\/style><div class=\"ugb-inner-block\"><div class=\"ugb-block-content\"><div class=\"ugb-button-container\"><a class=\"ugb-button1 ugb-button ugb-button--size-normal ugb--hover-effect-lift-scale\" href=\"https:\/\/script.google.com\/macros\/s\/AKfycbz2nHEbWvT-wTL3XypjTdTGqLPA9bzESFy8zSMM_g_vNg66msGWL1fY55etQcl0dp1fmQ\/exec\" target=\"_blank\" rel=\"noopener noreferrer\" title=\"\"><span class=\"ugb-button--inner\">Historia &#8211; Plan N\u00ba 1968\/2017<\/span><\/a><\/div><\/div><\/div><\/div>\n\n\n\n<div class=\"wp-block-ugb-button ugb-button-wrapper ugb-1196039 ugb-main-block\"><style>.ugb-1196039 .ugb-block-content{justify-content:flex-start !important}.ugb-1196039 .ugb-button1:hover .ugb-button--inner,.ugb-1196039 .ugb-button1:hover svg:not(.ugb-custom-icon){color:#ffffff !important}.ugb-1196039 .ugb-button1:hover{background-color:#002858;opacity:1}.ugb-1196039 .ugb-button2:hover .ugb-button--inner,.ugb-1196039 .ugb-button2:hover svg:not(.ugb-custom-icon){color:#ffffff !important}.ugb-1196039 .ugb-button2:hover{background-color:#002858;opacity:1}.ugb-1196039 .ugb-inner-block{text-align:left}<\/style><div class=\"ugb-inner-block\"><div class=\"ugb-block-content\"><div class=\"ugb-button-container\"><a class=\"ugb-button1 ugb-button ugb-button--size-normal ugb--hover-effect-lift-scale\" href=\"https:\/\/script.google.com\/macros\/s\/AKfycbysJO6R320hO8PW0RoxE3MWEqGoFT8Zmb7MIVWv7ivXvN-hj_4J-ApEkiifRUAQBJdIlQ\/exec\" target=\"_blank\" rel=\"noopener noreferrer\" title=\"\"><span class=\"ugb-button--inner\">Ingl\u00e9s &#8211; Plan N\u00ba 696\/2001<\/span><\/a><\/div><div class=\"ugb-button-container\"><a class=\"ugb-button2 ugb-button ugb-button--size-normal ugb--hover-effect-lift-scale\" href=\"https:\/\/script.google.com\/macros\/s\/AKfycbzjk0pTWQyPz-cWis4sv7TX7s-SveKJJl_mqgWL6of0KN3pU8T0IjZTEwlXiQfT8PpU\/exec\" target=\"_blank\" rel=\"noopener noreferrer\" title=\"\"><span class=\"ugb-button--inner\">Interpretariado &#8211; Plan N\u00ba 593\/71<\/span><\/a><\/div><\/div><\/div><\/div>\n\n\n\n<div class=\"wp-block-ugb-button ugb-button-wrapper ugb-786647a ugb-main-block\"><style>.ugb-786647a .ugb-block-content{justify-content:flex-start !important}.ugb-786647a .ugb-button1:hover .ugb-button--inner,.ugb-786647a .ugb-button1:hover svg:not(.ugb-custom-icon){color:#ffffff !important}.ugb-786647a .ugb-button1:hover{background-color:#002858;opacity:1}.ugb-786647a .ugb-inner-block{text-align:left}<\/style><div class=\"ugb-inner-block\"><div class=\"ugb-block-content\"><div class=\"ugb-button-container\"><a class=\"ugb-button1 ugb-button ugb-button--size-normal ugb--hover-effect-lift-scale\" href=\"https:\/\/script.google.com\/macros\/s\/AKfycbw6zcdoHnfWKv26WW4zKGERiZL8tlxftWudt1ZmV5WTIgD0PiUEYywAW1rNVbNB1XYA\/exec\" target=\"_blank\" rel=\"noopener noreferrer\" title=\"\"><span class=\"ugb-button--inner\">Lengua y Literatura &#8211; Plan N\u00ba 514\/2018<\/span><\/a><\/div><\/div><\/div><\/div>\n\n\n\n<div class=\"wp-block-ugb-button ugb-button-wrapper ugb-cf2eab6 ugb-main-block\"><style>.ugb-cf2eab6 .ugb-block-content{justify-content:flex-start !important}.ugb-cf2eab6 .ugb-button1:hover .ugb-button--inner,.ugb-cf2eab6 .ugb-button1:hover svg:not(.ugb-custom-icon){color:#ffffff !important}.ugb-cf2eab6 .ugb-button1:hover{background-color:#002858;opacity:1}.ugb-cf2eab6 .ugb-button2:hover .ugb-button--inner,.ugb-cf2eab6 .ugb-button2:hover svg:not(.ugb-custom-icon){color:#ffffff !important}.ugb-cf2eab6 .ugb-button2:hover{background-color:#002858;opacity:1}.ugb-cf2eab6 .ugb-inner-block{text-align:left}<\/style><div class=\"ugb-inner-block\"><div class=\"ugb-block-content\"><div class=\"ugb-button-container\"><a class=\"ugb-button1 ugb-button ugb-button--size-normal ugb--hover-effect-lift-scale\" href=\"https:\/\/script.google.com\/macros\/s\/AKfycbz6SUjV7ifbcbZn-H2muG_qVeC7L9pJNtcJF_5mB5HP1i0i662EtzWRHB_Nt-KwtDoYoQ\/exec\" target=\"_blank\" rel=\"noopener noreferrer\" title=\"\"><span class=\"ugb-button--inner\">Matem\u00e1tica &#8211; Plan N\u00ba 2090\/15<\/span><\/a><\/div><div class=\"ugb-button-container\"><a class=\"ugb-button2 ugb-button ugb-button--size-normal ugb--hover-effect-lift-scale\" href=\"https:\/\/script.google.com\/macros\/s\/AKfycbyK9MxgqSV9kmj3GSBnzOY6nVHZJb1L0c1R8ZxkKwTx2c1GO_xSqll9QXQFO6xTndHJ\/exec\" target=\"_blank\" rel=\"noopener noreferrer\" title=\"\"><span class=\"ugb-button--inner\">Traductorado &#8211; Plan 593\/71<\/span><\/a><\/div><\/div><\/div><\/div>\n\n\n\n<h3 class=\"wp-block-heading\">Preguntas Frecuentes<\/h3>\n\n\n\n<p><strong>Q: <\/strong>\u00bfPuedo enviar planificaciones para varias materias?<br><strong>R:<\/strong> S\u00ed, pero debe completar y enviar un formulario por separado para cada materia.<\/p>\n\n\n\n<p><strong>Q:<\/strong> \u00bfQu\u00e9 hago si no recibo el correo electr\u00f3nico de confirmaci\u00f3n?<br><strong>R:<\/strong> Revise su carpeta de spam\/correo no deseado. Si no aparece, contacte a galmiron@iesoc.edu.ar.<\/p>\n\n\n\n<p><strong>Q:<\/strong> \u00bfC\u00f3mo s\u00e9 si mi planificaci\u00f3n fue recibida correctamente?<br><strong>R:<\/strong> El mensaje de \u00e9xito en pantalla y el correo electr\u00f3nico de confirmaci\u00f3n son su comprobante.<\/p>\n\n\n\n<p><strong>Q: <\/strong>\u00bfPuedo corregir una planificaci\u00f3n ya enviada?<br><strong>R: <\/strong>S\u00ed, simplemente env\u00ede la planificaci\u00f3n completa con la versi\u00f3n corregida usando el mismo formulario.<\/p>\n","protected":false},"excerpt":{"rendered":"<p>Se detallan a continuaci\u00f3n las indicaciones para completar el formulario de env\u00edo de planificaciones correspondientes al Ciclo Lectivo 2026. Antes de completar el formulario, puede&hellip;<\/p>\n","protected":false},"author":1,"featured_media":0,"parent":0,"menu_order":0,"comment_status":"closed","ping_status":"closed","template":"","meta":{"footnotes":""},"class_list":["post-2061","page","type-page","status-publish","hentry"],"featured_image_urls_v2":{"full":"","thumbnail":"","medium":"","medium_large":"","large":"","1536x1536":"","2048x2048":"","trp-custom-language-flag":""},"post_excerpt_stackable_v2":"<p>Se detallan a continuaci\u00f3n las indicaciones para completar el formulario de env\u00edo de planificaciones correspondientes al Ciclo Lectivo 2026. El per\u00edodo para el env\u00edo de planificaciones es desde el 6 de abril a las 8:00 hasta el 17 de abril a las 22:00. Antes de completar el formulario, puede descargar aqu\u00ed un modelo de planificaci\u00f3n. Este archivo servir\u00e1 como gu\u00eda para organizar los contenidos y asegurar que incluya todos los \u00edtems requeridos. Tambi\u00e9n puede descargar aqu\u00ed la plantilla de la portada. Importante: Solo se admite una planificaci\u00f3n por env\u00edo. Si tiene m\u00e1s, repita el proceso. El \u00faltimo env\u00edo reemplazar\u00e1 autom\u00e1ticamente&hellip;<\/p>\n","category_list_v2":"","author_info_v2":{"name":"Administrador","url":"https:\/\/iesoc.edu.ar\/virtual\/author\/admin\/"},"comments_num_v2":"0 comments","featured_image_src":null,"jetpack_sharing_enabled":true,"_links":{"self":[{"href":"https:\/\/iesoc.edu.ar\/virtual\/wp-json\/wp\/v2\/pages\/2061","targetHints":{"allow":["GET"]}}],"collection":[{"href":"https:\/\/iesoc.edu.ar\/virtual\/wp-json\/wp\/v2\/pages"}],"about":[{"href":"https:\/\/iesoc.edu.ar\/virtual\/wp-json\/wp\/v2\/types\/page"}],"author":[{"embeddable":true,"href":"https:\/\/iesoc.edu.ar\/virtual\/wp-json\/wp\/v2\/users\/1"}],"replies":[{"embeddable":true,"href":"https:\/\/iesoc.edu.ar\/virtual\/wp-json\/wp\/v2\/comments?post=2061"}],"version-history":[{"count":50,"href":"https:\/\/iesoc.edu.ar\/virtual\/wp-json\/wp\/v2\/pages\/2061\/revisions"}],"predecessor-version":[{"id":2896,"href":"https:\/\/iesoc.edu.ar\/virtual\/wp-json\/wp\/v2\/pages\/2061\/revisions\/2896"}],"wp:attachment":[{"href":"https:\/\/iesoc.edu.ar\/virtual\/wp-json\/wp\/v2\/media?parent=2061"}],"curies":[{"name":"wp","href":"https:\/\/api.w.org\/{rel}","templated":true}]}}