{"id":29,"date":"2021-03-06T16:40:27","date_gmt":"2021-03-06T19:40:27","guid":{"rendered":"http:\/\/iesoc.edu.ar\/virtual\/?page_id=29"},"modified":"2024-11-07T15:27:33","modified_gmt":"2024-11-07T18:27:33","slug":"inicio","status":"publish","type":"page","link":"https:\/\/iesoc.edu.ar\/virtual\/","title":{"rendered":"Oficina Virtual"},"content":{"rendered":"\n<h2 class=\"wp-block-heading has-text-align-center\" id=\"0-%C3%A1rea-de-autogesti%C3%B3n-del-ies-n%C2%BA-28-olga-cossettini\">\u00c1rea de autogesti\u00f3n del IES N\u00ba 28 &#8220;Olga Cossettini&#8221;<\/h2>\n\n\n\n<h4 class=\"wp-block-heading has-text-align-center\" id=\"1-desde-aqu%C3%AD-puede-acceder-a-las-diferentes-solicitudes-y-consultas-relacionadas-con-su-actividad-acad%C3%A9mica-administrativa-y-de-formaci%C3%B3n-permanente\">Desde aqu\u00ed puede acceder a las diferentes solicitudes y consultas relacionadas con su actividad acad\u00e9mica, administrativa y de formaci\u00f3n permanente.<\/h4>\n\n\n\n<div class=\"wp-block-ugb-feature-grid ugb-feature-grid ugb-848918b ugb-feature-grid--v2 ugb-feature-grid--columns-3 ugb-feature-grid--design-basic ugb-main-block\"><style>.ugb-848918b .ugb-button{background-color:#ff6900}.ugb-848918b .ugb-button .ugb-button--inner,.ugb-848918b .ugb-button svg:not(.ugb-custom-icon){color:#ffffff !important}.ugb-848918b .ugb-button:hover .ugb-button--inner,.ugb-848918b .ugb-button:hover svg:not(.ugb-custom-icon){color:#ffffff !important}.ugb-848918b .ugb-button:hover{background-color:#002858;opacity:1}.ugb-848918b .ugb-button.ugb-button--has-icon.ugb-button--has-icon svg{width:28px;height:28px}<\/style><div class=\"ugb-inner-block\"><div class=\"ugb-block-content\"><div class=\"ugb-feature-grid__item ugb-feature-grid__item1\"><div class=\"ugb-feature-grid__content\"><p class=\"ugb-feature-grid__description\">Consultas, solicitudes de constancias y certificados, env\u00edo de declaraciones juradas, avisos de ausencias&#8230;<\/p><div class=\"ugb-button-container\"><a class=\"ugb-button ugb-button--size-normal ugb--hover-effect-lift-scale ugb-button--has-icon ugb-button--icon-position-right\" href=\"http:\/\/iesoc.edu.ar\/virtual\/docentes\/\" rel=\"\" title=\"\"><div class=\"ugb-icon-inner-svg\"><svg xmlns=\"http:\/\/www.w3.org\/2000\/svg\" viewBox=\"0 0 640 512\"><path d=\"M192 256c61.9 0 112-50.1 112-112S253.9 32 192 32 80 82.1 80 144s50.1 112 112 112zm76.8 32h-8.3c-20.8 10-43.9 16-68.5 16s-47.6-6-68.5-16h-8.3C51.6 288 0 339.6 0 403.2V432c0 26.5 21.5 48 48 48h288c26.5 0 48-21.5 48-48v-28.8c0-63.6-51.6-115.2-115.2-115.2zM480 256c53 0 96-43 96-96s-43-96-96-96-96 43-96 96 43 96 96 96zm48 32h-3.8c-13.9 4.8-28.6 8-44.2 8s-30.3-3.2-44.2-8H432c-20.4 0-39.2 5.9-55.7 15.4 24.4 26.3 39.7 61.2 39.7 99.8v38.4c0 2.2-.5 4.3-.6 6.4H592c26.5 0 48-21.5 48-48 0-61.9-50.1-112-112-112z\"\/><\/svg><\/div><span class=\"ugb-button--inner\">Docentes<\/span><\/a><\/div><\/div><\/div><div class=\"ugb-feature-grid__item ugb-feature-grid__item2\"><div class=\"ugb-feature-grid__content\"><p class=\"ugb-feature-grid__description\">Inscripciones a 1\u00ba a\u00f1o, para cursar o rendir, consultas, solicitudes de constancias y certificados, homologaciones&#8230;<\/p><div class=\"ugb-button-container\"><a class=\"ugb-button ugb-button--size-normal ugb--hover-effect-lift-scale ugb-button--has-icon ugb-button--icon-position-right\" href=\"http:\/\/iesoc.edu.ar\/virtual\/estudiantes\/\" rel=\"\" title=\"\"><div class=\"ugb-icon-inner-svg\"><svg xmlns=\"http:\/\/www.w3.org\/2000\/svg\" viewBox=\"0 0 640 512\"><path d=\"M622.34 153.2L343.4 67.5c-15.2-4.67-31.6-4.67-46.79 0L17.66 153.2c-23.54 7.23-23.54 38.36 0 45.59l48.63 14.94c-10.67 13.19-17.23 29.28-17.88 46.9C38.78 266.15 32 276.11 32 288c0 10.78 5.68 19.85 13.86 25.65L20.33 428.53C18.11 438.52 25.71 448 35.94 448h56.11c10.24 0 17.84-9.48 15.62-19.47L82.14 313.65C90.32 307.85 96 298.78 96 288c0-11.57-6.47-21.25-15.66-26.87.76-15.02 8.44-28.3 20.69-36.72L296.6 284.5c9.06 2.78 26.44 6.25 46.79 0l278.95-85.7c23.55-7.24 23.55-38.36 0-45.6zM352.79 315.09c-28.53 8.76-52.84 3.92-65.59 0l-145.02-44.55L128 384c0 35.35 85.96 64 192 64s192-28.65 192-64l-14.18-113.47-145.03 44.56z\"\/><\/svg><\/div><span class=\"ugb-button--inner\">Estudiantes<\/span><\/a><\/div><\/div><\/div><div class=\"ugb-feature-grid__item ugb-feature-grid__item3\"><div class=\"ugb-feature-grid__content\"><p class=\"ugb-feature-grid__description\">Consultas e inscripciones a cursos, adscripciones&#8230;<\/p><div class=\"ugb-button-container\"><a class=\"ugb-button ugb-button--size-normal ugb--hover-effect-lift-scale ugb-button--has-icon ugb-button--icon-position-right\" href=\"http:\/\/iesoc.edu.ar\/virtual\/formacionpermanente\/\" rel=\"\" title=\"\"><div class=\"ugb-icon-inner-svg\"><svg xmlns=\"http:\/\/www.w3.org\/2000\/svg\" viewBox=\"0 0 512 512\"><path d=\"M464 32H48C21.5 32 0 53.5 0 80v352c0 26.5 21.5 48 48 48h416c26.5 0 48-21.5 48-48V80c0-26.5-21.5-48-48-48zm0 394c0 3.3-2.7 6-6 6H54c-3.3 0-6-2.7-6-6V192h416v234z\"\/><\/svg><\/div><span class=\"ugb-button--inner\">Formaci\u00f3n Permanente<\/span><\/a><\/div><\/div><\/div><\/div><\/div><\/div>\n\n\n\n<div class=\"wp-block-ugb-feature-grid ugb-feature-grid ugb-2e13ff8 ugb-feature-grid--v2 ugb-feature-grid--columns-1 ugb-feature-grid--design-basic ugb-main-block\"><style>.ugb-2e13ff8 .ugb-button{background-color:#ff6900}.ugb-2e13ff8 .ugb-button .ugb-button--inner,.ugb-2e13ff8 .ugb-button svg:not(.ugb-custom-icon){color:#ffffff !important}.ugb-2e13ff8 .ugb-button:hover .ugb-button--inner,.ugb-2e13ff8 .ugb-button:hover svg:not(.ugb-custom-icon){color:#ffffff !important}.ugb-2e13ff8 .ugb-button:hover{background-color:#002858;opacity:1}.ugb-2e13ff8 .ugb-button.ugb-button--has-icon.ugb-button--has-icon svg{width:28px;height:28px}<\/style><div class=\"ugb-inner-block\"><div class=\"ugb-block-content\"><div class=\"ugb-feature-grid__item ugb-feature-grid__item1\"><div class=\"ugb-feature-grid__content\"><p class=\"ugb-feature-grid__description\">Env\u00ede sus preguntas a trav\u00e9s de nuestro sistema de consultas web.<\/p><div class=\"ugb-button-container\"><a class=\"ugb-button ugb-button--size-normal ugb--hover-effect-lift-scale ugb-button--has-icon ugb-button--icon-position-right\" href=\"https:\/\/script.google.com\/a\/macros\/iesoc.edu.ar\/s\/AKfycbz6Syg1GZtlMdJFWBaCsXnobSjuW2KBnWMOlaxSXhrFFqAiTJxP04_5Mo50WeQFv9PA\/exec\" target=\"_blank\" rel=\"noopener noreferrer\" title=\"\"><div class=\"ugb-icon-inner-svg\"><svg xmlns=\"http:\/\/www.w3.org\/2000\/svg\" viewBox=\"0 0 512 512\"><path d=\"M256 8C119.043 8 8 119.083 8 256c0 136.997 111.043 248 248 248s248-111.003 248-248C504 119.083 392.957 8 256 8zm0 448c-110.532 0-200-89.431-200-200 0-110.495 89.472-200 200-200 110.491 0 200 89.471 200 200 0 110.53-89.431 200-200 200zm107.244-255.2c0 67.052-72.421 68.084-72.421 92.863V300c0 6.627-5.373 12-12 12h-45.647c-6.627 0-12-5.373-12-12v-8.659c0-35.745 27.1-50.034 47.579-61.516 17.561-9.845 28.324-16.541 28.324-29.579 0-17.246-21.999-28.693-39.784-28.693-23.189 0-33.894 10.977-48.942 29.969-4.057 5.12-11.46 6.071-16.666 2.124l-27.824-21.098c-5.107-3.872-6.251-11.066-2.644-16.363C184.846 131.491 214.94 112 261.794 112c49.071 0 101.45 38.304 101.45 88.8zM298 368c0 23.159-18.841 42-42 42s-42-18.841-42-42 18.841-42 42-42 42 18.841 42 42z\"\/><\/svg><\/div><span class=\"ugb-button--inner\">Formulario de Consulta<\/span><\/a><\/div><\/div><\/div><\/div><\/div><\/div>\n","protected":false},"excerpt":{"rendered":"<p>\u00c1rea de autogesti\u00f3n del IES N\u00ba 28 &#8220;Olga Cossettini&#8221; Desde aqu\u00ed puede acceder a las diferentes solicitudes y consultas relacionadas con su actividad acad\u00e9mica, administrativa&hellip;<\/p>\n","protected":false},"author":1,"featured_media":0,"parent":0,"menu_order":0,"comment_status":"closed","ping_status":"closed","template":"","meta":{"footnotes":""},"class_list":["post-29","page","type-page","status-publish","hentry"],"featured_image_urls_v2":{"full":"","thumbnail":"","medium":"","medium_large":"","large":"","1536x1536":"","2048x2048":"","trp-custom-language-flag":""},"post_excerpt_stackable_v2":"<p>\u00c1rea de autogesti\u00f3n del IES N\u00ba 28 &#8220;Olga Cossettini&#8221; Desde aqu\u00ed puede acceder a las diferentes solicitudes y consultas relacionadas con su actividad acad\u00e9mica, administrativa y de formaci\u00f3n permanente. Consultas, solicitudes de constancias y certificados, env\u00edo de declaraciones juradas, avisos de ausencias&#8230;DocentesInscripciones a 1\u00ba a\u00f1o, para cursar o rendir, consultas, solicitudes de constancias y certificados, homologaciones&#8230;EstudiantesConsultas e inscripciones a cursos, adscripciones&#8230;Formaci\u00f3n Permanente Env\u00ede sus preguntas a trav\u00e9s de nuestro sistema de consultas web.Formulario de Consulta<\/p>\n","category_list_v2":"","author_info_v2":{"name":"Administrador","url":"https:\/\/iesoc.edu.ar\/virtual\/author\/admin\/"},"comments_num_v2":"0 comments","featured_image_src":null,"jetpack_sharing_enabled":true,"_links":{"self":[{"href":"https:\/\/iesoc.edu.ar\/virtual\/wp-json\/wp\/v2\/pages\/29","targetHints":{"allow":["GET"]}}],"collection":[{"href":"https:\/\/iesoc.edu.ar\/virtual\/wp-json\/wp\/v2\/pages"}],"about":[{"href":"https:\/\/iesoc.edu.ar\/virtual\/wp-json\/wp\/v2\/types\/page"}],"author":[{"embeddable":true,"href":"https:\/\/iesoc.edu.ar\/virtual\/wp-json\/wp\/v2\/users\/1"}],"replies":[{"embeddable":true,"href":"https:\/\/iesoc.edu.ar\/virtual\/wp-json\/wp\/v2\/comments?post=29"}],"version-history":[{"count":93,"href":"https:\/\/iesoc.edu.ar\/virtual\/wp-json\/wp\/v2\/pages\/29\/revisions"}],"predecessor-version":[{"id":2378,"href":"https:\/\/iesoc.edu.ar\/virtual\/wp-json\/wp\/v2\/pages\/29\/revisions\/2378"}],"wp:attachment":[{"href":"https:\/\/iesoc.edu.ar\/virtual\/wp-json\/wp\/v2\/media?parent=29"}],"curies":[{"name":"wp","href":"https:\/\/api.w.org\/{rel}","templated":true}]}}