{"id":620,"date":"2021-05-07T16:09:41","date_gmt":"2021-05-07T19:09:41","guid":{"rendered":"http:\/\/iesoc.edu.ar\/virtual\/?page_id=620"},"modified":"2023-08-18T23:05:49","modified_gmt":"2023-08-19T02:05:49","slug":"cuentainstitucional","status":"publish","type":"page","link":"https:\/\/iesoc.edu.ar\/virtual\/cuentainstitucional\/","title":{"rendered":"Solicitar alta, baja, restablecimiento, cierre de sesi\u00f3n o recuperaci\u00f3n de contenidos"},"content":{"rendered":"\n<h4 class=\"wp-block-heading\">Pol\u00edtica del servicio<\/h4>\n\n\n<div style=\"background-color: #d9edf7; color: #31708f; border-left-color: #31708f; \" class=\"ub-styled-box ub-notification-box wp-block-ub-styled-box\" id=\"ub-styled-box-e4dedd31-d389-4c90-9246-adb137bc427c\">\n<p id=\"ub-styled-box-notification-content-\">Todo el personal del <strong>IES N\u00ba 28 &#8220;Olga Cossettini&#8221;<\/strong> puede solicitar el correo electr\u00f3nico institucional para su actividad profesional en el instituto.<\/p>\n\n\n\n<p>Existen dos tipos de cuenta institucional: la cuenta personal (<em>nombre@iesoc.edu.ar<\/em>) y la gen\u00e9rica, para la administraci\u00f3n y gesti\u00f3n del instituto (<em>rectoria@iesoc.edu.ar<\/em>, <em>secretaria@iesoc.edu.ar<\/em>, etc.).<\/p>\n\n\n\n<p>Para el caso de las cuentas personales, finalizada la relaci\u00f3n entre la persona y el IES N\u00ba 28 &#8220;Olga Cossettini&#8221;, su cuenta podr\u00e1 ser eliminada transcurridos unos meses si los recursos t\u00e9cnicos as\u00ed lo determinan.<\/p>\n\n\n<\/div>\n\n\n<p>Desde el formulario al pie puede solicitar los siguientes tr\u00e1mites para la cuenta personal:<\/p>\n\n\n\n<h4 class=\"wp-block-heading\">Alta de cuenta<\/h4>\n\n\n\n<p>Se <span style=\"color: #222222;background-color: #e5ffaa\" class=\"ugb-highlight\">crea para el docente una cuenta del dominio institucional<\/span> (<strong><em>tunombre@iesoc.edu.ar<\/em><\/strong>), que habilita el uso de los siguientes servicios de <strong>Google<\/strong>: <strong>Calendar<\/strong>, <strong>Drive<\/strong> y <strong>Documentos<\/strong>, <strong>Gmail<\/strong>, <strong>Grupos<\/strong>, <strong>Chat<\/strong>, <strong>Meet<\/strong>, <strong>Jamboard<\/strong>, <strong>Keep<\/strong> y <strong>Tasks<\/strong>.<\/p>\n\n\n\n<h4 class=\"wp-block-heading\">Baja de cuenta<\/h4>\n\n\n\n<p>Se <span style=\"color: #222222;background-color: #e5ffaa\" class=\"ugb-highlight\">elimina de modo definitivo e irrecuperable <\/span>todos los servicios y los contenidos almacenados en la cuenta del dominio institucional.<\/p>\n\n\n\n<h4 class=\"wp-block-heading\">Restablecimiento de contrase\u00f1a<\/h4>\n\n\n\n<p>Se solicita un <span style=\"color: #222222;background-color: #e5ffaa\" class=\"ugb-highlight\">restablecimiento de la contrase\u00f1a olvidada<\/span> por el usuario, para acceder a la cuenta @iesoc.edu.ar.<\/p>\n\n\n\n<h4 class=\"wp-block-heading\">Cierre de sesiones de usuario<\/h4>\n\n\n\n<p>Si pierde o le roban un dispositivo, para mantener la integridad de su cuenta de usuario, puede <span style=\"color: #222222;background-color: #e5ffaa\" class=\"ugb-highlight\">solicitar el cierre de sesi\u00f3n en la cuenta @iesoc.edu.ar que tenga abierta <\/span>en todos los dispositivos y navegadores.<\/p>\n\n\n\n<h4 class=\"wp-block-heading\">Recuperar carpetas y archivos eliminados de Drive por el usuario<\/h4>\n\n\n\n<p>Si un usuario vac\u00eda la papelera de <strong>Drive<\/strong>, o si la papelera se vac\u00eda autom\u00e1ticamente despu\u00e9s de 30 d\u00edas, los archivos y las carpetas de <strong>Drive<\/strong> se eliminar\u00e1n. <span style=\"color: #222222;background-color: #e5ffaa\" class=\"ugb-highlight\">Es posible solicitar recuperaci\u00f3n de los datos hasta 25 d\u00edas despu\u00e9s de que se vac\u00ede la papelera<\/span>. Despu\u00e9s de ese periodo, los datos se purgar\u00e1n. En funci\u00f3n de la cantidad de datos a restaurar, los elementos recuperados pueden tardar varios d\u00edas en volver a aparecer en la cuenta del usuario.<\/p>\n\n\n\n<iframe loading=\"lazy\" src=\"https:\/\/script.google.com\/a\/macros\/iesoc.edu.ar\/s\/AKfycby7ptm-FR5Gqb_HbwPc9Zp8lRWeQKWq74zFBxheVy2UVET6gSQrjYxPhhwBTRXyirPV\/exec\" marginheight=\"2\" marginwidth=\"2\" width=\"100%\" height=\"700\" frameborder=\"0\">Cargando\u2026<\/iframe>\n\n\n\n<p><\/p>\n","protected":false},"excerpt":{"rendered":"<p>Pol\u00edtica del servicio Desde el formulario al pie puede solicitar los siguientes tr\u00e1mites para la cuenta personal: Alta de cuenta Se crea para el docente&hellip;<\/p>\n","protected":false},"author":1,"featured_media":0,"parent":0,"menu_order":0,"comment_status":"closed","ping_status":"closed","template":"","meta":{"footnotes":""},"class_list":["post-620","page","type-page","status-publish","hentry"],"featured_image_urls_v2":{"full":"","thumbnail":"","medium":"","medium_large":"","large":"","1536x1536":"","2048x2048":"","trp-custom-language-flag":""},"post_excerpt_stackable_v2":"<p>Pol\u00edtica del servicio Todo el personal del IES N\u00ba 28 &#8220;Olga Cossettini&#8221; puede solicitar el correo electr\u00f3nico institucional para su actividad profesional en el instituto. Existen dos tipos de cuenta institucional: la cuenta personal (nombre@iesoc.edu.ar) y la gen\u00e9rica, para la administraci\u00f3n y gesti\u00f3n del instituto (rectoria@iesoc.edu.ar, secretaria@iesoc.edu.ar, etc.). Para el caso de las cuentas personales, finalizada la relaci\u00f3n entre la persona y el IES N\u00ba 28 &#8220;Olga Cossettini&#8221;, su cuenta podr\u00e1 ser eliminada transcurridos unos meses si los recursos t\u00e9cnicos as\u00ed lo determinan. Desde el formulario al pie puede solicitar los siguientes tr\u00e1mites para la cuenta personal: Alta de cuenta&hellip;<\/p>\n","category_list_v2":"","author_info_v2":{"name":"Administrador","url":"https:\/\/iesoc.edu.ar\/virtual\/author\/admin\/"},"comments_num_v2":"0 comments","featured_image_src":null,"jetpack_sharing_enabled":true,"_links":{"self":[{"href":"https:\/\/iesoc.edu.ar\/virtual\/wp-json\/wp\/v2\/pages\/620","targetHints":{"allow":["GET"]}}],"collection":[{"href":"https:\/\/iesoc.edu.ar\/virtual\/wp-json\/wp\/v2\/pages"}],"about":[{"href":"https:\/\/iesoc.edu.ar\/virtual\/wp-json\/wp\/v2\/types\/page"}],"author":[{"embeddable":true,"href":"https:\/\/iesoc.edu.ar\/virtual\/wp-json\/wp\/v2\/users\/1"}],"replies":[{"embeddable":true,"href":"https:\/\/iesoc.edu.ar\/virtual\/wp-json\/wp\/v2\/comments?post=620"}],"version-history":[{"count":15,"href":"https:\/\/iesoc.edu.ar\/virtual\/wp-json\/wp\/v2\/pages\/620\/revisions"}],"predecessor-version":[{"id":1833,"href":"https:\/\/iesoc.edu.ar\/virtual\/wp-json\/wp\/v2\/pages\/620\/revisions\/1833"}],"wp:attachment":[{"href":"https:\/\/iesoc.edu.ar\/virtual\/wp-json\/wp\/v2\/media?parent=620"}],"curies":[{"name":"wp","href":"https:\/\/api.w.org\/{rel}","templated":true}]}}