{"id":77,"date":"2021-03-06T20:04:32","date_gmt":"2021-03-06T23:04:32","guid":{"rendered":"http:\/\/iesoc.edu.ar\/virtual\/?page_id=77"},"modified":"2026-02-26T15:30:48","modified_gmt":"2026-02-26T18:30:48","slug":"formacionpermanente","status":"publish","type":"page","link":"https:\/\/iesoc.edu.ar\/virtual\/formacionpermanente\/","title":{"rendered":"Formaci\u00f3n Permanente"},"content":{"rendered":"\n<p>El <strong>Instituto de Educaci\u00f3n Superior N\u00ba28 &#8211; Olga Cossettini<\/strong> desarrolla a trav\u00e9s de sus distintos departamentos m\u00faltiples actividades de desarrollo profesional y formaci\u00f3n permanente, que incluyen entre otros, cursos cortos (presenciales y en l\u00ednea), talleres, seminarios, jornadas, charlas y conferencias.<\/p>\n\n\n\n<h2 class=\"wp-block-heading\">CURSOS<\/h2>\n\n\n\n<div class=\"wp-block-ugb-accordion ugb-accordion ugb-37c18e6 ugb-accordion--v2 ugb-accordion--design-basic ugb-accordion--single-open ugb-main-block\" aria-expanded=\"false\"><div class=\"ugb-inner-block\"><div class=\"ugb-block-content\"><div class=\"ugb-accordion__item\"><div class=\"ugb-accordion__heading\" role=\"button\" tabindex=\"0\"><h4 class=\"ugb-accordion__title\">Oferta de cursos<\/h4><svg xmlns=\"http:\/\/www.w3.org\/2000\/svg\" viewBox=\"0 0 20 20\" class=\"ugb-accordion__arrow\" width=\"20\" height=\"20\"><path d=\"M16.7 3.3L10 10 3.3 3.4 0 6.7l10 10v-.1l10-9.9z\"><\/path><\/svg><\/div><div class=\"ugb-accordion__content\" role=\"region\"><div class=\"ugb-accordion__content-inner\">\n<div class=\"wp-block-ugb-button ugb-button-wrapper ugb-0eabcf2 ugb-main-block\"><style>.ugb-0eabcf2 .ugb-block-content{justify-content:flex-start !important}.ugb-0eabcf2 .ugb-button1:hover .ugb-button--inner,.ugb-0eabcf2 .ugb-button1:hover svg:not(.ugb-custom-icon){color:#ffffff !important}.ugb-0eabcf2 .ugb-button1:hover{background-color:#002858;opacity:1}.ugb-0eabcf2 .ugb-inner-block{text-align:left}<\/style><div class=\"ugb-inner-block\"><div class=\"ugb-block-content\"><div class=\"ugb-button-container\"><a class=\"ugb-button1 ugb-button ugb-button--size-normal ugb--hover-effect-lift-scale\" href=\"https:\/\/iesoc.edu.ar\/eventos\/\" target=\"_blank\" rel=\"noopener noreferrer\" title=\"\"><span class=\"ugb-button--inner\">Consultar los cursos disponibles<\/span><\/a><\/div><\/div><\/div><\/div>\n\n\n\n<p><\/p>\n<\/div><\/div><\/div><\/div><\/div><\/div>\n\n\n\n<h2 class=\"wp-block-heading\">ADSCRIPCIONES, CURSADO DE MATERIAS COMO PERFECCIONAMIENTO Y AYUDANTE ALUMNO<\/h2>\n\n\n\n<div class=\"wp-block-ugb-accordion ugb-accordion ugb-29820de ugb-accordion--v2 ugb-accordion--design-basic ugb-accordion--single-open ugb-main-block\" aria-expanded=\"false\" id=\"adscripciones\"><div class=\"ugb-inner-block\"><div class=\"ugb-block-content\"><div class=\"ugb-accordion__item\"><div class=\"ugb-accordion__heading\" role=\"button\" tabindex=\"0\"><h4 class=\"ugb-accordion__title\">Adscripciones<\/h4><svg xmlns=\"http:\/\/www.w3.org\/2000\/svg\" viewBox=\"0 0 20 20\" class=\"ugb-accordion__arrow\" width=\"20\" height=\"20\"><path d=\"M16.7 3.3L10 10 3.3 3.4 0 6.7l10 10v-.1l10-9.9z\"><\/path><\/svg><\/div><div class=\"ugb-accordion__content\" role=\"region\"><div class=\"ugb-accordion__content-inner\">\n<p>Las Adscripciones representan un espacio en el que se integran la formaci\u00f3n docente inicial con la formaci\u00f3n de posgrado. En este sentido enfatizan el rol del Instituto como un centro para la formaci\u00f3n continua de los graduados, a trav\u00e9s del perfeccionamiento, la capacitaci\u00f3n y la investigaci\u00f3n permanentes.<\/p>\n\n\n\n<p><strong>Per\u00edodo de inscripci\u00f3n:<\/strong>\u00a0del\u00a0<strong>16 <\/strong>al\u00a0<strong>27 de marzo<\/strong> de 2026.<\/p>\n\n\n\n<h3 class=\"wp-block-heading\">Solicitantes<\/h3>\n\n\n\n<p><a href=\"http:\/\/iesoc.edu.ar\/virtual\/wp-content\/uploads\/sites\/8\/2025\/03\/ReglamentoAdscripciones.pdf\" target=\"_blank\" rel=\"noreferrer noopener\"><strong>Ver Reglamento<\/strong><\/a><\/p>\n\n\n\n<p><a href=\"http:\/\/iesoc.edu.ar\/wp-content\/uploads\/2025\/11\/Anexo_II_Ampliacion_Reglamento_Adscripciones-Res.CD915-25.pdf\" target=\"_blank\" rel=\"noreferrer noopener\"><strong>Ver el Anexo II a Reglamento Adscripciones<\/strong><\/a><\/p>\n\n\n\n<div class=\"wp-block-ugb-button ugb-button-wrapper ugb-4f07cca ugb-main-block\"><style>.ugb-4f07cca .ugb-block-content{justify-content:flex-start !important}.ugb-4f07cca .ugb-inner-block{text-align:left}<\/style><div class=\"ugb-inner-block\"><div class=\"ugb-block-content\"><div class=\"ugb-button-container\"><a class=\"ugb-button1 ugb-button ugb-button--size-normal\" href=\"https:\/\/forms.gle\/9T7jqzfyfG49DxVHA\" target=\"_blank\" rel=\"noopener noreferrer\" title=\"\"><span class=\"ugb-button--inner\">Formulario de solicitud<\/span><\/a><\/div><\/div><\/div><\/div>\n\n\n\n<h3 class=\"wp-block-heading\">Docentes que admiten o llevan adelante adscripciones<\/h3>\n\n\n\n<div class=\"wp-block-ugb-button ugb-button-wrapper ugb-f13e658 ugb-main-block\"><style>.ugb-f13e658 .ugb-block-content{justify-content:flex-start !important}.ugb-f13e658 .ugb-inner-block{text-align:left}<\/style><div class=\"ugb-inner-block\"><div class=\"ugb-block-content\"><div class=\"ugb-button-container\"><a class=\"ugb-button1 ugb-button ugb-button--size-normal\" href=\"https:\/\/forms.gle\/kT9uYU8fdjFta2UB9\" target=\"_blank\" rel=\"noopener noreferrer\" title=\"\"><span class=\"ugb-button--inner\">Formulario de solicitud<\/span><\/a><\/div><\/div><\/div><\/div>\n\n\n\n<div class=\"wp-block-ugb-button ugb-button-wrapper ugb-fa36cb0 ugb-main-block\"><style>.ugb-fa36cb0 .ugb-block-content{justify-content:flex-start !important}.ugb-fa36cb0 .ugb-inner-block{text-align:left}<\/style><div class=\"ugb-inner-block\"><div class=\"ugb-block-content\"><div class=\"ugb-button-container\"><a class=\"ugb-button1 ugb-button ugb-button--size-normal\" href=\"https:\/\/docs.google.com\/forms\/d\/e\/1FAIpQLSdW-tg8rLYa11u5KkNWBb7PLYfBTRPz1xnecl2PjockEEdj8g\/viewform\" target=\"_blank\" rel=\"noopener noreferrer\" title=\"\"><span class=\"ugb-button--inner\">Ficha de seguimiento del 1\u00ba a\u00f1o<\/span><\/a><\/div><\/div><\/div><\/div>\n\n\n\n<p><a href=\"https:\/\/docs.google.com\/document\/d\/1rZHt-YwXvXqkZh26s-GD5cfvBBQqzgrp\/edit?usp=drive_link&amp;ouid=117269645810566126992&amp;rtpof=true&amp;sd=true\" target=\"_blank\" rel=\"noreferrer noopener\"><strong>Archivo de informe para adjuntar a la Ficha de seguimiento de 1\u00ba a\u00f1o<\/strong><\/a><\/p>\n\n\n\n<div class=\"wp-block-ugb-button ugb-button-wrapper ugb-cdd4eaa ugb-main-block\"><style>.ugb-cdd4eaa .ugb-block-content{justify-content:flex-start !important}.ugb-cdd4eaa .ugb-inner-block{text-align:left}<\/style><div class=\"ugb-inner-block\"><div class=\"ugb-block-content\"><div class=\"ugb-button-container\"><a class=\"ugb-button1 ugb-button ugb-button--size-normal\" href=\"https:\/\/docs.google.com\/forms\/d\/e\/1FAIpQLSewcXIvJDiaXimSQEBagMVn-fLe228rDAgPcLt05o9HtH2nBw\/viewform\" rel=\"\" title=\"\"><span class=\"ugb-button--inner\">Ficha de seguimiento del 2\u00ba a\u00f1o<\/span><\/a><\/div><\/div><\/div><\/div>\n\n\n\n<p><a href=\"https:\/\/docs.google.com\/document\/d\/1uPIPJIBq2QYqvc2l99saAB3_OueuL-JK\/edit?usp=drive_link&amp;ouid=117269645810566126992&amp;rtpof=true&amp;sd=true\" target=\"_blank\" rel=\"noreferrer noopener\"><strong>Archivo de informe para adjuntar a la Ficha de seguimiento 2\u00ba a\u00f1o<\/strong><\/a><\/p>\n<\/div><\/div><\/div><\/div><\/div><\/div>\n\n\n\n<div class=\"wp-block-ugb-accordion ugb-accordion ugb-0ada584 ugb-accordion--v2 ugb-accordion--design-basic ugb-accordion--single-open ugb-main-block\" aria-expanded=\"false\"><div class=\"ugb-inner-block\"><div class=\"ugb-block-content\"><div class=\"ugb-accordion__item\"><div class=\"ugb-accordion__heading\" role=\"button\" tabindex=\"0\"><h4 class=\"ugb-accordion__title\">Cursado de Materias como Perfeccionamiento<\/h4><svg xmlns=\"http:\/\/www.w3.org\/2000\/svg\" viewBox=\"0 0 20 20\" class=\"ugb-accordion__arrow\" width=\"20\" height=\"20\"><path d=\"M16.7 3.3L10 10 3.3 3.4 0 6.7l10 10v-.1l10-9.9z\"><\/path><\/svg><\/div><div class=\"ugb-accordion__content\" role=\"region\"><div class=\"ugb-accordion__content-inner\">\n<p>Este es un espacio de formaci\u00f3n prioritario para los graduados del Instituto, sin excluir a los provenientes de otras instituciones de Nivel Superior, que se ofrece a los docentes de todos los niveles y Traductores en Ingl\u00e9s.<\/p>\n\n\n\n<p>La inscripci\u00f3n estar\u00e1 abierta desde el <strong>11 al 22 de abril<\/strong>.<\/p>\n\n\n\n<div class=\"wp-block-ugb-button ugb-button-wrapper ugb-47e903e ugb-main-block\"><style>.ugb-47e903e .ugb-block-content{justify-content:flex-start !important}.ugb-47e903e .ugb-button1:hover .ugb-button--inner,.ugb-47e903e .ugb-button1:hover svg:not(.ugb-custom-icon){color:#ffffff !important}.ugb-47e903e .ugb-button1:hover{background-color:#002858;opacity:1}.ugb-47e903e .ugb-button2:hover .ugb-button--inner,.ugb-47e903e .ugb-button2:hover svg:not(.ugb-custom-icon){color:#ffffff !important}.ugb-47e903e .ugb-button2:hover{background-color:#002858;opacity:1}.ugb-47e903e .ugb-inner-block{text-align:left}<\/style><div class=\"ugb-inner-block\"><div class=\"ugb-block-content\"><div class=\"ugb-button-container\"><a class=\"ugb-button1 ugb-button ugb-button--size-normal ugb--hover-effect-lift-scale\" href=\"https:\/\/docs.google.com\/forms\/d\/e\/1FAIpQLSegORGHtNtB0oBc9rqnMd2VxaV7SHImT_iqzlWGp4-YRhoHig\/viewform\" target=\"_blank\" rel=\"noopener noreferrer\" title=\"\"><span class=\"ugb-button--inner\">Formulario de inscripci\u00f3n (Postulantes)<\/span><\/a><\/div><div class=\"ugb-button-container\"><a class=\"ugb-button2 ugb-button ugb-button--size-normal ugb--hover-effect-lift-scale\" href=\"https:\/\/docs.google.com\/forms\/d\/e\/1FAIpQLSfXkHhY_4xJuyiUdU_4hZY4ECJ1iEpbIp0Ly0HhxfDbe6x2Ig\/viewform\" target=\"_blank\" rel=\"noopener noreferrer\" title=\"\"><span class=\"ugb-button--inner\">Formulario de inscripci\u00f3n (Docentes)<\/span><\/a><\/div><\/div><\/div><\/div>\n<\/div><\/div><\/div><\/div><\/div><\/div>\n\n\n\n<div class=\"wp-block-ugb-accordion ugb-accordion ugb-21c059c ugb-accordion--v2 ugb-accordion--design-basic ugb-accordion--single-open ugb-main-block\" aria-expanded=\"false\"><div class=\"ugb-inner-block\"><div class=\"ugb-block-content\"><div class=\"ugb-accordion__item\"><div class=\"ugb-accordion__heading\" role=\"button\" tabindex=\"0\"><h4 class=\"ugb-accordion__title\">Ayudante Alumno<\/h4><svg xmlns=\"http:\/\/www.w3.org\/2000\/svg\" viewBox=\"0 0 20 20\" class=\"ugb-accordion__arrow\" width=\"20\" height=\"20\"><path d=\"M16.7 3.3L10 10 3.3 3.4 0 6.7l10 10v-.1l10-9.9z\"><\/path><\/svg><\/div><div class=\"ugb-accordion__content\" role=\"region\"><div class=\"ugb-accordion__content-inner\">\n<p>La figura del ayudante-alumno se concibe como una instancia de formaci\u00f3n y un aporte de valor al espacio curricular, cuyo objetivo principal es profundizar la formaci\u00f3n del ayudante a trav\u00e9s de tareas que integran el estudio con el apoyo a las actividades docentes. Su funci\u00f3n es actuar como un articulador entre el docente y los estudiantes, dinamizando la comunicaci\u00f3n y la participaci\u00f3n para fomentar la construcci\u00f3n progresiva de saberes. De este modo, su intervenci\u00f3n colabora en consolidar un grupo de trabajo m\u00e1s activo, promoviendo aprendizajes m\u00e1s flexibles y significativos para el conjunto de los estudiantes.<\/p>\n\n\n\n<h2 class=\"wp-block-heading\">Cronograma 2026<\/h2>\n\n\n\n<ul class=\"wp-block-list\">\n<li>Del 02\/03 al 13\/03, solicitud de docentes que requieran Ayudantes Alumno en sus c\u00e1tedras.<\/li>\n\n\n\n<li>Del 16\/03 al 20\/03, inscripci\u00f3n de estudiantes.<\/li>\n\n\n\n<li>Del 25\/03 al 27\/03, Secretar\u00eda confirma a docentes y estudiantes.<\/li>\n<\/ul>\n\n\n\n<p><a href=\"http:\/\/iesoc.edu.ar\/wp-content\/uploads\/2025\/11\/Reglamento_Ayudante_Alumno.pdf\" target=\"_blank\" rel=\"noreferrer noopener\"><strong>Leer Reglamentaci\u00f3n de Ayudante Alumno<\/strong><\/a><\/p>\n\n\n\n<div class=\"wp-block-ugb-button ugb-button-wrapper ugb-1fad225 ugb-main-block\"><style>.ugb-1fad225 .ugb-block-content{justify-content:flex-start !important}.ugb-1fad225 .ugb-inner-block{text-align:left}<\/style><div class=\"ugb-inner-block\"><div class=\"ugb-block-content\"><div class=\"ugb-button-container\"><a class=\"ugb-button1 ugb-button ugb-button--size-normal ugb--hover-effect-scale\" href=\"https:\/\/docs.google.com\/forms\/d\/e\/1FAIpQLSeuSlR5fP5pEYNmpboMcAE20jN0UnarlE5zGtnl_s9NKzf_Qg\/viewform?\" target=\"_blank\" rel=\"noopener noreferrer\" title=\"\"><span class=\"ugb-button--inner\">Solicitar Ayudante Alumno<\/span><\/a><\/div><div class=\"ugb-button-container\"><a class=\"ugb-button2 ugb-button ugb-button--size-normal\" href=\"https:\/\/forms.gle\/JSoEQV2t9oSan2ra8\" target=\"_blank\" rel=\"noopener noreferrer\" title=\"\"><span class=\"ugb-button--inner\">Entregar Informe Final<\/span><\/a><\/div><\/div><\/div><\/div>\n<\/div><\/div><\/div><\/div><\/div><\/div>\n\n\n\n<p><\/p>\n","protected":false},"excerpt":{"rendered":"<p>El Instituto de Educaci\u00f3n Superior N\u00ba28 &#8211; Olga Cossettini desarrolla a trav\u00e9s de sus distintos departamentos m\u00faltiples actividades de desarrollo profesional y formaci\u00f3n permanente, que&hellip;<\/p>\n","protected":false},"author":1,"featured_media":0,"parent":0,"menu_order":0,"comment_status":"closed","ping_status":"closed","template":"","meta":{"footnotes":""},"class_list":["post-77","page","type-page","status-publish","hentry"],"featured_image_urls_v2":{"full":"","thumbnail":"","medium":"","medium_large":"","large":"","1536x1536":"","2048x2048":"","trp-custom-language-flag":""},"post_excerpt_stackable_v2":"<p>El Instituto de Educaci\u00f3n Superior N\u00ba28 &#8211; Olga Cossettini desarrolla a trav\u00e9s de sus distintos departamentos m\u00faltiples actividades de desarrollo profesional y formaci\u00f3n permanente, que incluyen entre otros, cursos cortos (presenciales y en l\u00ednea), talleres, seminarios, jornadas, charlas y conferencias. CURSOS Oferta de cursos Consultar los cursos disponibles ADSCRIPCIONES, CURSADO DE MATERIAS COMO PERFECCIONAMIENTO Y AYUDANTE ALUMNO Adscripciones Las Adscripciones representan un espacio en el que se integran la formaci\u00f3n docente inicial con la formaci\u00f3n de posgrado. En este sentido enfatizan el rol del Instituto como un centro para la formaci\u00f3n continua de los graduados, a trav\u00e9s del perfeccionamiento, la&hellip;<\/p>\n","category_list_v2":"","author_info_v2":{"name":"Administrador","url":"https:\/\/iesoc.edu.ar\/virtual\/author\/admin\/"},"comments_num_v2":"0 comments","featured_image_src":null,"jetpack_sharing_enabled":true,"_links":{"self":[{"href":"https:\/\/iesoc.edu.ar\/virtual\/wp-json\/wp\/v2\/pages\/77","targetHints":{"allow":["GET"]}}],"collection":[{"href":"https:\/\/iesoc.edu.ar\/virtual\/wp-json\/wp\/v2\/pages"}],"about":[{"href":"https:\/\/iesoc.edu.ar\/virtual\/wp-json\/wp\/v2\/types\/page"}],"author":[{"embeddable":true,"href":"https:\/\/iesoc.edu.ar\/virtual\/wp-json\/wp\/v2\/users\/1"}],"replies":[{"embeddable":true,"href":"https:\/\/iesoc.edu.ar\/virtual\/wp-json\/wp\/v2\/comments?post=77"}],"version-history":[{"count":73,"href":"https:\/\/iesoc.edu.ar\/virtual\/wp-json\/wp\/v2\/pages\/77\/revisions"}],"predecessor-version":[{"id":2774,"href":"https:\/\/iesoc.edu.ar\/virtual\/wp-json\/wp\/v2\/pages\/77\/revisions\/2774"}],"wp:attachment":[{"href":"https:\/\/iesoc.edu.ar\/virtual\/wp-json\/wp\/v2\/media?parent=77"}],"curies":[{"name":"wp","href":"https:\/\/api.w.org\/{rel}","templated":true}]}}